{"id":7368,"date":"2025-06-20T17:22:14","date_gmt":"2025-06-20T21:22:14","guid":{"rendered":"https:\/\/www.multicasa.com.br\/inicio\/?post_type=product&#038;p=7368"},"modified":"2025-12-16T18:49:09","modified_gmt":"2025-12-16T22:49:09","slug":"tela-para-grelha-de-churrasqueira-uny-home-40x30cm","status":"publish","type":"product","link":"https:\/\/www.multicasa.com.br\/inicio\/produto\/tela-para-grelha-de-churrasqueira-uny-home-40x30cm\/","title":{"rendered":"Tela para Grelha de Churrasqueira Uny Home 40x30cm"},"content":{"rendered":"<p>Pr\u00e1tico e eficiente, a Tela para Grelha de Churrasqueira Uny Home \u00e9 ideal para auxiliar no preparo de legumes, peixes, frangos e bifes na churrasqueira. Suporta at\u00e9 230\u00b0C, para usar basta colocar a tela para grill em cima da sua grelha e, em seguida, os alimentos que deseja preparar. Se preciso, voc\u00ea pode cort\u00e1-la para adaptar o tamanho. Aten\u00e7\u00e3o: n\u00e3o coloque o utens\u00edlio diretamente sobre o fogo.<\/p>\n","protected":false},"excerpt":{"rendered":"<h4 style=\"margin: 0px;padding: 0px 0px 16px;font-family: Lato, sans-serif;font-weight: bold;line-height: 3rem;color: var(--dark-grey3);font-size: 22px;font-style: normal;letter-spacing: normal;text-align: start;text-indent: 0px;text-transform: none\">Informa\u00e7\u00f5es t\u00e9cnicas<\/h4>\n<p><span style=\"margin: 0px;padding: 0px;font-weight: 450;font-size: 14px;line-height: 21px;color: var(--dark-grey2);font-family: Lato, sans-serif;font-style: normal;letter-spacing: normal;text-align: start;text-indent: 0px;text-transform: none\">Produto: Tela para grelha de churrasqueira<br \/>\nMarca: Uny Home<br \/>\nMaterial: Teflon<br \/>\nCor: Preto<br \/>\nCaracter\u00edsticas: Pode ser cortado para adaptar ao tamanho da grelha<br \/>\nAuxilia no preparo de alimentos<br \/>\nItens Inclusos: 1 tela para tela grill<br \/>\nDimens\u00f5es do produto (A x L ): 40 x 30cm<\/span><\/p>\n","protected":false},"featured_media":26078,"template":"","meta":{"_joinchat":[]},"product_brand":[],"product_cat":[136],"product_tag":[],"class_list":{"0":"post-7368","1":"product","2":"type-product","3":"status-publish","4":"has-post-thumbnail","6":"product_cat-lazer","8":"first","9":"outofstock","10":"shipping-taxable","11":"purchasable","12":"product-type-simple"},"_links":{"self":[{"href":"https:\/\/www.multicasa.com.br\/inicio\/wp-json\/wp\/v2\/product\/7368","targetHints":{"allow":["GET"]}}],"collection":[{"href":"https:\/\/www.multicasa.com.br\/inicio\/wp-json\/wp\/v2\/product"}],"about":[{"href":"https:\/\/www.multicasa.com.br\/inicio\/wp-json\/wp\/v2\/types\/product"}],"wp:featuredmedia":[{"embeddable":true,"href":"https:\/\/www.multicasa.com.br\/inicio\/wp-json\/wp\/v2\/media\/26078"}],"wp:attachment":[{"href":"https:\/\/www.multicasa.com.br\/inicio\/wp-json\/wp\/v2\/media?parent=7368"}],"wp:term":[{"taxonomy":"product_brand","embeddable":true,"href":"https:\/\/www.multicasa.com.br\/inicio\/wp-json\/wp\/v2\/product_brand?post=7368"},{"taxonomy":"product_cat","embeddable":true,"href":"https:\/\/www.multicasa.com.br\/inicio\/wp-json\/wp\/v2\/product_cat?post=7368"},{"taxonomy":"product_tag","embeddable":true,"href":"https:\/\/www.multicasa.com.br\/inicio\/wp-json\/wp\/v2\/product_tag?post=7368"}],"curies":[{"name":"wp","href":"https:\/\/api.w.org\/{rel}","templated":true}]}}