{"id":7419,"date":"2025-06-20T17:22:38","date_gmt":"2025-06-20T21:22:38","guid":{"rendered":"https:\/\/www.multicasa.com.br\/inicio\/?post_type=product&#038;p=7419"},"modified":"2026-02-27T10:50:33","modified_gmt":"2026-02-27T14:50:33","slug":"marreta-de-1kg-com-cabo-vonder","status":"publish","type":"product","link":"https:\/\/www.multicasa.com.br\/inicio\/produto\/marreta-de-1kg-com-cabo-vonder\/","title":{"rendered":"Marreta de 1kg com Cabo Vonder"},"content":{"rendered":"<p>Marreta com Cabo de madeira envernizado, pesa 1 kg, Vonder. De a\u00e7o forjado e perfil oitavado, \u00e9 indicada para trabalhos em constru\u00e7\u00e3o civil. Suas dimens\u00f5es s\u00e3o de 28 x 9,5 x 4 cm. Proporciona maior resist\u00eancia e durabilidade. <\/p>\n","protected":false},"excerpt":{"rendered":"<h4 style=\"margin: 0px;padding: 0px 0px 16px;font-family: Lato, sans-serif;font-weight: bold;line-height: 3rem;color: var(--dark-grey3);font-size: 22px;font-style: normal;letter-spacing: normal;text-align: start;text-indent: 0px;text-transform: none\">Informa\u00e7\u00f5es t\u00e9cnicas<\/h4>\n<p><span style=\"margin: 0px;padding: 0px;font-weight: 450;font-size: 14px;line-height: 21px;color: var(--dark-grey2);font-family: Lato, sans-serif;font-style: normal;letter-spacing: normal;text-align: start;text-indent: 0px;text-transform: none\">Produto: Marreta<br \/>\nTipo: Oitavada<br \/>\nMarca: Vonder<br \/>\nMaterial: A\u00e7o forjado<br \/>\nMadeira<br \/>\nCor: Preto<br \/>\nItens Inclusos: 1 marreta<br \/>\nDimens\u00f5es do produto (A x L x P): 28 x 9,5 x 4cm<br \/>\nPeso do produto: 1kg<br \/>\n<\/span><\/p>\n","protected":false},"featured_media":7475,"template":"","meta":{"_joinchat":[]},"product_brand":[],"product_cat":[137],"product_tag":[],"class_list":{"0":"post-7419","1":"product","2":"type-product","3":"status-publish","4":"has-post-thumbnail","6":"product_cat-ferramentas-manuais","8":"first","9":"instock","10":"shipping-taxable","11":"purchasable","12":"product-type-simple"},"_links":{"self":[{"href":"https:\/\/www.multicasa.com.br\/inicio\/wp-json\/wp\/v2\/product\/7419","targetHints":{"allow":["GET"]}}],"collection":[{"href":"https:\/\/www.multicasa.com.br\/inicio\/wp-json\/wp\/v2\/product"}],"about":[{"href":"https:\/\/www.multicasa.com.br\/inicio\/wp-json\/wp\/v2\/types\/product"}],"wp:featuredmedia":[{"embeddable":true,"href":"https:\/\/www.multicasa.com.br\/inicio\/wp-json\/wp\/v2\/media\/7475"}],"wp:attachment":[{"href":"https:\/\/www.multicasa.com.br\/inicio\/wp-json\/wp\/v2\/media?parent=7419"}],"wp:term":[{"taxonomy":"product_brand","embeddable":true,"href":"https:\/\/www.multicasa.com.br\/inicio\/wp-json\/wp\/v2\/product_brand?post=7419"},{"taxonomy":"product_cat","embeddable":true,"href":"https:\/\/www.multicasa.com.br\/inicio\/wp-json\/wp\/v2\/product_cat?post=7419"},{"taxonomy":"product_tag","embeddable":true,"href":"https:\/\/www.multicasa.com.br\/inicio\/wp-json\/wp\/v2\/product_tag?post=7419"}],"curies":[{"name":"wp","href":"https:\/\/api.w.org\/{rel}","templated":true}]}}