{"id":7422,"date":"2025-06-20T17:22:38","date_gmt":"2025-06-20T21:22:38","guid":{"rendered":"https:\/\/www.multicasa.com.br\/inicio\/?post_type=product&#038;p=7422"},"modified":"2025-06-20T17:23:13","modified_gmt":"2025-06-20T21:23:13","slug":"martelo-unha-20mm-excellent","status":"publish","type":"product","link":"https:\/\/www.multicasa.com.br\/inicio\/produto\/martelo-unha-20mm-excellent\/","title":{"rendered":"Martelo Unha 20mm Excellent"},"content":{"rendered":"<p>O Martelo Unha Excellent tem 20mm de di\u00e2metro, cabo emborrachado e cabe\u00e7a de a\u00e7o. Seu uso \u00e9 indicado para servi\u00e7os leves e delicados, como fixa\u00e7\u00e3o de pregos. Tenha mais destreza utilizando a ferramenta correta para cada tipo de servi\u00e7o.<\/p>\n","protected":false},"excerpt":{"rendered":"<h4 style=\"margin: 0px;padding: 0px 0px 16px;font-family: Lato, sans-serif;font-weight: bold;line-height: 3rem;color: var(--dark-grey3);font-size: 22px;font-style: normal;letter-spacing: normal;text-align: start;text-indent: 0px;text-transform: none\">Informa\u00e7\u00f5es t\u00e9cnicas<\/h4>\n<p><span style=\"margin: 0px;padding: 0px;font-weight: 450;font-size: 14px;line-height: 21px;color: var(--dark-grey2);font-family: Lato, sans-serif;font-style: normal;letter-spacing: normal;text-align: start;text-indent: 0px;text-transform: none\">Produto: Martelo<br \/>\nTipo: Unha<br \/>\nMarca: Excellent<br \/>\nMaterial: A\u00e7o<br \/>\nBorracha<br \/>\nCor: Prata e preto<br \/>\nItens Inclusos: 1 martelo<br \/>\nDi\u00e2metro do produto: 20mm<\/span><\/p>\n","protected":false},"featured_media":7478,"template":"","meta":{"_joinchat":[]},"product_brand":[],"product_cat":[137],"product_tag":[],"class_list":{"0":"post-7422","1":"product","2":"type-product","3":"status-publish","4":"has-post-thumbnail","6":"product_cat-ferramentas-manuais","8":"first","9":"outofstock","10":"shipping-taxable","11":"product-type-simple"},"_links":{"self":[{"href":"https:\/\/www.multicasa.com.br\/inicio\/wp-json\/wp\/v2\/product\/7422","targetHints":{"allow":["GET"]}}],"collection":[{"href":"https:\/\/www.multicasa.com.br\/inicio\/wp-json\/wp\/v2\/product"}],"about":[{"href":"https:\/\/www.multicasa.com.br\/inicio\/wp-json\/wp\/v2\/types\/product"}],"wp:featuredmedia":[{"embeddable":true,"href":"https:\/\/www.multicasa.com.br\/inicio\/wp-json\/wp\/v2\/media\/7478"}],"wp:attachment":[{"href":"https:\/\/www.multicasa.com.br\/inicio\/wp-json\/wp\/v2\/media?parent=7422"}],"wp:term":[{"taxonomy":"product_brand","embeddable":true,"href":"https:\/\/www.multicasa.com.br\/inicio\/wp-json\/wp\/v2\/product_brand?post=7422"},{"taxonomy":"product_cat","embeddable":true,"href":"https:\/\/www.multicasa.com.br\/inicio\/wp-json\/wp\/v2\/product_cat?post=7422"},{"taxonomy":"product_tag","embeddable":true,"href":"https:\/\/www.multicasa.com.br\/inicio\/wp-json\/wp\/v2\/product_tag?post=7422"}],"curies":[{"name":"wp","href":"https:\/\/api.w.org\/{rel}","templated":true}]}}