{"id":7424,"date":"2025-06-20T17:22:38","date_gmt":"2025-06-20T21:22:38","guid":{"rendered":"https:\/\/www.multicasa.com.br\/inicio\/?post_type=product&#038;p=7424"},"modified":"2026-04-09T16:30:21","modified_gmt":"2026-04-09T20:30:21","slug":"mini-adaptador-conversor-hdmi-x-rca-x-cell","status":"publish","type":"product","link":"https:\/\/www.multicasa.com.br\/inicio\/produto\/mini-adaptador-conversor-hdmi-x-rca-x-cell\/","title":{"rendered":"Mini Adaptador Conversor HDMI x RCA X-Cell"},"content":{"rendered":"<p>Use o Mini Adaptador Conversor HDMI x RCA para conectar seus aparelhos com sa\u00edda HDMI em sua TV que n\u00e3o possui esta porta. Capaz de converter qualquer sinal HDMI para padr\u00e3o AV (\u00e1udio e v\u00eddeo), geralmente utilizado em televisores com entrada de v\u00eddeo no conector redondo amarelo e \u00e1udio stereo (conectores LR, canal esquerdo e direito ? vermelho e branco). Funciona utilizando uma entrada USB como fonte de energia e suporta resolu\u00e7\u00e3o de at\u00e9 1080p. Com entrada e sa\u00edda de v\u00eddeo anal\u00f3gico com resolu\u00e7\u00e3o de 480i NTSC ou 576i PAL, n\u00e3o deve ser usado invertido. Possui entrada HDMI f\u00eamea e sa\u00edda 3 RCA e cabo USB incluso.<\/p>\n","protected":false},"excerpt":{"rendered":"<h4 style=\"margin: 0px;padding: 0px 0px 16px;font-family: Lato, sans-serif;font-weight: bold;line-height: 3rem;color: var(--dark-grey3);font-size: 22px;font-style: normal;letter-spacing: normal;text-align: start;text-indent: 0px;text-transform: none\">Informa\u00e7\u00f5es t\u00e9cnicas<\/h4>\n<p><span style=\"margin: 0px;padding: 0px;font-weight: 450;font-size: 14px;line-height: 21px;color: var(--dark-grey2);font-family: Lato, sans-serif;font-style: normal;letter-spacing: normal;text-align: start;text-indent: 0px;text-transform: none\">Produto: Mini Adaptador Conversor<br \/>\nTipo: HDMI x RCA<br \/>\nMarca: X-Cell<br \/>\nCor: Branco<br \/>\nCaracter\u00edsticas: Resolu\u00e7\u00e3o de at\u00e9 1080p, Entrada e sa\u00edda de v\u00eddeo anal\u00f3gico com resolu\u00e7\u00e3o de 480i<br \/>\nQuantidade de Pe\u00e7as: 2<br \/>\nItens inclusos: 1 mini adaptador conversor e 1 cabo USB<br \/>\nDimens\u00f5es do Produto (A X L X P): 15 x 4 x 8cm<\/span><\/p>\n","protected":false},"featured_media":27390,"template":"","meta":{"_joinchat":[]},"product_brand":[],"product_cat":[130],"product_tag":[],"class_list":{"0":"post-7424","1":"product","2":"type-product","3":"status-publish","4":"has-post-thumbnail","6":"product_cat-informatica","8":"first","9":"outofstock","10":"shipping-taxable","11":"purchasable","12":"product-type-simple"},"_links":{"self":[{"href":"https:\/\/www.multicasa.com.br\/inicio\/wp-json\/wp\/v2\/product\/7424","targetHints":{"allow":["GET"]}}],"collection":[{"href":"https:\/\/www.multicasa.com.br\/inicio\/wp-json\/wp\/v2\/product"}],"about":[{"href":"https:\/\/www.multicasa.com.br\/inicio\/wp-json\/wp\/v2\/types\/product"}],"wp:featuredmedia":[{"embeddable":true,"href":"https:\/\/www.multicasa.com.br\/inicio\/wp-json\/wp\/v2\/media\/27390"}],"wp:attachment":[{"href":"https:\/\/www.multicasa.com.br\/inicio\/wp-json\/wp\/v2\/media?parent=7424"}],"wp:term":[{"taxonomy":"product_brand","embeddable":true,"href":"https:\/\/www.multicasa.com.br\/inicio\/wp-json\/wp\/v2\/product_brand?post=7424"},{"taxonomy":"product_cat","embeddable":true,"href":"https:\/\/www.multicasa.com.br\/inicio\/wp-json\/wp\/v2\/product_cat?post=7424"},{"taxonomy":"product_tag","embeddable":true,"href":"https:\/\/www.multicasa.com.br\/inicio\/wp-json\/wp\/v2\/product_tag?post=7424"}],"curies":[{"name":"wp","href":"https:\/\/api.w.org\/{rel}","templated":true}]}}