{"id":7427,"date":"2025-06-20T17:22:39","date_gmt":"2025-06-20T21:22:39","guid":{"rendered":"https:\/\/www.multicasa.com.br\/inicio\/?post_type=product&#038;p=7427"},"modified":"2025-06-20T17:23:17","modified_gmt":"2025-06-20T21:23:17","slug":"mini-switch-com-8-portas-100mbps-preto-multilaser","status":"publish","type":"product","link":"https:\/\/www.multicasa.com.br\/inicio\/produto\/mini-switch-com-8-portas-100mbps-preto-multilaser\/","title":{"rendered":"Mini Switch com 8 Portas 100mbps Preto Multilaser"},"content":{"rendered":"<p>O Mini Switch 100mbps Preto da Multilaser tem 8 Portas e \u00e9 ideal para conectar roteadores ou computadores no switch por meio de um cabo RJ45, e ter dispon\u00edvel m\u00faltiplas redes.<br \/>\nPossui indicadores led nas portas, mdi \/ mdx autom\u00e1tico para que conecte outro switch ou hub sem cruzamento de rede, e conex\u00e3o plug &amp; play (wireless), onde basta conectar para come\u00e7ar a utilizar.<\/p>\n","protected":false},"excerpt":{"rendered":"<h4 style=\"margin: 0px;padding: 0px 0px 16px;font-family: Lato, sans-serif;font-weight: bold;line-height: 3rem;color: var(--dark-grey3);font-size: 22px;font-style: normal;letter-spacing: normal;text-align: start;text-indent: 0px;text-transform: none\">Informa\u00e7\u00f5es t\u00e9cnicas<\/h4>\n<p><span style=\"margin: 0px;padding: 0px;font-weight: 450;font-size: 14px;line-height: 21px;color: var(--dark-grey2);font-family: Lato, sans-serif;font-style: normal;letter-spacing: normal;text-align: start;text-indent: 0px;text-transform: none\">Produto: Mini Switch<br \/>\nMarca: Multilaser<br \/>\nMaterial: Case de pl\u00e1stico<br \/>\nCor: Preto<br \/>\nCaracter\u00edsticas: DC 5V0.6A<br \/>\nIEEE802.3, IEEE802.3U<br \/>\nRJ45<br \/>\nPlug &amp; play<br \/>\n8 portas<br \/>\nMDI . MDX autom\u00e1tico &#8211; conecte outro switch ou hub, sem cruzamento de rede<br \/>\nWindows XP 32\/64bit e superiores, linux e MAC os<br \/>\nCertificado pelo Anatel<br \/>\nIndicador de led nas portas<br \/>\nItens Inclusos: 1 mini Switch<br \/>\nDimens\u00f5es do produto (A X L X P): 2,5 x 13 x 6cm<br \/>\n<\/span><\/p>\n","protected":false},"featured_media":7483,"template":"","meta":{"_joinchat":[]},"product_brand":[],"product_cat":[130],"product_tag":[],"class_list":{"0":"post-7427","1":"product","2":"type-product","3":"status-publish","4":"has-post-thumbnail","6":"product_cat-informatica","8":"first","9":"outofstock","10":"shipping-taxable","11":"product-type-simple"},"_links":{"self":[{"href":"https:\/\/www.multicasa.com.br\/inicio\/wp-json\/wp\/v2\/product\/7427","targetHints":{"allow":["GET"]}}],"collection":[{"href":"https:\/\/www.multicasa.com.br\/inicio\/wp-json\/wp\/v2\/product"}],"about":[{"href":"https:\/\/www.multicasa.com.br\/inicio\/wp-json\/wp\/v2\/types\/product"}],"wp:featuredmedia":[{"embeddable":true,"href":"https:\/\/www.multicasa.com.br\/inicio\/wp-json\/wp\/v2\/media\/7483"}],"wp:attachment":[{"href":"https:\/\/www.multicasa.com.br\/inicio\/wp-json\/wp\/v2\/media?parent=7427"}],"wp:term":[{"taxonomy":"product_brand","embeddable":true,"href":"https:\/\/www.multicasa.com.br\/inicio\/wp-json\/wp\/v2\/product_brand?post=7427"},{"taxonomy":"product_cat","embeddable":true,"href":"https:\/\/www.multicasa.com.br\/inicio\/wp-json\/wp\/v2\/product_cat?post=7427"},{"taxonomy":"product_tag","embeddable":true,"href":"https:\/\/www.multicasa.com.br\/inicio\/wp-json\/wp\/v2\/product_tag?post=7427"}],"curies":[{"name":"wp","href":"https:\/\/api.w.org\/{rel}","templated":true}]}}