{"id":7428,"date":"2025-06-20T17:22:39","date_gmt":"2025-06-20T21:22:39","guid":{"rendered":"https:\/\/www.multicasa.com.br\/inicio\/?post_type=product&#038;p=7428"},"modified":"2026-03-19T10:00:26","modified_gmt":"2026-03-19T14:00:26","slug":"mixer-3-em-1-black-decker-mk600-preto-600w-127v","status":"publish","type":"product","link":"https:\/\/www.multicasa.com.br\/inicio\/produto\/mixer-3-em-1-black-decker-mk600-preto-600w-127v\/","title":{"rendered":"Mixer 3 em 1 Black + Decker MK600 Preto 600w &#8211; 127v"},"content":{"rendered":"<p>Compre Mixer 3 em 1 da Black + Decker MK600 e prepare suas receitas com mais praticidade na correria do dia-a-dia. O kit \u00e9 composto por 1 mixer vertical em inox com 600w de pot\u00eancia e 2 velocidades, 1 mini processador que permite o corte e tritura\u00e7\u00e3o de alimentos com facilidade, 1 batedor de claras e 1 copo medidor em pl\u00e1stico com capacidade de 700ml. Compacto, com design moderno e material de extrema qualidade, garante ergonomia no uso de qualquer uma das 3 fun\u00e7\u00f5es e suas 4 l\u00e2minas garantem um \u00f3timo desempenho no preparo qualquer tipo de receita. Ideal para quem tem pouco espa\u00e7o ou quer equipar a cozinha para agilizar a hora da refei\u00e7\u00e3o. <\/p>\n","protected":false},"excerpt":{"rendered":"<h4 style=\"margin: 0px;padding: 0px 0px 16px;font-family: Lato, sans-serif;font-weight: bold;line-height: 3rem;color: var(--dark-grey3);font-size: 22px;font-style: normal;letter-spacing: normal;text-align: start;text-indent: 0px;text-transform: none\">Informa\u00e7\u00f5es t\u00e9cnicas<\/h4>\n<p><span style=\"margin: 0px;padding: 0px;font-weight: 450;font-size: 14px;line-height: 21px;color: var(--dark-grey2);font-family: Lato, sans-serif;font-style: normal;letter-spacing: normal;text-align: start;text-indent: 0px;text-transform: none\">Produto: Mixer Vertical El\u00e9trico<br \/>\nMarca: Black + Decker<br \/>\nMaterial: Pl\u00e1stico; inox<br \/>\nCor: Preto; prata; transparente<br \/>\nPot\u00eancia: 600w<br \/>\nTens\u00e3o el\u00e9trica: 127v<br \/>\nConsumo: 0,012kwh<br \/>\nCapacidade: 700ml<br \/>\nCaracter\u00edsticas: 2 velocidades; 3 em 1; mini processador; copo medidor de 700ml com anel antiderrapante; batedor de claras; haste em inox desmont\u00e1vel; evita respingos; suporte de arede; 4 l\u00e2minas; velocidade ajust\u00e1vel; frequ\u00eancia 60Hz<br \/>\nItens Inclusos: 1 mixer vertical El\u00e9trico; 1 Copo medidor; 1 batedor de claras; 1 suporte de parede; 1 mini processador<br \/>\nDimens\u00f5es do produto (C): 1,6m comprimento do cabo<br \/>\nGarantia: 1 ano<br \/>\nOCP: 0029<\/span><\/p>\n","protected":false},"featured_media":7485,"template":"","meta":{"_joinchat":[]},"product_brand":[],"product_cat":[100],"product_tag":[],"class_list":{"0":"post-7428","1":"product","2":"type-product","3":"status-publish","4":"has-post-thumbnail","6":"product_cat-eletros","8":"first","9":"outofstock","10":"shipping-taxable","11":"purchasable","12":"product-type-simple"},"_links":{"self":[{"href":"https:\/\/www.multicasa.com.br\/inicio\/wp-json\/wp\/v2\/product\/7428","targetHints":{"allow":["GET"]}}],"collection":[{"href":"https:\/\/www.multicasa.com.br\/inicio\/wp-json\/wp\/v2\/product"}],"about":[{"href":"https:\/\/www.multicasa.com.br\/inicio\/wp-json\/wp\/v2\/types\/product"}],"wp:featuredmedia":[{"embeddable":true,"href":"https:\/\/www.multicasa.com.br\/inicio\/wp-json\/wp\/v2\/media\/7485"}],"wp:attachment":[{"href":"https:\/\/www.multicasa.com.br\/inicio\/wp-json\/wp\/v2\/media?parent=7428"}],"wp:term":[{"taxonomy":"product_brand","embeddable":true,"href":"https:\/\/www.multicasa.com.br\/inicio\/wp-json\/wp\/v2\/product_brand?post=7428"},{"taxonomy":"product_cat","embeddable":true,"href":"https:\/\/www.multicasa.com.br\/inicio\/wp-json\/wp\/v2\/product_cat?post=7428"},{"taxonomy":"product_tag","embeddable":true,"href":"https:\/\/www.multicasa.com.br\/inicio\/wp-json\/wp\/v2\/product_tag?post=7428"}],"curies":[{"name":"wp","href":"https:\/\/api.w.org\/{rel}","templated":true}]}}