{"id":7455,"date":"2025-06-20T17:23:01","date_gmt":"2025-06-20T21:23:01","guid":{"rendered":"https:\/\/www.multicasa.com.br\/inicio\/?post_type=product&#038;p=7455"},"modified":"2026-04-02T11:02:33","modified_gmt":"2026-04-02T15:02:33","slug":"mixer-vertical-black-decker-speedy-mix-preto-300w-127v","status":"publish","type":"product","link":"https:\/\/www.multicasa.com.br\/inicio\/produto\/mixer-vertical-black-decker-speedy-mix-preto-300w-127v\/","title":{"rendered":"Mixer Vertical Black + Decker Speedy Mix Preto 300w &#8211; 127v"},"content":{"rendered":"<p>Tenha mais agilidade na cozinha com produtos que otimizam seu tempo no preparo das refei\u00e7\u00f5es. O Mixer Vertical da Black + Decker tem pot\u00eancia de 300w, 2 velocidades e bot\u00e3o de pulsa que auxilia no controle do preparo. Com design moderno \u00e9 feito em pl\u00e1stico e a\u00e7o inox, tem al\u00e7a de pendurar que permite guard\u00e1-lo de maneira que deixa sua cozinha organizada, al\u00e9m de garantir que seu dia-a-dia seja mais pr\u00e1tico porque prepara sucos, vitaminas e outros tipos de receitas com agilidade e rapidez. F\u00e1cil de usar, o mixer Black and Decker \u00e9 leve, tem pega ergon\u00f4mica e vem acompanhado de um copo medidor de 500ml.<\/p>\n","protected":false},"excerpt":{"rendered":"<h4 style=\"margin: 0px;padding: 0px 0px 16px;font-family: Lato, sans-serif;font-weight: bold;line-height: 3rem;color: var(--dark-grey3);font-size: 22px;font-style: normal;letter-spacing: normal;text-align: start;text-indent: 0px;text-transform: none\">Informa\u00e7\u00f5es t\u00e9cnicas<\/h4>\n<p><span style=\"margin: 0px;padding: 0px;font-weight: 450;font-size: 14px;line-height: 21px;color: var(--dark-grey2);font-family: Lato, sans-serif;font-style: normal;letter-spacing: normal;text-align: start;text-indent: 0px;text-transform: none\">Produto: Mixer Vertical El\u00e9trico<br \/>\nMarca: Black + Decker<br \/>\nMaterial: Pl\u00e1stico; inox<br \/>\nCor: Preto; prata<br \/>\nPot\u00eancia: 300w<br \/>\nTens\u00e3o el\u00e9trica: 127v<br \/>\nConsumo: 0,06kwh<br \/>\nCapacidade: 500ml<br \/>\nCaracter\u00edsticas: Possui fun\u00e7\u00e3o turbo; 2 velocidade; leve; haste integrada; com copo medidor; com al\u00e7a de pendurar; frequ\u00eancia 60Hz.<br \/>\nItens Inclusos: 1 mixer vertical El\u00e9trico; 1 Copo medidor<br \/>\nDimens\u00f5es do produto (C): 1,15m comprimento do cabo<br \/>\nGarantia: 1 ano<br \/>\nOCP: 0040<\/span><\/p>\n","protected":false},"featured_media":7489,"template":"","meta":{"_joinchat":[]},"product_brand":[],"product_cat":[100],"product_tag":[],"class_list":{"0":"post-7455","1":"product","2":"type-product","3":"status-publish","4":"has-post-thumbnail","6":"product_cat-eletros","8":"first","9":"instock","10":"shipping-taxable","11":"purchasable","12":"product-type-simple"},"_links":{"self":[{"href":"https:\/\/www.multicasa.com.br\/inicio\/wp-json\/wp\/v2\/product\/7455","targetHints":{"allow":["GET"]}}],"collection":[{"href":"https:\/\/www.multicasa.com.br\/inicio\/wp-json\/wp\/v2\/product"}],"about":[{"href":"https:\/\/www.multicasa.com.br\/inicio\/wp-json\/wp\/v2\/types\/product"}],"wp:featuredmedia":[{"embeddable":true,"href":"https:\/\/www.multicasa.com.br\/inicio\/wp-json\/wp\/v2\/media\/7489"}],"wp:attachment":[{"href":"https:\/\/www.multicasa.com.br\/inicio\/wp-json\/wp\/v2\/media?parent=7455"}],"wp:term":[{"taxonomy":"product_brand","embeddable":true,"href":"https:\/\/www.multicasa.com.br\/inicio\/wp-json\/wp\/v2\/product_brand?post=7455"},{"taxonomy":"product_cat","embeddable":true,"href":"https:\/\/www.multicasa.com.br\/inicio\/wp-json\/wp\/v2\/product_cat?post=7455"},{"taxonomy":"product_tag","embeddable":true,"href":"https:\/\/www.multicasa.com.br\/inicio\/wp-json\/wp\/v2\/product_tag?post=7455"}],"curies":[{"name":"wp","href":"https:\/\/api.w.org\/{rel}","templated":true}]}}