{"id":7458,"date":"2025-06-20T17:23:01","date_gmt":"2025-06-20T21:23:01","guid":{"rendered":"https:\/\/www.multicasa.com.br\/inicio\/?post_type=product&#038;p=7458"},"modified":"2025-06-20T17:23:30","modified_gmt":"2025-06-20T21:23:30","slug":"parafuso-de-aco-cabeca-chata-para-madeira-28x16mm-bemfixa-20-unidades","status":"publish","type":"product","link":"https:\/\/www.multicasa.com.br\/inicio\/produto\/parafuso-de-aco-cabeca-chata-para-madeira-28x16mm-bemfixa-20-unidades\/","title":{"rendered":"Parafuso de A\u00e7o Cabe\u00e7a Chata para Madeira 2,8x16mm Bemfixa 20 Unidades"},"content":{"rendered":"<p>Parafusos Bemfixa produzidos em a\u00e7o com cabeca chata com encaixe para chave de fenda simples, indicados para trabalhos em madeira e fixa\u00e7\u00e3o de fechaduras, dobradi\u00e7as entre outros. Prafuso com dimens\u00f5es de 2,8 x 16 mm e embalagem com 20 unidades.<\/p>\n","protected":false},"excerpt":{"rendered":"<h4 style=\"margin: 0px;padding: 0px 0px 16px;font-family: Lato, sans-serif;font-weight: bold;line-height: 3rem;color: var(--dark-grey3);font-size: 22px;font-style: normal;letter-spacing: normal;text-align: start;text-indent: 0px;text-transform: none\">Informa\u00e7\u00f5es t\u00e9cnicas<\/h4>\n<p><span style=\"margin: 0px;padding: 0px;font-weight: 450;font-size: 14px;line-height: 21px;color: var(--dark-grey2);font-family: Lato, sans-serif;font-style: normal;letter-spacing: normal;text-align: start;text-indent: 0px;text-transform: none\">Produto: Parafuso<br \/>\nMarca: Bemfixa<br \/>\nMaterial: A\u00e7o<br \/>\nCor: Prata<br \/>\nCaracter\u00edsticas: Cabe\u00e7a chata<br \/>\nEncaixe fenda<br \/>\nItens inclusos: 20 Parafusos<br \/>\nDimens\u00f5es do produto (A X L): 16 x 2,8mm<br \/>\n<\/span><\/p>\n","protected":false},"featured_media":7512,"template":"","meta":{"_joinchat":[]},"product_brand":[],"product_cat":[135],"product_tag":[],"class_list":{"0":"post-7458","1":"product","2":"type-product","3":"status-publish","4":"has-post-thumbnail","6":"product_cat-parafusos-e-buchas","8":"first","9":"outofstock","10":"shipping-taxable","11":"product-type-simple"},"_links":{"self":[{"href":"https:\/\/www.multicasa.com.br\/inicio\/wp-json\/wp\/v2\/product\/7458","targetHints":{"allow":["GET"]}}],"collection":[{"href":"https:\/\/www.multicasa.com.br\/inicio\/wp-json\/wp\/v2\/product"}],"about":[{"href":"https:\/\/www.multicasa.com.br\/inicio\/wp-json\/wp\/v2\/types\/product"}],"wp:featuredmedia":[{"embeddable":true,"href":"https:\/\/www.multicasa.com.br\/inicio\/wp-json\/wp\/v2\/media\/7512"}],"wp:attachment":[{"href":"https:\/\/www.multicasa.com.br\/inicio\/wp-json\/wp\/v2\/media?parent=7458"}],"wp:term":[{"taxonomy":"product_brand","embeddable":true,"href":"https:\/\/www.multicasa.com.br\/inicio\/wp-json\/wp\/v2\/product_brand?post=7458"},{"taxonomy":"product_cat","embeddable":true,"href":"https:\/\/www.multicasa.com.br\/inicio\/wp-json\/wp\/v2\/product_cat?post=7458"},{"taxonomy":"product_tag","embeddable":true,"href":"https:\/\/www.multicasa.com.br\/inicio\/wp-json\/wp\/v2\/product_tag?post=7458"}],"curies":[{"name":"wp","href":"https:\/\/api.w.org\/{rel}","templated":true}]}}