{"id":7459,"date":"2025-06-20T17:23:01","date_gmt":"2025-06-20T21:23:01","guid":{"rendered":"https:\/\/www.multicasa.com.br\/inicio\/?post_type=product&#038;p=7459"},"modified":"2025-12-16T18:14:07","modified_gmt":"2025-12-16T22:14:07","slug":"parafuso-rosca-maquina-com-porca-e-arruela-5-32x1-1-2-bemfixa-5-unidades","status":"publish","type":"product","link":"https:\/\/www.multicasa.com.br\/inicio\/produto\/parafuso-rosca-maquina-com-porca-e-arruela-5-32x1-1-2-bemfixa-5-unidades\/","title":{"rendered":"Parafuso Rosca M\u00e1quina com Porca e Arruela 5\/32&#8243;x1.1\/2&#8243; Bemfixa 5 Unidades"},"content":{"rendered":"<p>Parafuso Rosca M\u00e1quina Bemfixa, indicado para uni\u00e3o de pecas, perfis ou chapas met\u00e1licas. Confeccionado em a\u00e7o, com cabe\u00e7a redonda e fenda. Possui tamanho de 5\/32&#8243; x 1.1\/2&#8243; e cartela com 5 unidades com porca e arruela.<\/p>\n","protected":false},"excerpt":{"rendered":"<h4 style=\"margin: 0px;padding: 0px 0px 16px;font-family: Lato, sans-serif;font-weight: bold;line-height: 3rem;color: var(--dark-grey3);font-size: 22px;font-style: normal;letter-spacing: normal;text-align: start;text-indent: 0px;text-transform: none\">Informa\u00e7\u00f5es t\u00e9cnicas<\/h4>\n<p><span style=\"margin: 0px;padding: 0px;font-weight: 450;font-size: 14px;line-height: 21px;color: var(--dark-grey2);font-family: Lato, sans-serif;font-style: normal;letter-spacing: normal;text-align: start;text-indent: 0px;text-transform: none\">Produto: Parafuso Rosca M\u00e1quina<br \/>\nMarca: Bemfixa<br \/>\nMaterial: A\u00e7o<br \/>\nCor: Prata<br \/>\nCaracter\u00edsticas: Cabe\u00e7a redonda<br \/>\nFenda<br \/>\nPossui porca e arruela<br \/>\nQuantidade de pe\u00e7as: 15<br \/>\nItens inclusos: 5 Parafusos<br \/>\n5 porcas<br \/>\n5 arruelas<br \/>\nDimens\u00f5es do produto em polegadas: 5\/32&#8243; x 1.1\/2&#8243;<br \/>\n<\/span><\/p>\n","protected":false},"featured_media":0,"template":"","meta":{"_joinchat":[]},"product_brand":[],"product_cat":[135],"product_tag":[],"class_list":{"0":"post-7459","1":"product","2":"type-product","3":"status-publish","5":"product_cat-parafusos-e-buchas","7":"first","8":"outofstock","9":"shipping-taxable","10":"product-type-simple"},"_links":{"self":[{"href":"https:\/\/www.multicasa.com.br\/inicio\/wp-json\/wp\/v2\/product\/7459","targetHints":{"allow":["GET"]}}],"collection":[{"href":"https:\/\/www.multicasa.com.br\/inicio\/wp-json\/wp\/v2\/product"}],"about":[{"href":"https:\/\/www.multicasa.com.br\/inicio\/wp-json\/wp\/v2\/types\/product"}],"wp:attachment":[{"href":"https:\/\/www.multicasa.com.br\/inicio\/wp-json\/wp\/v2\/media?parent=7459"}],"wp:term":[{"taxonomy":"product_brand","embeddable":true,"href":"https:\/\/www.multicasa.com.br\/inicio\/wp-json\/wp\/v2\/product_brand?post=7459"},{"taxonomy":"product_cat","embeddable":true,"href":"https:\/\/www.multicasa.com.br\/inicio\/wp-json\/wp\/v2\/product_cat?post=7459"},{"taxonomy":"product_tag","embeddable":true,"href":"https:\/\/www.multicasa.com.br\/inicio\/wp-json\/wp\/v2\/product_tag?post=7459"}],"curies":[{"name":"wp","href":"https:\/\/api.w.org\/{rel}","templated":true}]}}