{"id":7463,"date":"2025-06-20T17:23:02","date_gmt":"2025-06-20T21:23:02","guid":{"rendered":"https:\/\/www.multicasa.com.br\/inicio\/?post_type=product&#038;p=7463"},"modified":"2025-08-16T18:17:02","modified_gmt":"2025-08-16T22:17:02","slug":"organizador-prateleira-cromado-arthi-357cm","status":"publish","type":"product","link":"https:\/\/www.multicasa.com.br\/inicio\/produto\/organizador-prateleira-cromado-arthi-357cm\/","title":{"rendered":"Organizador Prateleira Cromado Arthi 35,7cm"},"content":{"rendered":"<p>Com o Organizador Prateleira Arthi mantenha os objetos da sua cozinha sempre em ordem de maneira pr\u00e1tica. Produzido em a\u00e7o cromado com aproximadamente 35,7cm. Organize os objetos em dois andares distintos, possibilitando criar combina\u00e7\u00f5es de acordo com a sua necessidade, ganhando masi espa\u00e7o.<\/p>\n","protected":false},"excerpt":{"rendered":"<h4 style=\"margin: 0px;padding: 0px 0px 16px;font-family: Lato, sans-serif;font-weight: bold;line-height: 3rem;color: var(--dark-grey3);font-size: 22px;font-style: normal;letter-spacing: normal;text-align: start;text-indent: 0px;text-transform: none\">Informa\u00e7\u00f5es t\u00e9cnicas<\/h4>\n<p><span style=\"margin: 0px;padding: 0px;font-weight: 450;font-size: 14px;line-height: 21px;color: var(--dark-grey2);font-family: Lato, sans-serif;font-style: normal;letter-spacing: normal;text-align: start;text-indent: 0px;text-transform: none\">Produto: Organizador\/Prateleira para arm\u00e1rio<br \/>\nMarca: Arthi<br \/>\nMaterial: A\u00e7o Cromado<br \/>\nCor: Prata<br \/>\nItens inclusos: 1 Organizador\/Prateleira para arm\u00e1rio<br \/>\nDimens\u00f5es do produto (A x L x C): 14,2 x 18,2 x 35,7cm<\/span><\/p>\n","protected":false},"featured_media":7517,"template":"","meta":{"_joinchat":[]},"product_brand":[],"product_cat":[146],"product_tag":[],"class_list":{"0":"post-7463","1":"product","2":"type-product","3":"status-publish","4":"has-post-thumbnail","6":"product_cat-prateleiras-e-cia","8":"first","9":"outofstock","10":"shipping-taxable","11":"product-type-simple"},"_links":{"self":[{"href":"https:\/\/www.multicasa.com.br\/inicio\/wp-json\/wp\/v2\/product\/7463","targetHints":{"allow":["GET"]}}],"collection":[{"href":"https:\/\/www.multicasa.com.br\/inicio\/wp-json\/wp\/v2\/product"}],"about":[{"href":"https:\/\/www.multicasa.com.br\/inicio\/wp-json\/wp\/v2\/types\/product"}],"wp:featuredmedia":[{"embeddable":true,"href":"https:\/\/www.multicasa.com.br\/inicio\/wp-json\/wp\/v2\/media\/7517"}],"wp:attachment":[{"href":"https:\/\/www.multicasa.com.br\/inicio\/wp-json\/wp\/v2\/media?parent=7463"}],"wp:term":[{"taxonomy":"product_brand","embeddable":true,"href":"https:\/\/www.multicasa.com.br\/inicio\/wp-json\/wp\/v2\/product_brand?post=7463"},{"taxonomy":"product_cat","embeddable":true,"href":"https:\/\/www.multicasa.com.br\/inicio\/wp-json\/wp\/v2\/product_cat?post=7463"},{"taxonomy":"product_tag","embeddable":true,"href":"https:\/\/www.multicasa.com.br\/inicio\/wp-json\/wp\/v2\/product_tag?post=7463"}],"curies":[{"name":"wp","href":"https:\/\/api.w.org\/{rel}","templated":true}]}}