{"id":7464,"date":"2025-06-20T17:23:02","date_gmt":"2025-06-20T21:23:02","guid":{"rendered":"https:\/\/www.multicasa.com.br\/inicio\/?post_type=product&#038;p=7464"},"modified":"2025-06-20T17:23:37","modified_gmt":"2025-06-20T21:23:37","slug":"saco-de-lavar-tenis-poliester-plast-leo","status":"publish","type":"product","link":"https:\/\/www.multicasa.com.br\/inicio\/produto\/saco-de-lavar-tenis-poliester-plast-leo\/","title":{"rendered":"Saco de Lavar T\u00eanis Poli\u00e9ster Plast Leo"},"content":{"rendered":"<p>Com o Saco de Lavar T\u00eanis Plast Leo facilite a lavagem dos seus cal\u00e7ados. Produzido em poli\u00e9ster telado que permite a circula\u00e7\u00e3o de \u00e1gua e sab\u00e3o, eliminando a sujeira e isolando o conte\u00fado de fiapos. Pode ser usado em m\u00e1quinas de lavar roupa ou tanquinhos.<\/p>\n","protected":false},"excerpt":{"rendered":"<h4 style=\"margin: 0px;padding: 0px 0px 16px;font-family: Lato, sans-serif;font-weight: bold;line-height: 3rem;color: var(--dark-grey3);font-size: 22px;font-style: normal;letter-spacing: normal;text-align: start;text-indent: 0px;text-transform: none\">Informa\u00e7\u00f5es t\u00e9cnicas<\/h4>\n<p><span style=\"margin: 0px;padding: 0px;font-weight: 450;font-size: 14px;line-height: 21px;color: var(--dark-grey2);font-family: Lato, sans-serif;font-style: normal;letter-spacing: normal;text-align: start;text-indent: 0px;text-transform: none\">Produto: Saco para lavar t\u00eanis<br \/>\nMarca: Plast Leo<br \/>\nMaterial: Poli\u00e9ster<br \/>\nCor: Branco e laranja<br \/>\nCaracter\u00edsticas: Telado<br \/>\nPossui z\u00edper<br \/>\nItens Inclusos: 1 saco para lavar t\u00eanis<br \/>\nDimens\u00f5es do produto (A x L x P): 19 x 31 x 16cm<\/span><\/p>\n","protected":false},"featured_media":7519,"template":"","meta":{"_joinchat":[]},"product_brand":[],"product_cat":[95],"product_tag":[],"class_list":{"0":"post-7464","1":"product","2":"type-product","3":"status-publish","4":"has-post-thumbnail","6":"product_cat-lavanderia","8":"first","9":"outofstock","10":"shipping-taxable","11":"product-type-simple"},"_links":{"self":[{"href":"https:\/\/www.multicasa.com.br\/inicio\/wp-json\/wp\/v2\/product\/7464","targetHints":{"allow":["GET"]}}],"collection":[{"href":"https:\/\/www.multicasa.com.br\/inicio\/wp-json\/wp\/v2\/product"}],"about":[{"href":"https:\/\/www.multicasa.com.br\/inicio\/wp-json\/wp\/v2\/types\/product"}],"wp:featuredmedia":[{"embeddable":true,"href":"https:\/\/www.multicasa.com.br\/inicio\/wp-json\/wp\/v2\/media\/7519"}],"wp:attachment":[{"href":"https:\/\/www.multicasa.com.br\/inicio\/wp-json\/wp\/v2\/media?parent=7464"}],"wp:term":[{"taxonomy":"product_brand","embeddable":true,"href":"https:\/\/www.multicasa.com.br\/inicio\/wp-json\/wp\/v2\/product_brand?post=7464"},{"taxonomy":"product_cat","embeddable":true,"href":"https:\/\/www.multicasa.com.br\/inicio\/wp-json\/wp\/v2\/product_cat?post=7464"},{"taxonomy":"product_tag","embeddable":true,"href":"https:\/\/www.multicasa.com.br\/inicio\/wp-json\/wp\/v2\/product_tag?post=7464"}],"curies":[{"name":"wp","href":"https:\/\/api.w.org\/{rel}","templated":true}]}}