{"id":7497,"date":"2025-06-20T17:23:25","date_gmt":"2025-06-20T21:23:25","guid":{"rendered":"https:\/\/www.multicasa.com.br\/inicio\/?post_type=product&#038;p=7497"},"modified":"2026-04-22T10:30:42","modified_gmt":"2026-04-22T14:30:42","slug":"organizador-de-gaveta-colmeia-para-calcinhas-e-cuecas-11-divisorias-transparente-secalux","status":"publish","type":"product","link":"https:\/\/www.multicasa.com.br\/inicio\/produto\/organizador-de-gaveta-colmeia-para-calcinhas-e-cuecas-11-divisorias-transparente-secalux\/","title":{"rendered":"Organizador de Gaveta Colmeia para Calcinhas e Cuecas 11 Divis\u00f3rias Transparente Secalux"},"content":{"rendered":"<p>O Organizador de Gaveta Colmeia \u00e9 ideal para organiza\u00e7\u00e3o de gavetas, closets e arm\u00e1rios. Confeccionado em PVC transparente e com 11 divis\u00f3rias, o organizador \u00e9 perfeito para guardar meias, calcinhas \/ cuecas, len\u00e7os e luvas. Em apenas alguns instantes \u00e9 poss\u00edvel organizar pe\u00e7as \u00edntimas de forma pr\u00e1tica e funcional, facilitando a visualiza\u00e7\u00e3o e escolha do que usar. Otimize o espa\u00e7o no seu guarda roupa e se livre da bagun\u00e7a!<\/p>\n","protected":false},"excerpt":{"rendered":"<h4 style=\"margin: 0px;padding: 0px 0px 16px;font-family: Lato, sans-serif;font-weight: bold;line-height: 3rem;color: var(--dark-grey3);font-size: 22px;font-style: normal;letter-spacing: normal;text-align: start;text-indent: 0px;text-transform: none\">Informa\u00e7\u00f5es t\u00e9cnicas<\/h4>\n<p><span style=\"margin: 0px;padding: 0px;font-weight: 450;font-size: 14px;line-height: 21px;color: var(--dark-grey2);font-family: Lato, sans-serif;font-style: normal;letter-spacing: normal;text-align: start;text-indent: 0px;text-transform: none\">Produto: Organizador de calcinha\/cueca<br \/>\nMarca: Secalux<br \/>\nMaterial: PVC<br \/>\nCor: Incolor e branca<br \/>\nCaracter\u00edsticas: Possui 11 divis\u00f3rias, transparente<br \/>\nItens Inclusos: 1 organizador de calcinha\/cueca<br \/>\nDimens\u00f5es do produto (A x L x P): 10 x 33 x 12cm<\/span><\/p>\n","protected":false},"featured_media":7530,"template":"","meta":{"_joinchat":[]},"product_brand":[],"product_cat":[98],"product_tag":[],"class_list":{"0":"post-7497","1":"product","2":"type-product","3":"status-publish","4":"has-post-thumbnail","6":"product_cat-organizadores","8":"first","9":"instock","10":"shipping-taxable","11":"purchasable","12":"product-type-simple"},"_links":{"self":[{"href":"https:\/\/www.multicasa.com.br\/inicio\/wp-json\/wp\/v2\/product\/7497","targetHints":{"allow":["GET"]}}],"collection":[{"href":"https:\/\/www.multicasa.com.br\/inicio\/wp-json\/wp\/v2\/product"}],"about":[{"href":"https:\/\/www.multicasa.com.br\/inicio\/wp-json\/wp\/v2\/types\/product"}],"wp:featuredmedia":[{"embeddable":true,"href":"https:\/\/www.multicasa.com.br\/inicio\/wp-json\/wp\/v2\/media\/7530"}],"wp:attachment":[{"href":"https:\/\/www.multicasa.com.br\/inicio\/wp-json\/wp\/v2\/media?parent=7497"}],"wp:term":[{"taxonomy":"product_brand","embeddable":true,"href":"https:\/\/www.multicasa.com.br\/inicio\/wp-json\/wp\/v2\/product_brand?post=7497"},{"taxonomy":"product_cat","embeddable":true,"href":"https:\/\/www.multicasa.com.br\/inicio\/wp-json\/wp\/v2\/product_cat?post=7497"},{"taxonomy":"product_tag","embeddable":true,"href":"https:\/\/www.multicasa.com.br\/inicio\/wp-json\/wp\/v2\/product_tag?post=7497"}],"curies":[{"name":"wp","href":"https:\/\/api.w.org\/{rel}","templated":true}]}}