{"id":7531,"date":"2025-06-20T17:23:46","date_gmt":"2025-06-20T21:23:46","guid":{"rendered":"https:\/\/www.multicasa.com.br\/inicio\/?post_type=product&#038;p=7531"},"modified":"2026-04-24T09:50:07","modified_gmt":"2026-04-24T13:50:07","slug":"te-pvc-esgoto-100mm-tigre","status":"publish","type":"product","link":"https:\/\/www.multicasa.com.br\/inicio\/produto\/te-pvc-esgoto-100mm-tigre\/","title":{"rendered":"Te Pvc Esgoto 100Mm Tigre"},"content":{"rendered":"<p>O T\u00ea para Esgoto de 100x100mm Branco \u00e9 recomendado para transi\u00e7\u00f5es entre tubula\u00e7\u00f5es em instala\u00e7\u00f5es prediais diversas e seu material n\u00e3o corrosivo evita a oxida\u00e7\u00e3o e degenera\u00e7\u00e3o do produto, permitindo um fluxo favor\u00e1vel da \u00e1gua.<\/p>\n","protected":false},"excerpt":{"rendered":"<h4 style=\"margin: 0px;padding: 0px 0px 16px;font-family: Lato, sans-serif;font-weight: bold;line-height: 3rem;color: var(--dark-grey3);font-size: 22px;font-style: normal;letter-spacing: normal;text-align: start;text-indent: 0px;text-transform: none\">Informa\u00e7\u00f5es t\u00e9cnicas<\/h4>\n<p><span style=\"margin: 0px;padding: 0px;font-weight: 450;font-size: 14px;line-height: 21px;color: var(--dark-grey2);font-family: Lato, sans-serif;font-style: normal;letter-spacing: normal;text-align: start;text-indent: 0px;text-transform: none\">Produto: TE PVC ESGOTO 100MM            Marca: TIGRE                Peso (kg):\t0,383<br \/>\nProduto:\tTe 100X100 mm Curto Esgoto<br \/>\nTipo:\tT\u00ea<br \/>\nUso Indicado:\tDerivar a 90\u00b0 de um Alinhamento Principal<br \/>\nDimens\u00f5es Aproximadas do Produto com Embalagem (cm) &#8211; AxLxP:\t24,1 x 11,5 x 18,2 cm<br \/>\nTipo de Material:\tPVC<br \/>\nInforma\u00e7\u00f5es Adicionais:\tInforma\u00e7\u00f5es e dados s\u00e3o de responsabilidade do fornecedor.<br \/>\nBitola em Mil\u00edmetros:\t100&#215;100<br \/>\nConte\u00fado da Embalagem:\t1 T\u00ea<br \/>\nNorma T\u00e9cnica:\tNBR 5688 e NBR 8160<br \/>\nRefer\u00eancia do Produto no Fornecedor:\t26367450<br \/>\nCor:\tBranco<br \/>\nTemperatura M\u00e1xima da \u00c1gua:\t45\u00b0C em regime n\u00e3o cont\u00ednuo<br \/>\nPress\u00e3o M\u00e1xima de Funcionamento:\tConduto livre (sem press\u00e3o)<\/span><\/p>\n","protected":false},"featured_media":26074,"template":"","meta":{"_joinchat":[]},"product_brand":[],"product_cat":[73],"product_tag":[],"class_list":{"0":"post-7531","1":"product","2":"type-product","3":"status-publish","4":"has-post-thumbnail","6":"product_cat-tubos-e-conexoes","8":"first","9":"instock","10":"shipping-taxable","11":"purchasable","12":"product-type-simple"},"_links":{"self":[{"href":"https:\/\/www.multicasa.com.br\/inicio\/wp-json\/wp\/v2\/product\/7531","targetHints":{"allow":["GET"]}}],"collection":[{"href":"https:\/\/www.multicasa.com.br\/inicio\/wp-json\/wp\/v2\/product"}],"about":[{"href":"https:\/\/www.multicasa.com.br\/inicio\/wp-json\/wp\/v2\/types\/product"}],"wp:featuredmedia":[{"embeddable":true,"href":"https:\/\/www.multicasa.com.br\/inicio\/wp-json\/wp\/v2\/media\/26074"}],"wp:attachment":[{"href":"https:\/\/www.multicasa.com.br\/inicio\/wp-json\/wp\/v2\/media?parent=7531"}],"wp:term":[{"taxonomy":"product_brand","embeddable":true,"href":"https:\/\/www.multicasa.com.br\/inicio\/wp-json\/wp\/v2\/product_brand?post=7531"},{"taxonomy":"product_cat","embeddable":true,"href":"https:\/\/www.multicasa.com.br\/inicio\/wp-json\/wp\/v2\/product_cat?post=7531"},{"taxonomy":"product_tag","embeddable":true,"href":"https:\/\/www.multicasa.com.br\/inicio\/wp-json\/wp\/v2\/product_tag?post=7531"}],"curies":[{"name":"wp","href":"https:\/\/api.w.org\/{rel}","templated":true}]}}