{"id":7532,"date":"2025-06-20T17:23:46","date_gmt":"2025-06-20T21:23:46","guid":{"rendered":"https:\/\/www.multicasa.com.br\/inicio\/?post_type=product&#038;p=7532"},"modified":"2026-04-17T11:00:17","modified_gmt":"2026-04-17T15:00:17","slug":"kit-instalacao-bacia-convencional-deca","status":"publish","type":"product","link":"https:\/\/www.multicasa.com.br\/inicio\/produto\/kit-instalacao-bacia-convencional-deca\/","title":{"rendered":"Kit Instala\u00e7\u00e3o Bacia Convencional Deca"},"content":{"rendered":"<p>KIT INST.BACIA CONVENCIONAL DECA. Kits completos para a instala\u00e7\u00e3o de bacias convencionais e com caixa acoplada. Praticidade, qualidade e confian\u00e7a em sua instala\u00e7\u00e3o. Utilizado na instala\u00e7\u00e3o de bacias sanit\u00e1rias, garante veda\u00e7\u00e3o total entre esgoto e bacia. Veda o mau cheiro do esgoto e dispensa o uso de bolsa pl\u00e1stica. Antibacteriana, n\u00e3o resseca e n\u00e3o mancha o piso, garante melhor instala\u00e7\u00e3o e higiene no banheiro.<br \/>\nKit de instala\u00e7\u00e3o com Decanel, Tubo de Liga\u00e7\u00e3o e conjunto de fixa\u00e7\u00f5es. Pe\u00e7as Originais Deca, garantia de uma instala\u00e7\u00e3o perfeita.<\/p>\n","protected":false},"excerpt":{"rendered":"<h4 style=\"margin: 0px;padding: 0px 0px 16px;font-family: Lato, sans-serif;font-weight: bold;line-height: 3rem;color: var(--dark-grey3);font-size: 22px;font-style: normal;letter-spacing: normal;text-align: start;text-indent: 0px;text-transform: none\">Informa\u00e7\u00f5es t\u00e9cnicas<\/h4>\n<p><span style=\"margin: 0px;padding: 0px;font-weight: 450;font-size: 14px;line-height: 21px;color: var(--dark-grey2);font-family: Lato, sans-serif;font-style: normal;letter-spacing: normal;text-align: start;text-indent: 0px;text-transform: none\">Produto: KIT INST.BACIA CONVENCIONAL<br \/>\nMarca: Deca<br \/>\nMaterial: Liga de Cobre (bronze e lat\u00e3o),Pl\u00e1sticos de Engenharia,Elast\u00f4meros<br \/>\nCor: Cromada<br \/>\nCaracter\u00edsticas: Utilizado na instala\u00e7\u00e3o de bacias sanit\u00e1rias, garante veda\u00e7\u00e3o total entre esgoto e bacia.<br \/>\nDimens\u00f5es:<br \/>\nAltura: 45mm<br \/>\nComprimento: 200mm<br \/>\nLargura: 125mm<br \/>\nPeso L\u00edquido: 0.549<br \/>\nPeso Bruto: 0.769<br \/>\nBitola de entrada de \u00e1gua: 1 1\/2&#8243; <\/span><\/p>\n","protected":false},"featured_media":25359,"template":"","meta":{"_joinchat":[]},"product_brand":[],"product_cat":[68],"product_tag":[],"class_list":{"0":"post-7532","1":"product","2":"type-product","3":"status-publish","4":"has-post-thumbnail","6":"product_cat-loucas-e-cia","8":"first","9":"instock","10":"shipping-taxable","11":"purchasable","12":"product-type-simple"},"_links":{"self":[{"href":"https:\/\/www.multicasa.com.br\/inicio\/wp-json\/wp\/v2\/product\/7532","targetHints":{"allow":["GET"]}}],"collection":[{"href":"https:\/\/www.multicasa.com.br\/inicio\/wp-json\/wp\/v2\/product"}],"about":[{"href":"https:\/\/www.multicasa.com.br\/inicio\/wp-json\/wp\/v2\/types\/product"}],"wp:featuredmedia":[{"embeddable":true,"href":"https:\/\/www.multicasa.com.br\/inicio\/wp-json\/wp\/v2\/media\/25359"}],"wp:attachment":[{"href":"https:\/\/www.multicasa.com.br\/inicio\/wp-json\/wp\/v2\/media?parent=7532"}],"wp:term":[{"taxonomy":"product_brand","embeddable":true,"href":"https:\/\/www.multicasa.com.br\/inicio\/wp-json\/wp\/v2\/product_brand?post=7532"},{"taxonomy":"product_cat","embeddable":true,"href":"https:\/\/www.multicasa.com.br\/inicio\/wp-json\/wp\/v2\/product_cat?post=7532"},{"taxonomy":"product_tag","embeddable":true,"href":"https:\/\/www.multicasa.com.br\/inicio\/wp-json\/wp\/v2\/product_tag?post=7532"}],"curies":[{"name":"wp","href":"https:\/\/api.w.org\/{rel}","templated":true}]}}