{"id":7533,"date":"2025-06-20T17:23:47","date_gmt":"2025-06-20T21:23:47","guid":{"rendered":"https:\/\/www.multicasa.com.br\/inicio\/?post_type=product&#038;p=7533"},"modified":"2025-06-23T09:52:03","modified_gmt":"2025-06-23T13:52:03","slug":"bomba-auto-aspirante-1cv-ica-100b-garthen","status":"publish","type":"product","link":"https:\/\/www.multicasa.com.br\/inicio\/produto\/bomba-auto-aspirante-1cv-ica-100b-garthen\/","title":{"rendered":"Bomba Auto Aspirante 1Cv Ica-100B Garthen"},"content":{"rendered":"<p>BOMBA AUTO ASP.1CV ICA-100B GARTHEN. \u00e9 muito utilizado onde h\u00e1 risco moment\u00e2neo de falta repentina de abastecimento de \u00e1gua, onde ocorre \u00e0 forma\u00e7\u00e3o de bolhas de ar, ele rapidamente elimina o ar e mant\u00e9m o abastecimento normalizado. Pode ser aplicado em po\u00e7os de ponteiras, residencias, ch\u00e1caras, regioes litor\u00e2neas, pequenos pr\u00e9dios e outras aplica\u00e7\u00f5es de pequeno porte, onde necessite de bombeamento de \u00e1gua isenta de s\u00f3lidos. <\/p>\n","protected":false},"excerpt":{"rendered":"<h4 style=\"margin: 0px;padding: 0px 0px 16px;font-family: Lato, sans-serif;font-weight: bold;line-height: 3rem;color: var(--dark-grey3);font-size: 22px;font-style: normal;letter-spacing: normal;text-align: start;text-indent: 0px;text-transform: none\">Informa\u00e7\u00f5es t\u00e9cnicas<\/h4>\n<p><span style=\"margin: 0px;padding: 0px;font-weight: 450;font-size: 14px;line-height: 21px;color: var(--dark-grey2);font-family: Lato, sans-serif;font-style: normal;letter-spacing: normal;text-align: start;text-indent: 0px;text-transform: none\">Produto: BOMBA AUTO ASPIRANTE 1CV ICA-100B<br \/>\nMarca: GARTHEN<br \/>\nCor: azul<br \/>\nCaracter\u00edsticas: capaz de puxar \u00e1gua por conta pr\u00f3pria.<br \/>\nPot\u00eancia: 1,0 cv<br \/>\nDi\u00e2metro de Suc\u00e7\u00e3o: 1,0 pol<br \/>\nDi\u00e2metro de Recalque: 1,0 pol<br \/>\nDi\u00e2metro do Rotor: 70 mm<br \/>\nPress\u00e3o M\u00e1xima: 55 mca<\/span><\/p>\n","protected":false},"featured_media":24698,"template":"","meta":{"_joinchat":[]},"product_brand":[],"product_cat":[75],"product_tag":[],"class_list":{"0":"post-7533","1":"product","2":"type-product","3":"status-publish","4":"has-post-thumbnail","6":"product_cat-bombas-e-cia","8":"first","9":"outofstock","10":"shipping-taxable","11":"product-type-simple"},"_links":{"self":[{"href":"https:\/\/www.multicasa.com.br\/inicio\/wp-json\/wp\/v2\/product\/7533","targetHints":{"allow":["GET"]}}],"collection":[{"href":"https:\/\/www.multicasa.com.br\/inicio\/wp-json\/wp\/v2\/product"}],"about":[{"href":"https:\/\/www.multicasa.com.br\/inicio\/wp-json\/wp\/v2\/types\/product"}],"wp:featuredmedia":[{"embeddable":true,"href":"https:\/\/www.multicasa.com.br\/inicio\/wp-json\/wp\/v2\/media\/24698"}],"wp:attachment":[{"href":"https:\/\/www.multicasa.com.br\/inicio\/wp-json\/wp\/v2\/media?parent=7533"}],"wp:term":[{"taxonomy":"product_brand","embeddable":true,"href":"https:\/\/www.multicasa.com.br\/inicio\/wp-json\/wp\/v2\/product_brand?post=7533"},{"taxonomy":"product_cat","embeddable":true,"href":"https:\/\/www.multicasa.com.br\/inicio\/wp-json\/wp\/v2\/product_cat?post=7533"},{"taxonomy":"product_tag","embeddable":true,"href":"https:\/\/www.multicasa.com.br\/inicio\/wp-json\/wp\/v2\/product_tag?post=7533"}],"curies":[{"name":"wp","href":"https:\/\/api.w.org\/{rel}","templated":true}]}}