{"id":7535,"date":"2025-06-20T17:23:47","date_gmt":"2025-06-20T21:23:47","guid":{"rendered":"https:\/\/www.multicasa.com.br\/inicio\/?post_type=product&#038;p=7535"},"modified":"2026-02-13T17:20:20","modified_gmt":"2026-02-13T21:20:20","slug":"lona-dupla-face-150-micras-1x8m-pt-bc","status":"publish","type":"product","link":"https:\/\/www.multicasa.com.br\/inicio\/produto\/lona-dupla-face-150-micras-1x8m-pt-bc\/","title":{"rendered":"Lona Dupla Face 150 Micras 1X8M Pt\/Bc"},"content":{"rendered":"<p>LONA DUPLA FACE 150 MICR.1X8M PT\/BC. 1 rolo de lona indicada para silagem, uma vez que foi desenvolvida para suportar a fermenta\u00e7\u00e3o do silo e as condi\u00e7\u00f5es externas de sol e chuva. possui de um lado, a cor branca, e de outro, a cor preta. A face branca reflete os raios solares e o lado na cor preta cria um ambiente fechado em seu interior, inibindo o desenvolvimento de pragas e micro-organismos nocivos ao silo.<\/p>\n","protected":false},"excerpt":{"rendered":"<h4 style=\"margin: 0px;padding: 0px 0px 16px;font-family: Lato, sans-serif;font-weight: bold;line-height: 3rem;color: var(--dark-grey3);font-size: 22px;font-style: normal;letter-spacing: normal;text-align: start;text-indent: 0px;text-transform: none\">Informa\u00e7\u00f5es t\u00e9cnicas<\/h4>\n<p><span style=\"margin: 0px;padding: 0px;font-weight: 450;font-size: 14px;line-height: 21px;color: var(--dark-grey2);font-family: Lato, sans-serif;font-style: normal;letter-spacing: normal;text-align: start;text-indent: 0px;text-transform: none\">Produto: LONA DUPLA FACE 150 MICR.1X8M PT\/BC<br \/>\nMarca: LONAX<br \/>\nMaterial: polietileno<br \/>\nCor: preta e branca<br \/>\nCaracter\u00edsticas: desenvolvida para suportar a fermenta\u00e7\u00e3o do silo e as condi\u00e7\u00f5es externas de sol e chuva.<br \/>\nDimens\u00f5es:<br \/>\nAltura:\t1 m<br \/>\nLargura: 1 m<br \/>\nComprimento: 1 m<\/span><\/p>\n","protected":false},"featured_media":25470,"template":"","meta":{"_joinchat":[]},"product_brand":[],"product_cat":[137],"product_tag":[],"class_list":{"0":"post-7535","1":"product","2":"type-product","3":"status-publish","4":"has-post-thumbnail","6":"product_cat-ferramentas-manuais","8":"first","9":"instock","10":"shipping-taxable","11":"purchasable","12":"product-type-simple"},"_links":{"self":[{"href":"https:\/\/www.multicasa.com.br\/inicio\/wp-json\/wp\/v2\/product\/7535","targetHints":{"allow":["GET"]}}],"collection":[{"href":"https:\/\/www.multicasa.com.br\/inicio\/wp-json\/wp\/v2\/product"}],"about":[{"href":"https:\/\/www.multicasa.com.br\/inicio\/wp-json\/wp\/v2\/types\/product"}],"wp:featuredmedia":[{"embeddable":true,"href":"https:\/\/www.multicasa.com.br\/inicio\/wp-json\/wp\/v2\/media\/25470"}],"wp:attachment":[{"href":"https:\/\/www.multicasa.com.br\/inicio\/wp-json\/wp\/v2\/media?parent=7535"}],"wp:term":[{"taxonomy":"product_brand","embeddable":true,"href":"https:\/\/www.multicasa.com.br\/inicio\/wp-json\/wp\/v2\/product_brand?post=7535"},{"taxonomy":"product_cat","embeddable":true,"href":"https:\/\/www.multicasa.com.br\/inicio\/wp-json\/wp\/v2\/product_cat?post=7535"},{"taxonomy":"product_tag","embeddable":true,"href":"https:\/\/www.multicasa.com.br\/inicio\/wp-json\/wp\/v2\/product_tag?post=7535"}],"curies":[{"name":"wp","href":"https:\/\/api.w.org\/{rel}","templated":true}]}}