{"id":7536,"date":"2025-06-20T17:23:47","date_gmt":"2025-06-20T21:23:47","guid":{"rendered":"https:\/\/www.multicasa.com.br\/inicio\/?post_type=product&#038;p=7536"},"modified":"2025-08-17T18:56:08","modified_gmt":"2025-08-17T22:56:08","slug":"extensao-5-tomadas-2-pinosterra-5m-10a-cz-tramontina","status":"publish","type":"product","link":"https:\/\/www.multicasa.com.br\/inicio\/produto\/extensao-5-tomadas-2-pinosterra-5m-10a-cz-tramontina\/","title":{"rendered":"Extensao 5 Tomadas 2 Pinos+Terra 5M 10A Cz Tramontina"},"content":{"rendered":"<p>EXTENSAO 5TO 2P+T 5M 10 A CZ TRAMONT. Ela vai levar muito mais facilidade para o seu dia a dia, pois permite que voc\u00ea ligue at\u00e9 cinco equipamentos el\u00e9tricos 2P+T ao mesmo tempo e ainda que possa fix\u00e1-la em diversos ambientes, de acordo com a sua necessidade. Ela \u00e9 produzida com materiais de alta qualidade e tem 5 metros de comprimento. A extens\u00e3o ideal para quem busca por versatilidade e funcionalidade em sua casa ou trabalho!<\/p>\n","protected":false},"excerpt":{"rendered":"<h4 style=\"margin: 0px;padding: 0px 0px 16px;font-family: Lato, sans-serif;font-weight: bold;line-height: 3rem;color: var(--dark-grey3);font-size: 22px;font-style: normal;letter-spacing: normal;text-align: start;text-indent: 0px;text-transform: none\">Informa\u00e7\u00f5es t\u00e9cnicas<\/h4>\n<p><span style=\"margin: 0px;padding: 0px;font-weight: 450;font-size: 14px;line-height: 21px;color: var(--dark-grey2);font-family: Lato, sans-serif;font-style: normal;letter-spacing: normal;text-align: start;text-indent: 0px;text-transform: none\">Produto: EXTENSAO 5TO 2P+T 5M 10 A CZ<br \/>\nMarca: TRAMONTINA<br \/>\nMaterial: termopl\u00e1stico com componentes em metal.<br \/>\nCor: CINZA<br \/>\nDimens\u00f5es:<br \/>\nALTURA: 4 cm<br \/>\nLARGURA: 9 cm<br \/>\nCOMPRIMENTO: 25 cm<br \/>\nPESO: 530 gr<\/span><\/p>\n","protected":false},"featured_media":25166,"template":"","meta":{"_joinchat":[]},"product_brand":[],"product_cat":[120],"product_tag":[],"class_list":{"0":"post-7536","1":"product","2":"type-product","3":"status-publish","4":"has-post-thumbnail","6":"product_cat-extencoes-e-cia","8":"first","9":"outofstock","10":"shipping-taxable","11":"purchasable","12":"product-type-simple"},"_links":{"self":[{"href":"https:\/\/www.multicasa.com.br\/inicio\/wp-json\/wp\/v2\/product\/7536","targetHints":{"allow":["GET"]}}],"collection":[{"href":"https:\/\/www.multicasa.com.br\/inicio\/wp-json\/wp\/v2\/product"}],"about":[{"href":"https:\/\/www.multicasa.com.br\/inicio\/wp-json\/wp\/v2\/types\/product"}],"wp:featuredmedia":[{"embeddable":true,"href":"https:\/\/www.multicasa.com.br\/inicio\/wp-json\/wp\/v2\/media\/25166"}],"wp:attachment":[{"href":"https:\/\/www.multicasa.com.br\/inicio\/wp-json\/wp\/v2\/media?parent=7536"}],"wp:term":[{"taxonomy":"product_brand","embeddable":true,"href":"https:\/\/www.multicasa.com.br\/inicio\/wp-json\/wp\/v2\/product_brand?post=7536"},{"taxonomy":"product_cat","embeddable":true,"href":"https:\/\/www.multicasa.com.br\/inicio\/wp-json\/wp\/v2\/product_cat?post=7536"},{"taxonomy":"product_tag","embeddable":true,"href":"https:\/\/www.multicasa.com.br\/inicio\/wp-json\/wp\/v2\/product_tag?post=7536"}],"curies":[{"name":"wp","href":"https:\/\/api.w.org\/{rel}","templated":true}]}}