{"id":7537,"date":"2025-06-20T17:23:47","date_gmt":"2025-06-20T21:23:47","guid":{"rendered":"https:\/\/www.multicasa.com.br\/inicio\/?post_type=product&#038;p=7537"},"modified":"2026-04-22T16:00:20","modified_gmt":"2026-04-22T20:00:20","slug":"pressurizador-pl-20mca-127v-lorenzetti","status":"publish","type":"product","link":"https:\/\/www.multicasa.com.br\/inicio\/produto\/pressurizador-pl-20mca-127v-lorenzetti\/","title":{"rendered":"Pressurizador Pl-20Mca 127V Lorenzetti"},"content":{"rendered":"<p>PRESSURIZADOR PL-20MCA 127V LORENZE. O pressurizador funciona como uma bomba que faz com que o seu chuveiro e torneiras tenham \u00e1gua com muito mais press\u00e3o. Ele \u00e9 ideal pra casas em que a press\u00e3o \u00e9 baixa por causa de encanamentos menores e mais antigos ou em casas t\u00e9rreas e sobrados, j\u00e1 que nesse caso a altura da caixa de \u00e1gua \u00e0s vezes n\u00e3o \u00e9 suficiente pra \u00e1gua descer com vaz\u00e3o maior.<\/p>\n","protected":false},"excerpt":{"rendered":"<h4 style=\"margin: 0px;padding: 0px 0px 16px;font-family: Lato, sans-serif;font-weight: bold;line-height: 3rem;color: var(--dark-grey3);font-size: 22px;font-style: normal;letter-spacing: normal;text-align: start;text-indent: 0px;text-transform: none\">Informa\u00e7\u00f5es t\u00e9cnicas<\/h4>\n<p><span style=\"margin: 0px;padding: 0px;font-weight: 450;font-size: 14px;line-height: 21px;color: var(--dark-grey2);font-family: Lato, sans-serif;font-style: normal;letter-spacing: normal;text-align: start;text-indent: 0px;text-transform: none\">Produto: PRESSURIZADOR PL-20MCA 127V<br \/>\nMarca: LORENZETTI<br \/>\nMaterial: Material resistente a corros\u00e3o<br \/>\nCor: VERMELHA<br \/>\nDimens\u00f5es:<br \/>\nAltura x Largura x Pronfundidade(mm): 185x164x162<br \/>\nPeso: 5 Pot\u00eancia M\u00e1xima 350W<br \/>\nPress\u00e3o M\u00e1xima 20 mca<\/span><\/p>\n","protected":false},"featured_media":25846,"template":"","meta":{"_joinchat":[]},"product_brand":[],"product_cat":[75],"product_tag":[],"class_list":{"0":"post-7537","1":"product","2":"type-product","3":"status-publish","4":"has-post-thumbnail","6":"product_cat-bombas-e-cia","8":"first","9":"outofstock","10":"shipping-taxable","11":"purchasable","12":"product-type-simple"},"_links":{"self":[{"href":"https:\/\/www.multicasa.com.br\/inicio\/wp-json\/wp\/v2\/product\/7537","targetHints":{"allow":["GET"]}}],"collection":[{"href":"https:\/\/www.multicasa.com.br\/inicio\/wp-json\/wp\/v2\/product"}],"about":[{"href":"https:\/\/www.multicasa.com.br\/inicio\/wp-json\/wp\/v2\/types\/product"}],"wp:featuredmedia":[{"embeddable":true,"href":"https:\/\/www.multicasa.com.br\/inicio\/wp-json\/wp\/v2\/media\/25846"}],"wp:attachment":[{"href":"https:\/\/www.multicasa.com.br\/inicio\/wp-json\/wp\/v2\/media?parent=7537"}],"wp:term":[{"taxonomy":"product_brand","embeddable":true,"href":"https:\/\/www.multicasa.com.br\/inicio\/wp-json\/wp\/v2\/product_brand?post=7537"},{"taxonomy":"product_cat","embeddable":true,"href":"https:\/\/www.multicasa.com.br\/inicio\/wp-json\/wp\/v2\/product_cat?post=7537"},{"taxonomy":"product_tag","embeddable":true,"href":"https:\/\/www.multicasa.com.br\/inicio\/wp-json\/wp\/v2\/product_tag?post=7537"}],"curies":[{"name":"wp","href":"https:\/\/api.w.org\/{rel}","templated":true}]}}