{"id":7538,"date":"2025-06-20T17:23:47","date_gmt":"2025-06-20T21:23:47","guid":{"rendered":"https:\/\/www.multicasa.com.br\/inicio\/?post_type=product&#038;p=7538"},"modified":"2025-06-23T10:17:42","modified_gmt":"2025-06-23T14:17:42","slug":"lona-plastica-100-micra-1x4m-preta-neoplastic","status":"publish","type":"product","link":"https:\/\/www.multicasa.com.br\/inicio\/produto\/lona-plastica-100-micra-1x4m-preta-neoplastic\/","title":{"rendered":"Lona Pl\u00e1stica 100 Micra 1X4M Preta Neoplastic"},"content":{"rendered":"<p>A lona plastica da Neo-Plastic Produzidas em PEBDL (polietileno de baixa densidade), com alta qualidade de mat\u00e9rias-primas utilizadas e grande variedade de produtos Pr\u00e1ticas e muito vers\u00e1teis, apresentam uma \u00f3tima rela\u00e7\u00e3o custo x durabilidade. Pode ser aplicada em constru\u00e7\u00f5es, reformas, pinturas, impermeabiliza\u00e7\u00e3o de leitos rodovi\u00e1rios, pisos de concreto, paredes, prote\u00e7\u00e3o contra infiltra\u00e7\u00f5es para telhados e prote\u00e7\u00e3o para forra\u00e7\u00e3o de carrocerias de caminh\u00f5es.<\/p>\n","protected":false},"excerpt":{"rendered":"<h4 style=\"margin: 0px;padding: 0px 0px 16px;font-family: Lato, sans-serif;font-weight: bold;line-height: 3rem;color: var(--dark-grey3);font-size: 22px;font-style: normal;letter-spacing: normal;text-align: start;text-indent: 0px;text-transform: none\">Informa\u00e7\u00f5es t\u00e9cnicas<\/h4>\n<p><span style=\"margin: 0px;padding: 0px;font-weight: 450;font-size: 14px;line-height: 21px;color: var(--dark-grey2);font-family: Lato, sans-serif;font-style: normal;letter-spacing: normal;text-align: start;text-indent: 0px;text-transform: none\">Produto:LONA PL\u00c1STICA 100 MICRA<br \/>\nMarca: NEOPLASTIC<br \/>\nMaterial: POLIETILENO DE BAIXA DENSIDADE<br \/>\nCor: PRETA<br \/>\nCaracter\u00edsticas: Produto superior com alta qualidade de mat\u00e9rias primas utilizadas.<br \/>\nDimens\u00f5es:<br \/>\n1X4M.<\/span><\/p>\n","protected":false},"featured_media":25471,"template":"","meta":{"_joinchat":[]},"product_brand":[],"product_cat":[147],"product_tag":[],"class_list":{"0":"post-7538","1":"product","2":"type-product","3":"status-publish","4":"has-post-thumbnail","6":"product_cat-basicos","8":"first","9":"outofstock","10":"shipping-taxable","11":"product-type-simple"},"_links":{"self":[{"href":"https:\/\/www.multicasa.com.br\/inicio\/wp-json\/wp\/v2\/product\/7538","targetHints":{"allow":["GET"]}}],"collection":[{"href":"https:\/\/www.multicasa.com.br\/inicio\/wp-json\/wp\/v2\/product"}],"about":[{"href":"https:\/\/www.multicasa.com.br\/inicio\/wp-json\/wp\/v2\/types\/product"}],"wp:featuredmedia":[{"embeddable":true,"href":"https:\/\/www.multicasa.com.br\/inicio\/wp-json\/wp\/v2\/media\/25471"}],"wp:attachment":[{"href":"https:\/\/www.multicasa.com.br\/inicio\/wp-json\/wp\/v2\/media?parent=7538"}],"wp:term":[{"taxonomy":"product_brand","embeddable":true,"href":"https:\/\/www.multicasa.com.br\/inicio\/wp-json\/wp\/v2\/product_brand?post=7538"},{"taxonomy":"product_cat","embeddable":true,"href":"https:\/\/www.multicasa.com.br\/inicio\/wp-json\/wp\/v2\/product_cat?post=7538"},{"taxonomy":"product_tag","embeddable":true,"href":"https:\/\/www.multicasa.com.br\/inicio\/wp-json\/wp\/v2\/product_tag?post=7538"}],"curies":[{"name":"wp","href":"https:\/\/api.w.org\/{rel}","templated":true}]}}