{"id":7541,"date":"2025-06-20T17:23:47","date_gmt":"2025-06-20T21:23:47","guid":{"rendered":"https:\/\/www.multicasa.com.br\/inicio\/?post_type=product&#038;p=7541"},"modified":"2026-04-19T17:00:13","modified_gmt":"2026-04-19T21:00:13","slug":"globo-leitoso-27-5cm-b-15","status":"publish","type":"product","link":"https:\/\/www.multicasa.com.br\/inicio\/produto\/globo-leitoso-27-5cm-b-15\/","title":{"rendered":"Globo Leitoso 27.5Cm B-15"},"content":{"rendered":"<p>GLOBO LEITOSO 27.5CM B-15. Fabricado em pl\u00e1stico polietileno, na cor branco leitoso, aditivados contra raios ultra-violeta. Esse \u00e9 o melhor globo do mercado, possui resist\u00eancia a fortes impactos e prote\u00e7\u00e3o contra raios UV do sol aumentando sua vida \u00fatil evitando seu ressecamento. No site da Multicasa voc\u00ea encontra solu\u00e7\u00f5es pr\u00e1ticas para qualquer situa\u00e7\u00e3o, inclusive outras op\u00e7\u00f5es de Globo de leitosa e materiais de ilumina\u00e7\u00e3o.<\/p>\n","protected":false},"excerpt":{"rendered":"<h4 style=\"margin: 0px;padding: 0px 0px 16px;font-family: Lato, sans-serif;font-weight: bold;line-height: 3rem;color: var(--dark-grey3);font-size: 22px;font-style: normal;letter-spacing: normal;text-align: start;text-indent: 0px;text-transform: none\">Informa\u00e7\u00f5es t\u00e9cnicas<\/h4>\n<p><span style=\"margin: 0px;padding: 0px;font-weight: 450;font-size: 14px;line-height: 21px;color: var(--dark-grey2);font-family: Lato, sans-serif;font-style: normal;letter-spacing: normal;text-align: start;text-indent: 0px;text-transform: none\">Produto: GLOBO LEITOSO 27.5CM<br \/>\nMarca:<br \/>\nMaterial: pl\u00e1stico polietileno<br \/>\nCor: branco leitoso<br \/>\nCaracter\u00edsticas: possui resist\u00eancia a fortes impactos e prote\u00e7\u00e3o contra raios UV do sol aumentando sua vida \u00fatil e evitando seu ressecamento.<br \/>\nDimens\u00f5es:<br \/>\n27.5cm<\/span><\/p>\n","protected":false},"featured_media":25269,"template":"","meta":{"_joinchat":[]},"product_brand":[],"product_cat":[79],"product_tag":[],"class_list":{"0":"post-7541","1":"product","2":"type-product","3":"status-publish","4":"has-post-thumbnail","6":"product_cat-iluminacao-decorativa","8":"first","9":"instock","10":"shipping-taxable","11":"purchasable","12":"product-type-simple"},"_links":{"self":[{"href":"https:\/\/www.multicasa.com.br\/inicio\/wp-json\/wp\/v2\/product\/7541","targetHints":{"allow":["GET"]}}],"collection":[{"href":"https:\/\/www.multicasa.com.br\/inicio\/wp-json\/wp\/v2\/product"}],"about":[{"href":"https:\/\/www.multicasa.com.br\/inicio\/wp-json\/wp\/v2\/types\/product"}],"wp:featuredmedia":[{"embeddable":true,"href":"https:\/\/www.multicasa.com.br\/inicio\/wp-json\/wp\/v2\/media\/25269"}],"wp:attachment":[{"href":"https:\/\/www.multicasa.com.br\/inicio\/wp-json\/wp\/v2\/media?parent=7541"}],"wp:term":[{"taxonomy":"product_brand","embeddable":true,"href":"https:\/\/www.multicasa.com.br\/inicio\/wp-json\/wp\/v2\/product_brand?post=7541"},{"taxonomy":"product_cat","embeddable":true,"href":"https:\/\/www.multicasa.com.br\/inicio\/wp-json\/wp\/v2\/product_cat?post=7541"},{"taxonomy":"product_tag","embeddable":true,"href":"https:\/\/www.multicasa.com.br\/inicio\/wp-json\/wp\/v2\/product_tag?post=7541"}],"curies":[{"name":"wp","href":"https:\/\/api.w.org\/{rel}","templated":true}]}}