{"id":7547,"date":"2025-06-20T17:23:48","date_gmt":"2025-06-20T21:23:48","guid":{"rendered":"https:\/\/www.multicasa.com.br\/inicio\/?post_type=product&#038;p=7547"},"modified":"2025-06-20T17:23:58","modified_gmt":"2025-06-20T21:23:58","slug":"ventilador-de-mesa-maxi-power-branco-azul-30cm-mondial-127v","status":"publish","type":"product","link":"https:\/\/www.multicasa.com.br\/inicio\/produto\/ventilador-de-mesa-maxi-power-branco-azul-30cm-mondial-127v\/","title":{"rendered":"Ventilador de Mesa Maxi Power Branco\/Azul 30cm Mondial 127v"},"content":{"rendered":"<p>Pr\u00e1tico e eficiente, o Ventilador de Mesa Maxi Power Mondial possui design cl\u00e1ssico com at\u00e9 3 velocidades e grade segura remov\u00edvel que facilita a limpeza. Ideal para deixar em cima de mesas e escrivaninhas, deixando a hora do estudo ou do trabalho mais prazerosa. Mede 30cm, tem alimenta\u00e7\u00e3o de 127v, 6 p\u00e1s e est\u00e1 dispon\u00edvel na cor branco com azul e pot\u00eancia de 50w.<\/p>\n","protected":false},"excerpt":{"rendered":"<h4 style=\"margin: 0px;padding: 0px 0px 16px;font-family: Lato, sans-serif;font-weight: bold;line-height: 3rem;color: var(--dark-grey3);font-size: 22px;font-style: normal;letter-spacing: normal;text-align: start;text-indent: 0px;text-transform: none\">Informa\u00e7\u00f5es t\u00e9cnicas<\/h4>\n<p><span style=\"margin: 0px;padding: 0px;font-weight: 450;font-size: 14px;line-height: 21px;color: var(--dark-grey2);font-family: Lato, sans-serif;font-style: normal;letter-spacing: normal;text-align: start;text-indent: 0px;text-transform: none\">Produto: Ventilador de mesa<br \/>\nMarca: Mondial<br \/>\nMaterial: Polipropileno<br \/>\nCor: Branco e azul<br \/>\nPot\u00eancia: 50w<br \/>\nTens\u00e3o el\u00e9trica: 127v<br \/>\nCaracter\u00edsticas: 3 velocidades, 6 p\u00e1s, com grade remov\u00edvel<br \/>\nItens inclusos: 1 Ventilador de mesa<br \/>\nDi\u00e2metro do produto: 30cm<br \/>\nGarantia: 1 ano<br \/>\nOCP: 0004<\/span><\/p>\n","protected":false},"featured_media":7557,"template":"","meta":{"_joinchat":[]},"product_brand":[],"product_cat":[149],"product_tag":[],"class_list":{"0":"post-7547","1":"product","2":"type-product","3":"status-publish","4":"has-post-thumbnail","6":"product_cat-ventiladores-comerciais","8":"first","9":"outofstock","10":"shipping-taxable","11":"product-type-simple"},"_links":{"self":[{"href":"https:\/\/www.multicasa.com.br\/inicio\/wp-json\/wp\/v2\/product\/7547","targetHints":{"allow":["GET"]}}],"collection":[{"href":"https:\/\/www.multicasa.com.br\/inicio\/wp-json\/wp\/v2\/product"}],"about":[{"href":"https:\/\/www.multicasa.com.br\/inicio\/wp-json\/wp\/v2\/types\/product"}],"wp:featuredmedia":[{"embeddable":true,"href":"https:\/\/www.multicasa.com.br\/inicio\/wp-json\/wp\/v2\/media\/7557"}],"wp:attachment":[{"href":"https:\/\/www.multicasa.com.br\/inicio\/wp-json\/wp\/v2\/media?parent=7547"}],"wp:term":[{"taxonomy":"product_brand","embeddable":true,"href":"https:\/\/www.multicasa.com.br\/inicio\/wp-json\/wp\/v2\/product_brand?post=7547"},{"taxonomy":"product_cat","embeddable":true,"href":"https:\/\/www.multicasa.com.br\/inicio\/wp-json\/wp\/v2\/product_cat?post=7547"},{"taxonomy":"product_tag","embeddable":true,"href":"https:\/\/www.multicasa.com.br\/inicio\/wp-json\/wp\/v2\/product_tag?post=7547"}],"curies":[{"name":"wp","href":"https:\/\/api.w.org\/{rel}","templated":true}]}}