{"id":7550,"date":"2025-06-20T17:23:48","date_gmt":"2025-06-20T21:23:48","guid":{"rendered":"https:\/\/www.multicasa.com.br\/inicio\/?post_type=product&#038;p=7550"},"modified":"2025-12-16T18:27:32","modified_gmt":"2025-12-16T22:27:32","slug":"protetor-sanitario-descartavel-revestic-3-unidades","status":"publish","type":"product","link":"https:\/\/www.multicasa.com.br\/inicio\/produto\/protetor-sanitario-descartavel-revestic-3-unidades\/","title":{"rendered":"Protetor Sanit\u00e1rio Descart\u00e1vel Revestic 3 Unidades"},"content":{"rendered":"<p>Usar assentos sanit\u00e1rios em locais p\u00fablicos \u00e9 sempre um momento de apreens\u00e3o. Por mais higienizados que estejam, prevalece sempre uma d\u00favida que nos deixa com medo. \u00c9 para isso que a Revestic apresenta o seu Protetor para Assentos Sanit\u00e1rios. S\u00e3o toalhas descart\u00e1veis com formato universal que se adequam em qualquer formato de vaso sanit\u00e1rio. \u00c9 elaborado com polipropileno de alta densidade, garantindo total isolamento, evitando qualquer tipo de contamina\u00e7\u00e3o. Pode ser levado na bolsa, na mala, na mochila ou na necessaire. Vem em embalagens com 3 unidades.<\/p>\n","protected":false},"excerpt":{"rendered":"<h4 style=\"margin: 0px;padding: 0px 0px 16px;font-family: Lato, sans-serif;font-weight: bold;line-height: 3rem;color: var(--dark-grey3);font-size: 22px;font-style: normal;letter-spacing: normal;text-align: start;text-indent: 0px;text-transform: none\">Informa\u00e7\u00f5es t\u00e9cnicas<\/h4>\n<p><span style=\"margin: 0px;padding: 0px;font-weight: 450;font-size: 14px;line-height: 21px;color: var(--dark-grey2);font-family: Lato, sans-serif;font-style: normal;letter-spacing: normal;text-align: start;text-indent: 0px;text-transform: none\">Produto: Protetor sanit\u00e1rio<br \/>\nMarca: Revestic<br \/>\nMaterial: Polipropileno<br \/>\nCor: Branco<br \/>\nCaracter\u00edsticas: Descart\u00e1vel<br \/>\nAdapt\u00e1vel a qualquer tipo de vaso<br \/>\nItens Inclusos: 3 protetores sanit\u00e1rios<br \/>\nDimens\u00f5es do produto (A X L): 10,5 x 6cm<\/p>\n<p><\/span><\/p>\n","protected":false},"featured_media":7563,"template":"","meta":{"_joinchat":[]},"product_brand":[],"product_cat":[70],"product_tag":[],"class_list":{"0":"post-7550","1":"product","2":"type-product","3":"status-publish","4":"has-post-thumbnail","6":"product_cat-assentos-e-cia","8":"first","9":"outofstock","10":"shipping-taxable","11":"purchasable","12":"product-type-simple"},"_links":{"self":[{"href":"https:\/\/www.multicasa.com.br\/inicio\/wp-json\/wp\/v2\/product\/7550","targetHints":{"allow":["GET"]}}],"collection":[{"href":"https:\/\/www.multicasa.com.br\/inicio\/wp-json\/wp\/v2\/product"}],"about":[{"href":"https:\/\/www.multicasa.com.br\/inicio\/wp-json\/wp\/v2\/types\/product"}],"wp:featuredmedia":[{"embeddable":true,"href":"https:\/\/www.multicasa.com.br\/inicio\/wp-json\/wp\/v2\/media\/7563"}],"wp:attachment":[{"href":"https:\/\/www.multicasa.com.br\/inicio\/wp-json\/wp\/v2\/media?parent=7550"}],"wp:term":[{"taxonomy":"product_brand","embeddable":true,"href":"https:\/\/www.multicasa.com.br\/inicio\/wp-json\/wp\/v2\/product_brand?post=7550"},{"taxonomy":"product_cat","embeddable":true,"href":"https:\/\/www.multicasa.com.br\/inicio\/wp-json\/wp\/v2\/product_cat?post=7550"},{"taxonomy":"product_tag","embeddable":true,"href":"https:\/\/www.multicasa.com.br\/inicio\/wp-json\/wp\/v2\/product_tag?post=7550"}],"curies":[{"name":"wp","href":"https:\/\/api.w.org\/{rel}","templated":true}]}}