{"id":7551,"date":"2025-06-20T17:23:48","date_gmt":"2025-06-20T21:23:48","guid":{"rendered":"https:\/\/www.multicasa.com.br\/inicio\/?post_type=product&#038;p=7551"},"modified":"2025-10-31T10:33:58","modified_gmt":"2025-10-31T14:33:58","slug":"prateleira-organizadora-de-armario-triangular-empilhavel-chumbo-ou","status":"publish","type":"product","link":"https:\/\/www.multicasa.com.br\/inicio\/produto\/prateleira-organizadora-de-armario-triangular-empilhavel-chumbo-ou\/","title":{"rendered":"Prateleira Organizadora de Arm\u00e1rio Triangular Empilh\u00e1vel Chumbo OU"},"content":{"rendered":"<p>A Prateleira de Arm\u00e1rio Triangular OU \u00e9 produzida em polipropileno chumbo e \u00e9 ideal para otimizar melhor os espa\u00e7os do seu arm\u00e1rio. Com aproximadamente 26 x 26 cm, seu formato triangular \u00e9 perfeito para encaixar em cantos para organizar copos, pratos, x\u00edcaras e etc. Possui encaixe permitindo empilhamento para criar andares e possibilidades diferentes de uso.<\/p>\n","protected":false},"excerpt":{"rendered":"<h4 style=\"margin: 0px;padding: 0px 0px 16px;font-family: Lato, sans-serif;font-weight: bold;line-height: 3rem;color: var(--dark-grey3);font-size: 22px;font-style: normal;letter-spacing: normal;text-align: start;text-indent: 0px;text-transform: none\">Informa\u00e7\u00f5es t\u00e9cnicas<\/h4>\n<p><span style=\"margin: 0px;padding: 0px;font-weight: 450;font-size: 14px;line-height: 21px;color: var(--dark-grey2);font-family: Lato, sans-serif;font-style: normal;letter-spacing: normal;text-align: start;text-indent: 0px;text-transform: none\">Produto: Prateleira Organizadora<br \/>\nMarca: OU<br \/>\nMaterial: Polipropileno<br \/>\nCor: Chumbo<br \/>\nCaracter\u00edsticas: Formato triangular<br \/>\nPossui encaixe para empilhamento<br \/>\nItens Inclusos: 1 Prateleira Organizadora<br \/>\nDimens\u00f5es do produto (A x L x P): 26 x 26 x 15cm<\/span><\/p>\n","protected":false},"featured_media":7566,"template":"","meta":{"_joinchat":[]},"product_brand":[],"product_cat":[141],"product_tag":[],"class_list":{"0":"post-7551","1":"product","2":"type-product","3":"status-publish","4":"has-post-thumbnail","6":"product_cat-marcenaria","8":"first","9":"outofstock","10":"shipping-taxable","11":"purchasable","12":"product-type-simple"},"_links":{"self":[{"href":"https:\/\/www.multicasa.com.br\/inicio\/wp-json\/wp\/v2\/product\/7551","targetHints":{"allow":["GET"]}}],"collection":[{"href":"https:\/\/www.multicasa.com.br\/inicio\/wp-json\/wp\/v2\/product"}],"about":[{"href":"https:\/\/www.multicasa.com.br\/inicio\/wp-json\/wp\/v2\/types\/product"}],"wp:featuredmedia":[{"embeddable":true,"href":"https:\/\/www.multicasa.com.br\/inicio\/wp-json\/wp\/v2\/media\/7566"}],"wp:attachment":[{"href":"https:\/\/www.multicasa.com.br\/inicio\/wp-json\/wp\/v2\/media?parent=7551"}],"wp:term":[{"taxonomy":"product_brand","embeddable":true,"href":"https:\/\/www.multicasa.com.br\/inicio\/wp-json\/wp\/v2\/product_brand?post=7551"},{"taxonomy":"product_cat","embeddable":true,"href":"https:\/\/www.multicasa.com.br\/inicio\/wp-json\/wp\/v2\/product_cat?post=7551"},{"taxonomy":"product_tag","embeddable":true,"href":"https:\/\/www.multicasa.com.br\/inicio\/wp-json\/wp\/v2\/product_tag?post=7551"}],"curies":[{"name":"wp","href":"https:\/\/api.w.org\/{rel}","templated":true}]}}