{"id":7579,"date":"2025-06-20T17:24:08","date_gmt":"2025-06-20T21:24:08","guid":{"rendered":"https:\/\/www.multicasa.com.br\/inicio\/?post_type=product&#038;p=7579"},"modified":"2025-06-23T10:02:34","modified_gmt":"2025-06-23T14:02:34","slug":"crivo-ferro-30x30-c-sup-edyp","status":"publish","type":"product","link":"https:\/\/www.multicasa.com.br\/inicio\/produto\/crivo-ferro-30x30-c-sup-edyp\/","title":{"rendered":"Crivo Ferro 30X30 C\/Sup.Edyp"},"content":{"rendered":"<p>O crivo ferro 30&#215;30 da edpy serve como saida de \u00e1guas pias, em um c\u00f4modo (banheiro,cozinha etc.), ou \u00e1rea externa de uma edifica\u00e7\u00e3o. Feito com ferro fundido 30&#215;30 garante grande resistencia e durabilidade para sua constru\u00e7\u00e3o.<\/p>\n","protected":false},"excerpt":{"rendered":"<h4 style=\"margin: 0px;padding: 0px 0px 16px;font-family: Lato, sans-serif;font-weight: bold;line-height: 3rem;color: var(--dark-grey3);font-size: 22px;font-style: normal;letter-spacing: normal;text-align: start;text-indent: 0px;text-transform: none\">Informa\u00e7\u00f5es t\u00e9cnicas<\/h4>\n<p><span style=\"margin: 0px;padding: 0px;font-weight: 450;font-size: 14px;line-height: 21px;color: var(--dark-grey2);font-family: Lato, sans-serif;font-style: normal;letter-spacing: normal;text-align: start;text-indent: 0px;text-transform: none\">Produto: CRIVO FERRO 30X30 C\/SUP.EDYP                                                                                                                                                                                                                                     Marca: Edyp                                                                                                                                                                                                                                                                                        Material: Ferro fundido                                                                                                                                                                                                                                                                  Cor: Cinza                                                                                                                                                                                                                                                                                             Caracter\u00edsticas: serve como saida de \u00e1gua nas areas internas e externas  do edificio                                                                                                                                                                   Dimens\u00f5es: 30X30                                                                                         <\/span><\/p>\n","protected":false},"featured_media":25041,"template":"","meta":{"_joinchat":[]},"product_brand":[],"product_cat":[73],"product_tag":[],"class_list":{"0":"post-7579","1":"product","2":"type-product","3":"status-publish","4":"has-post-thumbnail","6":"product_cat-tubos-e-conexoes","8":"first","9":"outofstock","10":"shipping-taxable","11":"product-type-simple"},"_links":{"self":[{"href":"https:\/\/www.multicasa.com.br\/inicio\/wp-json\/wp\/v2\/product\/7579","targetHints":{"allow":["GET"]}}],"collection":[{"href":"https:\/\/www.multicasa.com.br\/inicio\/wp-json\/wp\/v2\/product"}],"about":[{"href":"https:\/\/www.multicasa.com.br\/inicio\/wp-json\/wp\/v2\/types\/product"}],"wp:featuredmedia":[{"embeddable":true,"href":"https:\/\/www.multicasa.com.br\/inicio\/wp-json\/wp\/v2\/media\/25041"}],"wp:attachment":[{"href":"https:\/\/www.multicasa.com.br\/inicio\/wp-json\/wp\/v2\/media?parent=7579"}],"wp:term":[{"taxonomy":"product_brand","embeddable":true,"href":"https:\/\/www.multicasa.com.br\/inicio\/wp-json\/wp\/v2\/product_brand?post=7579"},{"taxonomy":"product_cat","embeddable":true,"href":"https:\/\/www.multicasa.com.br\/inicio\/wp-json\/wp\/v2\/product_cat?post=7579"},{"taxonomy":"product_tag","embeddable":true,"href":"https:\/\/www.multicasa.com.br\/inicio\/wp-json\/wp\/v2\/product_tag?post=7579"}],"curies":[{"name":"wp","href":"https:\/\/api.w.org\/{rel}","templated":true}]}}