{"id":7588,"date":"2025-06-20T17:24:08","date_gmt":"2025-06-20T21:24:08","guid":{"rendered":"https:\/\/www.multicasa.com.br\/inicio\/?post_type=product&#038;p=7588"},"modified":"2025-06-23T10:03:37","modified_gmt":"2025-06-23T14:03:37","slug":"dobradica-vai-e-vem-metal-160-4-coimbra","status":"publish","type":"product","link":"https:\/\/www.multicasa.com.br\/inicio\/produto\/dobradica-vai-e-vem-metal-160-4-coimbra\/","title":{"rendered":"Dobradi\u00e7a Vai E Vem Metal 160\/4 Coimbra"},"content":{"rendered":"<p>Indicada para uso em portas do modelo vai e vem. Muito utilizada em banheiros, cozinhas, restaurantes, hospitais, entre outros.<br \/>\nPossui 2 molas internas de f\u00e1cil regulagem e que possibilitam movimentos suaves.<\/p>\n","protected":false},"excerpt":{"rendered":"<h4 style=\"margin: 0px;padding: 0px 0px 16px;font-family: Lato, sans-serif;font-weight: bold;line-height: 3rem;color: var(--dark-grey3);font-size: 22px;font-style: normal;letter-spacing: normal;text-align: start;text-indent: 0px;text-transform: none\">Informa\u00e7\u00f5es t\u00e9cnicas<\/h4>\n<p><span style=\"margin: 0px;padding: 0px;font-weight: 450;font-size: 14px;line-height: 21px;color: var(--dark-grey2);font-family: Lato, sans-serif;font-style: normal;letter-spacing: normal;text-align: start;text-indent: 0px;text-transform: none\">Produto: DOBRADI\u00c7A VAI E VEM METAL 160\/4 COIMBRA                       Uso Indicado &#8211; Para Porta<br \/>\n-Tipo da Dobradi\u00e7a &#8211; Vai e Vem<br \/>\n&#8211; Material da Dobradi\u00e7a &#8211; Metal<br \/>\n-Tipo de Material da Dobradi\u00e7a &#8211; A\u00e7o 1008<br \/>\n&#8211; Acabamento da Dobradi\u00e7a &#8211; A\u00e7o Pintura Eletrost\u00e1tica Cinza (prata)<br \/>\n&#8211; Capacidade de Peso da Dobradi\u00e7a &#8211; 40 Kg<br \/>\n&#8211; Tamanho da Dobradi\u00e7a &#8211; 3&#215;4<br \/>\n&#8211; Cor &#8211; Cromada<\/p>\n<p>Medida:<\/p>\n<p>&#8211; Altura 101 mm<br \/>\n&#8211; Largura 76 mm<br \/>\n&#8211; Espessura 25 mm<\/span><\/p>\n","protected":false},"featured_media":25073,"template":"","meta":{"_joinchat":[]},"product_brand":[],"product_cat":[141],"product_tag":[],"class_list":{"0":"post-7588","1":"product","2":"type-product","3":"status-publish","4":"has-post-thumbnail","6":"product_cat-marcenaria","8":"first","9":"outofstock","10":"shipping-taxable","11":"product-type-simple"},"_links":{"self":[{"href":"https:\/\/www.multicasa.com.br\/inicio\/wp-json\/wp\/v2\/product\/7588","targetHints":{"allow":["GET"]}}],"collection":[{"href":"https:\/\/www.multicasa.com.br\/inicio\/wp-json\/wp\/v2\/product"}],"about":[{"href":"https:\/\/www.multicasa.com.br\/inicio\/wp-json\/wp\/v2\/types\/product"}],"wp:featuredmedia":[{"embeddable":true,"href":"https:\/\/www.multicasa.com.br\/inicio\/wp-json\/wp\/v2\/media\/25073"}],"wp:attachment":[{"href":"https:\/\/www.multicasa.com.br\/inicio\/wp-json\/wp\/v2\/media?parent=7588"}],"wp:term":[{"taxonomy":"product_brand","embeddable":true,"href":"https:\/\/www.multicasa.com.br\/inicio\/wp-json\/wp\/v2\/product_brand?post=7588"},{"taxonomy":"product_cat","embeddable":true,"href":"https:\/\/www.multicasa.com.br\/inicio\/wp-json\/wp\/v2\/product_cat?post=7588"},{"taxonomy":"product_tag","embeddable":true,"href":"https:\/\/www.multicasa.com.br\/inicio\/wp-json\/wp\/v2\/product_tag?post=7588"}],"curies":[{"name":"wp","href":"https:\/\/api.w.org\/{rel}","templated":true}]}}