{"id":7590,"date":"2025-06-20T17:24:08","date_gmt":"2025-06-20T21:24:08","guid":{"rendered":"https:\/\/www.multicasa.com.br\/inicio\/?post_type=product&#038;p=7590"},"modified":"2025-06-20T17:24:19","modified_gmt":"2025-06-20T21:24:19","slug":"trena-de-aco-stanley-3m","status":"publish","type":"product","link":"https:\/\/www.multicasa.com.br\/inicio\/produto\/trena-de-aco-stanley-3m\/","title":{"rendered":"Trena de A\u00e7o Stanley 3m"},"content":{"rendered":"<p>A Trena Stanley com at\u00e9 3 metros \u00e9 feita de a\u00e7o para maior agilidade na aferi\u00e7\u00e3o das medidas. Com inovador freio manual, caixa refor\u00e7ada com novo design para uma melhor est\u00e1tica e ergonomia. A fita classe II \u00e9 revestida com pol\u00edmero de longa dura\u00e7\u00e3o, mola com tratamento t\u00e9rmico proporcionando maior resist\u00eancia e vida \u00fatil e o corpo \u00e9 produzido em ABS resistente a impacto. Possui um gancho zero ABSoluto para medi\u00e7\u00f5es internas e externas mais precisas. Inclui presilha para cinto, facilitando o transporte e evitando a perda. Atende a norma ABNT 10123. Acess\u00f3rio indispens\u00e1vel para medi\u00e7\u00f5es e testes.<\/p>\n","protected":false},"excerpt":{"rendered":"<h4 style=\"margin: 0px;padding: 0px 0px 16px;font-family: Lato, sans-serif;font-weight: bold;line-height: 3rem;color: var(--dark-grey3);font-size: 22px;font-style: normal;letter-spacing: normal;text-align: start;text-indent: 0px;text-transform: none\">Informa\u00e7\u00f5es t\u00e9cnicas<\/h4>\n<p><span style=\"margin: 0px;padding: 0px;font-weight: 450;font-size: 14px;line-height: 21px;color: var(--dark-grey2);font-family: Lato, sans-serif;font-style: normal;letter-spacing: normal;text-align: start;text-indent: 0px;text-transform: none\"><br \/>\nProduto: Trena<br \/>\nMarca: Stanley<br \/>\nMaterial: A\u00e7o<br \/>\nCorpo em Abs<br \/>\nCor: Amarelo e preto<br \/>\nCaracter\u00edsticas: Mola com tratamento t\u00e9rmico<br \/>\nBot\u00e3o de trava<br \/>\nGancho de marco zero<br \/>\nPossui al\u00e7a<br \/>\nClasse II de precis\u00e3o<br \/>\nDimens\u00f5es do produto (C): 3m<br \/>\n<\/span><\/p>\n","protected":false},"featured_media":7606,"template":"","meta":{"_joinchat":[]},"product_brand":[],"product_cat":[137],"product_tag":[],"class_list":{"0":"post-7590","1":"product","2":"type-product","3":"status-publish","4":"has-post-thumbnail","6":"product_cat-ferramentas-manuais","8":"first","9":"outofstock","10":"shipping-taxable","11":"product-type-simple"},"_links":{"self":[{"href":"https:\/\/www.multicasa.com.br\/inicio\/wp-json\/wp\/v2\/product\/7590","targetHints":{"allow":["GET"]}}],"collection":[{"href":"https:\/\/www.multicasa.com.br\/inicio\/wp-json\/wp\/v2\/product"}],"about":[{"href":"https:\/\/www.multicasa.com.br\/inicio\/wp-json\/wp\/v2\/types\/product"}],"wp:featuredmedia":[{"embeddable":true,"href":"https:\/\/www.multicasa.com.br\/inicio\/wp-json\/wp\/v2\/media\/7606"}],"wp:attachment":[{"href":"https:\/\/www.multicasa.com.br\/inicio\/wp-json\/wp\/v2\/media?parent=7590"}],"wp:term":[{"taxonomy":"product_brand","embeddable":true,"href":"https:\/\/www.multicasa.com.br\/inicio\/wp-json\/wp\/v2\/product_brand?post=7590"},{"taxonomy":"product_cat","embeddable":true,"href":"https:\/\/www.multicasa.com.br\/inicio\/wp-json\/wp\/v2\/product_cat?post=7590"},{"taxonomy":"product_tag","embeddable":true,"href":"https:\/\/www.multicasa.com.br\/inicio\/wp-json\/wp\/v2\/product_tag?post=7590"}],"curies":[{"name":"wp","href":"https:\/\/api.w.org\/{rel}","templated":true}]}}