{"id":7591,"date":"2025-06-20T17:24:09","date_gmt":"2025-06-20T21:24:09","guid":{"rendered":"https:\/\/www.multicasa.com.br\/inicio\/?post_type=product&#038;p=7591"},"modified":"2025-12-11T06:45:25","modified_gmt":"2025-12-11T10:45:25","slug":"testador-de-cabo-de-rede-work-pro-rj45-rj11-chipsce","status":"publish","type":"product","link":"https:\/\/www.multicasa.com.br\/inicio\/produto\/testador-de-cabo-de-rede-work-pro-rj45-rj11-chipsce\/","title":{"rendered":"Testador de Cabo de Rede Work Pro RJ45\/RJ11 ChipSCE"},"content":{"rendered":"<p>Testador de Cabo de Rede Work Pro RJ45\/RJ11 ChipSCE, com ele \u00e9 poss\u00edvel fazer a checagem r\u00e1pida e f\u00e1cil para continuidade de cabo, falta de cabo, circuito aberto, curto, cabo em linha ou cabos cruzados. Muita praticidade para voc\u00ea realizar seus trabalhos com mais agilidade e precis\u00e3o. Tem design compacto e f\u00e1cil utiliza\u00e7\u00e3o com resultados instant\u00e2neos e precisos, al\u00e9m de checagem de cabos utp, stp e modulares e alimenta\u00e7\u00e3o por bateria 9v (n\u00e3o inclusa).<\/p>\n","protected":false},"excerpt":{"rendered":"<h4 style=\"margin: 0px;padding: 0px 0px 16px;font-family: Lato, sans-serif;font-weight: bold;line-height: 3rem;color: var(--dark-grey3);font-size: 22px;font-style: normal;letter-spacing: normal;text-align: start;text-indent: 0px;text-transform: none\">Informa\u00e7\u00f5es t\u00e9cnicas<\/h4>\n<p><span style=\"margin: 0px;padding: 0px;font-weight: 450;font-size: 14px;line-height: 21px;color: var(--dark-grey2);font-family: Lato, sans-serif;font-style: normal;letter-spacing: normal;text-align: start;text-indent: 0px;text-transform: none\">Produto: Testador para cabos<br \/>\nMarca: ChipSCE<br \/>\nMaterial: Abs<br \/>\nCor: Branco e preto<br \/>\nAlimenta\u00e7\u00e3o: Bateria 9v (n\u00e3o inclusa)<br \/>\nCaracter\u00edsticas: Testa cabos RJ45 e RJ11<br \/>\nResultados instant\u00e2neos e preciso<br \/>\nChecagem de cabos UTP, STP e modulares<br \/>\nAlta taxa de transfer\u00eancia 10.2GBIT\/S a 340MHZ<br \/>\nTesta entrela\u00e7amento 1, 2, 3, 4, 5, 6, 7, 8, e G<br \/>\nItens Inclusos: 1 Testador de cabos<br \/>\nDimens\u00f5es do produto (A X L): 18,4 x 11cm<br \/>\n<\/span><\/p>\n","protected":false},"featured_media":7607,"template":"","meta":{"_joinchat":[]},"product_brand":[],"product_cat":[130],"product_tag":[],"class_list":{"0":"post-7591","1":"product","2":"type-product","3":"status-publish","4":"has-post-thumbnail","6":"product_cat-informatica","8":"first","9":"instock","10":"shipping-taxable","11":"purchasable","12":"product-type-simple"},"_links":{"self":[{"href":"https:\/\/www.multicasa.com.br\/inicio\/wp-json\/wp\/v2\/product\/7591","targetHints":{"allow":["GET"]}}],"collection":[{"href":"https:\/\/www.multicasa.com.br\/inicio\/wp-json\/wp\/v2\/product"}],"about":[{"href":"https:\/\/www.multicasa.com.br\/inicio\/wp-json\/wp\/v2\/types\/product"}],"wp:featuredmedia":[{"embeddable":true,"href":"https:\/\/www.multicasa.com.br\/inicio\/wp-json\/wp\/v2\/media\/7607"}],"wp:attachment":[{"href":"https:\/\/www.multicasa.com.br\/inicio\/wp-json\/wp\/v2\/media?parent=7591"}],"wp:term":[{"taxonomy":"product_brand","embeddable":true,"href":"https:\/\/www.multicasa.com.br\/inicio\/wp-json\/wp\/v2\/product_brand?post=7591"},{"taxonomy":"product_cat","embeddable":true,"href":"https:\/\/www.multicasa.com.br\/inicio\/wp-json\/wp\/v2\/product_cat?post=7591"},{"taxonomy":"product_tag","embeddable":true,"href":"https:\/\/www.multicasa.com.br\/inicio\/wp-json\/wp\/v2\/product_tag?post=7591"}],"curies":[{"name":"wp","href":"https:\/\/api.w.org\/{rel}","templated":true}]}}