{"id":7594,"date":"2025-06-20T17:24:09","date_gmt":"2025-06-20T21:24:09","guid":{"rendered":"https:\/\/www.multicasa.com.br\/inicio\/?post_type=product&#038;p=7594"},"modified":"2025-06-20T17:24:23","modified_gmt":"2025-06-20T21:24:23","slug":"rodo-de-pia-com-suporte-plastico-plasutil-16cm","status":"publish","type":"product","link":"https:\/\/www.multicasa.com.br\/inicio\/produto\/rodo-de-pia-com-suporte-plastico-plasutil-16cm\/","title":{"rendered":"Rodo de Pia Com Suporte Pl\u00e1stico Plas\u00fatil 16cm"},"content":{"rendered":"<p>Com o Rodo de Pia Pl\u00e1stico Plas\u00fatil voc\u00ea tem muita praticidade na hora de enxugar pias, vidros, espelhos e janelas. Confeccionado em acr\u00edlico e borracha que n\u00e3o embolora, \u00e9 perfeito para deixar pendurado j\u00e1 que acompanha suporte no cabo.<\/p>\n","protected":false},"excerpt":{"rendered":"<h4 style=\"margin: 0px;padding: 0px 0px 16px;font-family: Lato, sans-serif;font-weight: bold;line-height: 3rem;color: var(--dark-grey3);font-size: 22px;font-style: normal;letter-spacing: normal;text-align: start;text-indent: 0px;text-transform: none\">Informa\u00e7\u00f5es t\u00e9cnicas<\/h4>\n<p><span style=\"margin: 0px;padding: 0px;font-weight: 450;font-size: 14px;line-height: 21px;color: var(--dark-grey2);font-family: Lato, sans-serif;font-style: normal;letter-spacing: normal;text-align: start;text-indent: 0px;text-transform: none\">Produto: Rodo de pia<br \/>\nMarca: Plas\u00fatil<br \/>\nMaterial: Acr\u00edlico<br \/>\nCor: Incolor e vermelho<br \/>\nUso Indicado: Enxugar pias, azulejos, espelhos e janelas<br \/>\nItens Inclusos: 1 rodo<br \/>\nDimens\u00f5es do produto (A X L): 16 x 42cm<\/span><\/p>\n","protected":false},"featured_media":7612,"template":"","meta":{"_joinchat":[]},"product_brand":[],"product_cat":[96],"product_tag":[],"class_list":{"0":"post-7594","1":"product","2":"type-product","3":"status-publish","4":"has-post-thumbnail","6":"product_cat-limpeza-e-cia","8":"first","9":"outofstock","10":"shipping-taxable","11":"product-type-simple"},"_links":{"self":[{"href":"https:\/\/www.multicasa.com.br\/inicio\/wp-json\/wp\/v2\/product\/7594","targetHints":{"allow":["GET"]}}],"collection":[{"href":"https:\/\/www.multicasa.com.br\/inicio\/wp-json\/wp\/v2\/product"}],"about":[{"href":"https:\/\/www.multicasa.com.br\/inicio\/wp-json\/wp\/v2\/types\/product"}],"wp:featuredmedia":[{"embeddable":true,"href":"https:\/\/www.multicasa.com.br\/inicio\/wp-json\/wp\/v2\/media\/7612"}],"wp:attachment":[{"href":"https:\/\/www.multicasa.com.br\/inicio\/wp-json\/wp\/v2\/media?parent=7594"}],"wp:term":[{"taxonomy":"product_brand","embeddable":true,"href":"https:\/\/www.multicasa.com.br\/inicio\/wp-json\/wp\/v2\/product_brand?post=7594"},{"taxonomy":"product_cat","embeddable":true,"href":"https:\/\/www.multicasa.com.br\/inicio\/wp-json\/wp\/v2\/product_cat?post=7594"},{"taxonomy":"product_tag","embeddable":true,"href":"https:\/\/www.multicasa.com.br\/inicio\/wp-json\/wp\/v2\/product_tag?post=7594"}],"curies":[{"name":"wp","href":"https:\/\/api.w.org\/{rel}","templated":true}]}}