{"id":7618,"date":"2025-06-20T17:24:28","date_gmt":"2025-06-20T21:24:28","guid":{"rendered":"https:\/\/www.multicasa.com.br\/inicio\/?post_type=product&#038;p=7618"},"modified":"2025-12-16T18:19:05","modified_gmt":"2025-12-16T22:19:05","slug":"placa-anti-formiga-quadrada-branca-stm-plastic","status":"publish","type":"product","link":"https:\/\/www.multicasa.com.br\/inicio\/produto\/placa-anti-formiga-quadrada-branca-stm-plastic\/","title":{"rendered":"Placa Anti Formiga Quadrada Branca STM Plastic"},"content":{"rendered":"<p>A placa anti formiga STM Plastic protege doces, bolos, gel\u00e9ias e outros produtos a\u00e7ucarados. Ao colocar os produtos sobre esta placa, voc\u00ea evitar\u00e1 que as formigas entrem em contato com os alimentos ou bebidas com a\u00e7\u00facar. Na cor branca, em formato quadrado \u00e9 ideal para usar em mesas, arm\u00e1rios e bancadas. Sua a\u00e7\u00e3o se d\u00e1 pela emiss\u00e3o de mol\u00e9culas, n\u00e3o \u00e9 t\u00f3xico, pois n\u00e3o possui inseticida e n\u00e3o agride a natureza.<\/p>\n","protected":false},"excerpt":{"rendered":"<h4 style=\"margin: 0px;padding: 0px 0px 16px;font-family: Lato, sans-serif;font-weight: bold;line-height: 3rem;color: var(--dark-grey3);font-size: 22px;font-style: normal;letter-spacing: normal;text-align: start;text-indent: 0px;text-transform: none\">Informa\u00e7\u00f5es t\u00e9cnicas<\/h4>\n<p><span style=\"margin: 0px;padding: 0px;font-weight: 450;font-size: 14px;line-height: 21px;color: var(--dark-grey2);font-family: Lato, sans-serif;font-style: normal;letter-spacing: normal;text-align: start;text-indent: 0px;text-transform: none\">Produto: Placa anti formiga<br \/>\nMarca: STM Plastic<br \/>\nMaterial: Polipropileno<br \/>\nCor: Branco, vermelho<br \/>\nUso indicado: Proteger doces, geleias e alimentos deixados sob a placa.<br \/>\nCaracter\u00edsticas: N\u00e3o cont\u00e9m inseticida<br \/>\nEmiss\u00e3o de mol\u00e9culas<br \/>\nItens Inclusos: 1 placa anti formiga<br \/>\nDimens\u00f5es do produto ( L x P): 12 x 12cm<\/span><\/p>\n","protected":false},"featured_media":7650,"template":"","meta":{"_joinchat":[]},"product_brand":[],"product_cat":[132],"product_tag":[],"class_list":{"0":"post-7618","1":"product","2":"type-product","3":"status-publish","4":"has-post-thumbnail","6":"product_cat-inseticidas","8":"first","9":"instock","10":"shipping-taxable","11":"purchasable","12":"product-type-simple"},"_links":{"self":[{"href":"https:\/\/www.multicasa.com.br\/inicio\/wp-json\/wp\/v2\/product\/7618","targetHints":{"allow":["GET"]}}],"collection":[{"href":"https:\/\/www.multicasa.com.br\/inicio\/wp-json\/wp\/v2\/product"}],"about":[{"href":"https:\/\/www.multicasa.com.br\/inicio\/wp-json\/wp\/v2\/types\/product"}],"wp:featuredmedia":[{"embeddable":true,"href":"https:\/\/www.multicasa.com.br\/inicio\/wp-json\/wp\/v2\/media\/7650"}],"wp:attachment":[{"href":"https:\/\/www.multicasa.com.br\/inicio\/wp-json\/wp\/v2\/media?parent=7618"}],"wp:term":[{"taxonomy":"product_brand","embeddable":true,"href":"https:\/\/www.multicasa.com.br\/inicio\/wp-json\/wp\/v2\/product_brand?post=7618"},{"taxonomy":"product_cat","embeddable":true,"href":"https:\/\/www.multicasa.com.br\/inicio\/wp-json\/wp\/v2\/product_cat?post=7618"},{"taxonomy":"product_tag","embeddable":true,"href":"https:\/\/www.multicasa.com.br\/inicio\/wp-json\/wp\/v2\/product_tag?post=7618"}],"curies":[{"name":"wp","href":"https:\/\/api.w.org\/{rel}","templated":true}]}}