{"id":7619,"date":"2025-06-20T17:24:28","date_gmt":"2025-06-20T21:24:28","guid":{"rendered":"https:\/\/www.multicasa.com.br\/inicio\/?post_type=product&#038;p=7619"},"modified":"2025-06-23T10:25:56","modified_gmt":"2025-06-23T14:25:56","slug":"pistola-de-cola-quente-western-bivolt-7mm-10w","status":"publish","type":"product","link":"https:\/\/www.multicasa.com.br\/inicio\/produto\/pistola-de-cola-quente-western-bivolt-7mm-10w\/","title":{"rendered":"Pistola de Cola Quente Western Bivolt 7mm 10W"},"content":{"rendered":"<p>A Mini pistola de cola quente Western \u00e9 ideal para colagens em geral. Possui um gatilho que facilita sua utiliza\u00e7\u00e3o, com bico emborrachado para melhor seguran\u00e7a. Utiliza bast\u00f5es de cola de 7 mm e possui pot\u00eancia m\u00e1xima de 7W. Sendo que ela \u00e9 bivolt, leve e compacta permitindo levar na bolsa e usar onde precisar.<\/p>\n","protected":false},"excerpt":{"rendered":"<h4 style=\"margin: 0px;padding: 0px 0px 16px;font-family: Lato, sans-serif;font-weight: bold;line-height: 3rem;color: var(--dark-grey3);font-size: 22px;font-style: normal;letter-spacing: normal;text-align: start;text-indent: 0px;text-transform: none\">Informa\u00e7\u00f5es t\u00e9cnicas<\/h4>\n<p><span style=\"margin: 0px;padding: 0px;font-weight: 450;font-size: 14px;line-height: 21px;color: var(--dark-grey2);font-family: Lato, sans-serif;font-style: normal;letter-spacing: normal;text-align: start;text-indent: 0px;text-transform: none\">Produto: Pistola de cola quente<br \/>\nMarca: Western<br \/>\nMaterial: Pl\u00e1stico<br \/>\nCor: Preto e laranja<br \/>\nPot\u00eancia: 7w<br \/>\nTens\u00e3o el\u00e9trica: 127-220v<br \/>\nFrequ\u00eancia: 60hz<br \/>\nCaracter\u00edsticas: Utiliza bast\u00e3o de cola de 7mm (5\/16&#8243;)<br \/>\nItens Inclusos: 1 pistola de cola quente<br \/>\nDimens\u00f5es do produto (A x L x P): 11,3 x 2,2 x 11,2cm<br \/>\nOCP: 0004<br \/>\n<\/span><\/p>\n","protected":false},"featured_media":25718,"template":"","meta":{"_joinchat":[]},"product_brand":[],"product_cat":[152],"product_tag":[],"class_list":{"0":"post-7619","1":"product","2":"type-product","3":"status-publish","4":"has-post-thumbnail","6":"product_cat-ferramentas-eletricas","8":"first","9":"outofstock","10":"shipping-taxable","11":"product-type-simple"},"_links":{"self":[{"href":"https:\/\/www.multicasa.com.br\/inicio\/wp-json\/wp\/v2\/product\/7619","targetHints":{"allow":["GET"]}}],"collection":[{"href":"https:\/\/www.multicasa.com.br\/inicio\/wp-json\/wp\/v2\/product"}],"about":[{"href":"https:\/\/www.multicasa.com.br\/inicio\/wp-json\/wp\/v2\/types\/product"}],"wp:featuredmedia":[{"embeddable":true,"href":"https:\/\/www.multicasa.com.br\/inicio\/wp-json\/wp\/v2\/media\/25718"}],"wp:attachment":[{"href":"https:\/\/www.multicasa.com.br\/inicio\/wp-json\/wp\/v2\/media?parent=7619"}],"wp:term":[{"taxonomy":"product_brand","embeddable":true,"href":"https:\/\/www.multicasa.com.br\/inicio\/wp-json\/wp\/v2\/product_brand?post=7619"},{"taxonomy":"product_cat","embeddable":true,"href":"https:\/\/www.multicasa.com.br\/inicio\/wp-json\/wp\/v2\/product_cat?post=7619"},{"taxonomy":"product_tag","embeddable":true,"href":"https:\/\/www.multicasa.com.br\/inicio\/wp-json\/wp\/v2\/product_tag?post=7619"}],"curies":[{"name":"wp","href":"https:\/\/api.w.org\/{rel}","templated":true}]}}