{"id":7623,"date":"2025-06-20T17:24:28","date_gmt":"2025-06-20T21:24:28","guid":{"rendered":"https:\/\/www.multicasa.com.br\/inicio\/?post_type=product&#038;p=7623"},"modified":"2025-06-20T17:24:40","modified_gmt":"2025-06-20T21:24:40","slug":"varal-de-teto-em-aco-maxeb-140m","status":"publish","type":"product","link":"https:\/\/www.multicasa.com.br\/inicio\/produto\/varal-de-teto-em-aco-maxeb-140m\/","title":{"rendered":"Varal de Teto em A\u00e7o Maxeb 1,40m"},"content":{"rendered":"<p>O Varal de Teto Maxeb de 1,40m \u00e9 feito em a\u00e7o com acabamento branco, super resistente e de alta qualidade. Possui 6 varetas para pendurar suas roupas, ideal para facilitar o seu dia a dia e indicado para pessoas que moram em apartamentos. Tenha m\u00e1xima praticidade e otimiza\u00e7\u00e3o dos espa\u00e7os com o varal de teto, toda qualidade que seu lar precisava.<\/p>\n","protected":false},"excerpt":{"rendered":"<h4 style=\"margin: 0px;padding: 0px 0px 16px;font-family: Lato, sans-serif;font-weight: bold;line-height: 3rem;color: var(--dark-grey3);font-size: 22px;font-style: normal;letter-spacing: normal;text-align: start;text-indent: 0px;text-transform: none\">Informa\u00e7\u00f5es t\u00e9cnicas<\/h4>\n<p><span style=\"margin: 0px;padding: 0px;font-weight: 450;font-size: 14px;line-height: 21px;color: var(--dark-grey2);font-family: Lato, sans-serif;font-style: normal;letter-spacing: normal;text-align: start;text-indent: 0px;text-transform: none\">Produto: Varal de teto<br \/>\nMarca: Maxeb<br \/>\nMaterial: A\u00e7o<br \/>\nCor: Branco e laranja<br \/>\nCaracter\u00edsticas: Possui 6 varetas<br \/>\nAcompanha uma corda para regular a altura<br \/>\nItens Inclusoss: 1 varal de teto<br \/>\nDimens\u00f5es do produto (A X L): 140 x 56cm<br \/>\n<\/span><\/p>\n","protected":false},"featured_media":7657,"template":"","meta":{"_joinchat":[]},"product_brand":[],"product_cat":[95],"product_tag":[],"class_list":{"0":"post-7623","1":"product","2":"type-product","3":"status-publish","4":"has-post-thumbnail","6":"product_cat-lavanderia","8":"first","9":"outofstock","10":"shipping-taxable","11":"product-type-simple"},"_links":{"self":[{"href":"https:\/\/www.multicasa.com.br\/inicio\/wp-json\/wp\/v2\/product\/7623","targetHints":{"allow":["GET"]}}],"collection":[{"href":"https:\/\/www.multicasa.com.br\/inicio\/wp-json\/wp\/v2\/product"}],"about":[{"href":"https:\/\/www.multicasa.com.br\/inicio\/wp-json\/wp\/v2\/types\/product"}],"wp:featuredmedia":[{"embeddable":true,"href":"https:\/\/www.multicasa.com.br\/inicio\/wp-json\/wp\/v2\/media\/7657"}],"wp:attachment":[{"href":"https:\/\/www.multicasa.com.br\/inicio\/wp-json\/wp\/v2\/media?parent=7623"}],"wp:term":[{"taxonomy":"product_brand","embeddable":true,"href":"https:\/\/www.multicasa.com.br\/inicio\/wp-json\/wp\/v2\/product_brand?post=7623"},{"taxonomy":"product_cat","embeddable":true,"href":"https:\/\/www.multicasa.com.br\/inicio\/wp-json\/wp\/v2\/product_cat?post=7623"},{"taxonomy":"product_tag","embeddable":true,"href":"https:\/\/www.multicasa.com.br\/inicio\/wp-json\/wp\/v2\/product_tag?post=7623"}],"curies":[{"name":"wp","href":"https:\/\/api.w.org\/{rel}","templated":true}]}}