{"id":7625,"date":"2025-06-20T17:24:28","date_gmt":"2025-06-20T21:24:28","guid":{"rendered":"https:\/\/www.multicasa.com.br\/inicio\/?post_type=product&#038;p=7625"},"modified":"2025-12-16T18:18:41","modified_gmt":"2025-12-16T22:18:41","slug":"pitao-zincado-com-bucha-6mm-bemfixa-4-unidades","status":"publish","type":"product","link":"https:\/\/www.multicasa.com.br\/inicio\/produto\/pitao-zincado-com-bucha-6mm-bemfixa-4-unidades\/","title":{"rendered":"Pit\u00e3o Zincado com Bucha 6mm Bemfixa 4 Unidades"},"content":{"rendered":"<p>Pit\u00e3o Zincado com Bucha Bemfixa, fabricados em a\u00e7o e nylon, s\u00e3o ideais para utiliza\u00e7\u00e3o em trabalhos variados de fixa\u00e7\u00e3o, objetos suspensos, madeira, etc. Embalagem com 4 buchas de nylon de 6 mm de di\u00e2metro externo e 4 parafusos tipo pit\u00e3o de qualidade superior, maior durabilidade e resist\u00eancia.<\/p>\n","protected":false},"excerpt":{"rendered":"<h4 style=\"margin: 0px;padding: 0px 0px 16px;font-family: Lato, sans-serif;font-weight: bold;line-height: 3rem;color: var(--dark-grey3);font-size: 22px;font-style: normal;letter-spacing: normal;text-align: start;text-indent: 0px;text-transform: none\">Informa\u00e7\u00f5es t\u00e9cnicas<\/h4>\n<p><span style=\"margin: 0px;padding: 0px;font-weight: 450;font-size: 14px;line-height: 21px;color: var(--dark-grey2);font-family: Lato, sans-serif;font-style: normal;letter-spacing: normal;text-align: start;text-indent: 0px;text-transform: none\">Produto: Pit\u00e3o com bucha<br \/>\nMarca: Bemfixa<br \/>\nMaterial: Bucha em nylon<br \/>\nPit\u00e3o a\u00e7o zincado<br \/>\nCor: Prata e cinza<br \/>\nCaracter\u00edsticas: Resistente<br \/>\nQuantidade de pe\u00e7as: 8<br \/>\nItens inclusos: 4 Pit\u00f5es para madeira<br \/>\n4 Buchas<br \/>\nDi\u00e2metro do produto: Bucha &#8211; 6mm<\/p>\n<p><\/span><\/p>\n","protected":false},"featured_media":7660,"template":"","meta":{"_joinchat":[]},"product_brand":[],"product_cat":[135],"product_tag":[],"class_list":{"0":"post-7625","1":"product","2":"type-product","3":"status-publish","4":"has-post-thumbnail","6":"product_cat-parafusos-e-buchas","8":"first","9":"outofstock","10":"shipping-taxable","11":"product-type-simple"},"_links":{"self":[{"href":"https:\/\/www.multicasa.com.br\/inicio\/wp-json\/wp\/v2\/product\/7625","targetHints":{"allow":["GET"]}}],"collection":[{"href":"https:\/\/www.multicasa.com.br\/inicio\/wp-json\/wp\/v2\/product"}],"about":[{"href":"https:\/\/www.multicasa.com.br\/inicio\/wp-json\/wp\/v2\/types\/product"}],"wp:featuredmedia":[{"embeddable":true,"href":"https:\/\/www.multicasa.com.br\/inicio\/wp-json\/wp\/v2\/media\/7660"}],"wp:attachment":[{"href":"https:\/\/www.multicasa.com.br\/inicio\/wp-json\/wp\/v2\/media?parent=7625"}],"wp:term":[{"taxonomy":"product_brand","embeddable":true,"href":"https:\/\/www.multicasa.com.br\/inicio\/wp-json\/wp\/v2\/product_brand?post=7625"},{"taxonomy":"product_cat","embeddable":true,"href":"https:\/\/www.multicasa.com.br\/inicio\/wp-json\/wp\/v2\/product_cat?post=7625"},{"taxonomy":"product_tag","embeddable":true,"href":"https:\/\/www.multicasa.com.br\/inicio\/wp-json\/wp\/v2\/product_tag?post=7625"}],"curies":[{"name":"wp","href":"https:\/\/api.w.org\/{rel}","templated":true}]}}