{"id":7626,"date":"2025-06-20T17:24:28","date_gmt":"2025-06-20T21:24:28","guid":{"rendered":"https:\/\/www.multicasa.com.br\/inicio\/?post_type=product&#038;p=7626"},"modified":"2025-06-20T17:24:44","modified_gmt":"2025-06-20T21:24:44","slug":"tesoura-costura-8-tramontina","status":"publish","type":"product","link":"https:\/\/www.multicasa.com.br\/inicio\/produto\/tesoura-costura-8-tramontina\/","title":{"rendered":"Tesoura Costura 8&#8243; Tramontina"},"content":{"rendered":"<p>A tesoura de costura 8&#8243; da Tramontina \u00e9 um item multiuso indispens\u00e1vel para qualquer casa. Com l\u00e2minas de a\u00e7o com tratamento t\u00e9rmico e corpo em pl\u00e1stico, seu uso indicado \u00e9 para atividades de costura, mas nada impede que seja utilizada em outras necessidades do seu dia-a-dia. A tesoura multiuso da Tramontina \u00e9 um item de alt\u00edssima resist\u00eancia e durabilidade! Mede 20 x 8 x 1,5 cm.<\/p>\n","protected":false},"excerpt":{"rendered":"<h4 style=\"margin: 0px;padding: 0px 0px 16px;font-family: Lato, sans-serif;font-weight: bold;line-height: 3rem;color: var(--dark-grey3);font-size: 22px;font-style: normal;letter-spacing: normal;text-align: start;text-indent: 0px;text-transform: none\">Informa\u00e7\u00f5es t\u00e9cnicas<\/h4>\n<p><span style=\"margin: 0px;padding: 0px;font-weight: 450;font-size: 14px;line-height: 21px;color: var(--dark-grey2);font-family: Lato, sans-serif;font-style: normal;letter-spacing: normal;text-align: start;text-indent: 0px;text-transform: none\">Produto: Tesoura<br \/>\nTipo: Costura<br \/>\nMarca: Tramontina<br \/>\nMaterial: Cabo em Pl\u00e1stico<br \/>\nL\u00e2mina A\u00e7o Inox<br \/>\nCor: Preto e prata<br \/>\nCaracter\u00edsticas: Tratamento t\u00e9rmico<br \/>\nItens Inclusos: 1 tesoura<br \/>\nDimens\u00f5es do produto (A X L X P): 20 x 8 x 1,5cm<br \/>\n<\/span><\/p>\n","protected":false},"featured_media":7662,"template":"","meta":{"_joinchat":[]},"product_brand":[],"product_cat":[97],"product_tag":[],"class_list":{"0":"post-7626","1":"product","2":"type-product","3":"status-publish","4":"has-post-thumbnail","6":"product_cat-papelaria","8":"first","9":"outofstock","10":"shipping-taxable","11":"product-type-simple"},"_links":{"self":[{"href":"https:\/\/www.multicasa.com.br\/inicio\/wp-json\/wp\/v2\/product\/7626","targetHints":{"allow":["GET"]}}],"collection":[{"href":"https:\/\/www.multicasa.com.br\/inicio\/wp-json\/wp\/v2\/product"}],"about":[{"href":"https:\/\/www.multicasa.com.br\/inicio\/wp-json\/wp\/v2\/types\/product"}],"wp:featuredmedia":[{"embeddable":true,"href":"https:\/\/www.multicasa.com.br\/inicio\/wp-json\/wp\/v2\/media\/7662"}],"wp:attachment":[{"href":"https:\/\/www.multicasa.com.br\/inicio\/wp-json\/wp\/v2\/media?parent=7626"}],"wp:term":[{"taxonomy":"product_brand","embeddable":true,"href":"https:\/\/www.multicasa.com.br\/inicio\/wp-json\/wp\/v2\/product_brand?post=7626"},{"taxonomy":"product_cat","embeddable":true,"href":"https:\/\/www.multicasa.com.br\/inicio\/wp-json\/wp\/v2\/product_cat?post=7626"},{"taxonomy":"product_tag","embeddable":true,"href":"https:\/\/www.multicasa.com.br\/inicio\/wp-json\/wp\/v2\/product_tag?post=7626"}],"curies":[{"name":"wp","href":"https:\/\/api.w.org\/{rel}","templated":true}]}}