{"id":7628,"date":"2025-06-20T17:24:29","date_gmt":"2025-06-20T21:24:29","guid":{"rendered":"https:\/\/www.multicasa.com.br\/inicio\/?post_type=product&#038;p=7628"},"modified":"2025-06-20T17:24:48","modified_gmt":"2025-06-20T21:24:48","slug":"suporte-de-parede-para-dvd-conversor-digital-multvisao","status":"publish","type":"product","link":"https:\/\/www.multicasa.com.br\/inicio\/produto\/suporte-de-parede-para-dvd-conversor-digital-multvisao\/","title":{"rendered":"Suporte de Parede para DVD\/Conversor Digital Multvisao"},"content":{"rendered":"<p>Use o Suporte para DVD ou conversor digital da Multivis\u00e3o para organizar modem, blu-ray e outros acess\u00f3rios. Fabricado em a\u00e7o carbono e revestido com pintura epoxy preta, o seu suporte de parede j\u00e1 vem montado, pronto para instalar. Sua articula\u00e7\u00e3o possibilita a fixa\u00e7\u00e3o vesa, sem necessidade de furos pela casa, permitindo que seja instalado acima ou abaixo da TV e de outros eletroeletr\u00f4nicos. Sua chapa mede 20 x 17 x 1cm e o peso suportado \u00e9 de 3 kg, facilitando a movimenta\u00e7\u00e3o e inclina\u00e7\u00e3o que voc\u00ea precisar fazer. J\u00e1 vem acompanhado de buchas e uma haste maior para montagem na TV e outra haste menor para montagem na parede. Use o suporte de parede ou TV para levar beleza e organiza\u00e7\u00e3o para a sua casa.<\/p>\n","protected":false},"excerpt":{"rendered":"<h4 style=\"margin: 0px;padding: 0px 0px 16px;font-family: Lato, sans-serif;font-weight: bold;line-height: 3rem;color: var(--dark-grey3);font-size: 22px;font-style: normal;letter-spacing: normal;text-align: start;text-indent: 0px;text-transform: none\">Informa\u00e7\u00f5es t\u00e9cnicas<\/h4>\n<p><span style=\"margin: 0px;padding: 0px;font-weight: 450;font-size: 14px;line-height: 21px;color: var(--dark-grey2);font-family: Lato, sans-serif;font-style: normal;letter-spacing: normal;text-align: start;text-indent: 0px;text-transform: none\">Produto: Suporte para DVD<br \/>\nMarca: Multivis\u00e3o<br \/>\nMaterial: A\u00e7o carbono<br \/>\nAcabamento: Pintura ep\u00f3xi<br \/>\nCor: Preta<br \/>\nUso indicado: DVD, blu-ray, conversor digital e outros.<br \/>\nCaracter\u00edsticas: fixa\u00e7\u00e3o vesa universal (horizontal e vertical);<br \/>\narticul\u00e1vel;<br \/>\nSuporta at\u00e9 3kg<br \/>\nAcompanha kit buchas e parafusos<br \/>\nHaste maior para montagem na TV;<br \/>\nHaste menor para montagem na parede.<br \/>\nDimens\u00f5es do produto (A X L X P): 20 x 17 x 1cm<br \/>\nGarantia: 5 anos<br \/>\n<\/span><\/p>\n","protected":false},"featured_media":7664,"template":"","meta":{"_joinchat":[]},"product_brand":[],"product_cat":[146],"product_tag":[],"class_list":{"0":"post-7628","1":"product","2":"type-product","3":"status-publish","4":"has-post-thumbnail","6":"product_cat-prateleiras-e-cia","8":"first","9":"outofstock","10":"shipping-taxable","11":"product-type-simple"},"_links":{"self":[{"href":"https:\/\/www.multicasa.com.br\/inicio\/wp-json\/wp\/v2\/product\/7628","targetHints":{"allow":["GET"]}}],"collection":[{"href":"https:\/\/www.multicasa.com.br\/inicio\/wp-json\/wp\/v2\/product"}],"about":[{"href":"https:\/\/www.multicasa.com.br\/inicio\/wp-json\/wp\/v2\/types\/product"}],"wp:featuredmedia":[{"embeddable":true,"href":"https:\/\/www.multicasa.com.br\/inicio\/wp-json\/wp\/v2\/media\/7664"}],"wp:attachment":[{"href":"https:\/\/www.multicasa.com.br\/inicio\/wp-json\/wp\/v2\/media?parent=7628"}],"wp:term":[{"taxonomy":"product_brand","embeddable":true,"href":"https:\/\/www.multicasa.com.br\/inicio\/wp-json\/wp\/v2\/product_brand?post=7628"},{"taxonomy":"product_cat","embeddable":true,"href":"https:\/\/www.multicasa.com.br\/inicio\/wp-json\/wp\/v2\/product_cat?post=7628"},{"taxonomy":"product_tag","embeddable":true,"href":"https:\/\/www.multicasa.com.br\/inicio\/wp-json\/wp\/v2\/product_tag?post=7628"}],"curies":[{"name":"wp","href":"https:\/\/api.w.org\/{rel}","templated":true}]}}