{"id":7629,"date":"2025-06-20T17:24:29","date_gmt":"2025-06-20T21:24:29","guid":{"rendered":"https:\/\/www.multicasa.com.br\/inicio\/?post_type=product&#038;p=7629"},"modified":"2026-03-18T08:30:16","modified_gmt":"2026-03-18T12:30:16","slug":"repelente-eletronico-para-mosquitos-kawoa-2-unidades","status":"publish","type":"product","link":"https:\/\/www.multicasa.com.br\/inicio\/produto\/repelente-eletronico-para-mosquitos-kawoa-2-unidades\/","title":{"rendered":"Repelente Eletr\u00f4nico para Mosquitos Kawoa 2 Unidades"},"content":{"rendered":"<p>Repelente Eletr\u00f4nico para Mosquitos Kawoa repele o pernilongo atrav\u00e9s de ondas sonoras, sem a utiliza\u00e7\u00e3o de refil ou outros produtos qu\u00edmicos, portanto \u00e9 um aparelho at\u00f3xico e antial\u00e9rgico. Suas ondas sonoras saem em uma frequ\u00eancia impercept\u00edvel ao ser humano e \u00e9 um produto \u00e9 100% seguro a sa\u00fade humana. Funciona ligado permanentemente na tomada 110v ou 220v (bivolt), com um m\u00ednimo de consumo. Sua abrang\u00eancia \u00e9 de aproximadamente 30m\u00b2.<br \/>\nRepelente confeccionado em pl\u00e1stico com led indicador de funcionamento, n\u00e3o utiliza refil.<\/p>\n","protected":false},"excerpt":{"rendered":"<h4 style=\"margin: 0px;padding: 0px 0px 16px;font-family: Lato, sans-serif;font-weight: bold;line-height: 3rem;color: var(--dark-grey3);font-size: 22px;font-style: normal;letter-spacing: normal;text-align: start;text-indent: 0px;text-transform: none\">Informa\u00e7\u00f5es t\u00e9cnicas<\/h4>\n<p><span style=\"margin: 0px;padding: 0px;font-weight: 450;font-size: 14px;line-height: 21px;color: var(--dark-grey2);font-family: Lato, sans-serif;font-style: normal;letter-spacing: normal;text-align: start;text-indent: 0px;text-transform: none\">Produto: Repelente Eletr\u00f4nico<br \/>\nMarca: Kawoa<br \/>\nMaterial: Pl\u00e1stico<br \/>\nCor: Branco<br \/>\nTens\u00e3o El\u00e9trica:110v &#8211; 220v<br \/>\nFrequ\u00eancia: 19KHZ<br \/>\nCaracter\u00edsticas: Repele insetos atrav\u00e9s de ondas sonoras<br \/>\nAt\u00f3xico<br \/>\nAntial\u00e9rgico<br \/>\nN\u00e3o utiliza refil<br \/>\nConsumo de 0,00005w<br \/>\nRaio de 30m\u00b2<br \/>\nNormatizado pela ABNT 14136<br \/>\nItens Inclusos: 2 Repelentes Eletr\u00f4nico<\/p>\n<p><\/span><\/p>\n","protected":false},"featured_media":25930,"template":"","meta":{"_joinchat":[]},"product_brand":[],"product_cat":[132],"product_tag":[],"class_list":{"0":"post-7629","1":"product","2":"type-product","3":"status-publish","4":"has-post-thumbnail","6":"product_cat-inseticidas","8":"first","9":"instock","10":"shipping-taxable","11":"purchasable","12":"product-type-simple"},"_links":{"self":[{"href":"https:\/\/www.multicasa.com.br\/inicio\/wp-json\/wp\/v2\/product\/7629","targetHints":{"allow":["GET"]}}],"collection":[{"href":"https:\/\/www.multicasa.com.br\/inicio\/wp-json\/wp\/v2\/product"}],"about":[{"href":"https:\/\/www.multicasa.com.br\/inicio\/wp-json\/wp\/v2\/types\/product"}],"wp:featuredmedia":[{"embeddable":true,"href":"https:\/\/www.multicasa.com.br\/inicio\/wp-json\/wp\/v2\/media\/25930"}],"wp:attachment":[{"href":"https:\/\/www.multicasa.com.br\/inicio\/wp-json\/wp\/v2\/media?parent=7629"}],"wp:term":[{"taxonomy":"product_brand","embeddable":true,"href":"https:\/\/www.multicasa.com.br\/inicio\/wp-json\/wp\/v2\/product_brand?post=7629"},{"taxonomy":"product_cat","embeddable":true,"href":"https:\/\/www.multicasa.com.br\/inicio\/wp-json\/wp\/v2\/product_cat?post=7629"},{"taxonomy":"product_tag","embeddable":true,"href":"https:\/\/www.multicasa.com.br\/inicio\/wp-json\/wp\/v2\/product_tag?post=7629"}],"curies":[{"name":"wp","href":"https:\/\/api.w.org\/{rel}","templated":true}]}}