{"id":7630,"date":"2025-06-20T17:24:29","date_gmt":"2025-06-20T21:24:29","guid":{"rendered":"https:\/\/www.multicasa.com.br\/inicio\/?post_type=product&#038;p=7630"},"modified":"2026-04-27T16:00:22","modified_gmt":"2026-04-27T20:00:22","slug":"torneira-para-cozinha-de-mesa-cromada-c34-esteves","status":"publish","type":"product","link":"https:\/\/www.multicasa.com.br\/inicio\/produto\/torneira-para-cozinha-de-mesa-cromada-c34-esteves\/","title":{"rendered":"Torneira para Cozinha de Mesa Cromada C34 Esteves"},"content":{"rendered":"<p>A Torneira para Cozinha de Mesa Cromada Esteves deixa o ambiente muito mais sofisticado e moderno. Fabricado em metal cromado com arejador, seu sistema de acionamento \u00e9 rotativo de 1\/4 de volta. A garantia de qualidade e durabilidade que sua casa precisa. <\/p>\n","protected":false},"excerpt":{"rendered":"<h4 style=\"margin: 0px;padding: 0px 0px 16px;font-family: Lato, sans-serif;font-weight: bold;line-height: 3rem;color: var(--dark-grey3);font-size: 22px;font-style: normal;letter-spacing: normal;text-align: start;text-indent: 0px;text-transform: none\">Informa\u00e7\u00f5es t\u00e9cnicas<\/h4>\n<p><span style=\"margin: 0px;padding: 0px;font-weight: 450;font-size: 14px;line-height: 21px;color: var(--dark-grey2);font-family: Lato, sans-serif;font-style: normal;letter-spacing: normal;text-align: start;text-indent: 0px;text-transform: none\">Produto: Torneira<br \/>\nMarca: Esteves<br \/>\nMaterial: Metal<br \/>\nCanopla em inox<br \/>\nPorca em lingote lat\u00e3o<br \/>\nArruela em PVC<br \/>\nAcabamento: Cromado<br \/>\nCor: Prata<br \/>\nCaracter\u00edsticas: Bitola 3\/4<br \/>\nArruela de 1\/2<br \/>\nCom arejador<br \/>\nAnel oring<br \/>\nTipo de mesa, alta e m\u00f3vel<br \/>\nSistema de acionamento rotativo 1\/4 de volta<br \/>\nNormatizado pela ABNT<br \/>\nItens inclusos: 1 Torneira<br \/>\nDimens\u00f5es do produto (A X L X P): Com rosca &#8211; 28 x 16 x 4cm<br \/>\nSem rosca &#8211; 23,5 x 16 x 4cm<br \/>\nGarantia: 15 anos pelo fabricante<br \/>\n<\/span><\/p>\n","protected":false},"featured_media":7668,"template":"","meta":{"_joinchat":[]},"product_brand":[],"product_cat":[67],"product_tag":[],"class_list":{"0":"post-7630","1":"product","2":"type-product","3":"status-publish","4":"has-post-thumbnail","6":"product_cat-torneiras-e-cia","8":"first","9":"instock","10":"shipping-taxable","11":"purchasable","12":"product-type-simple"},"_links":{"self":[{"href":"https:\/\/www.multicasa.com.br\/inicio\/wp-json\/wp\/v2\/product\/7630","targetHints":{"allow":["GET"]}}],"collection":[{"href":"https:\/\/www.multicasa.com.br\/inicio\/wp-json\/wp\/v2\/product"}],"about":[{"href":"https:\/\/www.multicasa.com.br\/inicio\/wp-json\/wp\/v2\/types\/product"}],"wp:featuredmedia":[{"embeddable":true,"href":"https:\/\/www.multicasa.com.br\/inicio\/wp-json\/wp\/v2\/media\/7668"}],"wp:attachment":[{"href":"https:\/\/www.multicasa.com.br\/inicio\/wp-json\/wp\/v2\/media?parent=7630"}],"wp:term":[{"taxonomy":"product_brand","embeddable":true,"href":"https:\/\/www.multicasa.com.br\/inicio\/wp-json\/wp\/v2\/product_brand?post=7630"},{"taxonomy":"product_cat","embeddable":true,"href":"https:\/\/www.multicasa.com.br\/inicio\/wp-json\/wp\/v2\/product_cat?post=7630"},{"taxonomy":"product_tag","embeddable":true,"href":"https:\/\/www.multicasa.com.br\/inicio\/wp-json\/wp\/v2\/product_tag?post=7630"}],"curies":[{"name":"wp","href":"https:\/\/api.w.org\/{rel}","templated":true}]}}