{"id":7631,"date":"2025-06-20T17:24:29","date_gmt":"2025-06-20T21:24:29","guid":{"rendered":"https:\/\/www.multicasa.com.br\/inicio\/?post_type=product&#038;p=7631"},"modified":"2025-08-18T00:54:07","modified_gmt":"2025-08-18T04:54:07","slug":"vaporizador-portatil-black-decker-bdv2000v-1200w-127v","status":"publish","type":"product","link":"https:\/\/www.multicasa.com.br\/inicio\/produto\/vaporizador-portatil-black-decker-bdv2000v-1200w-127v\/","title":{"rendered":"Vaporizador Port\u00e1til Black + Decker BDV2000V 1200W -127V"},"content":{"rendered":"<p>Com o Vaporizador port\u00e1til Black + Decker modelo BDV2000V voc\u00ea poder\u00e1 passar roupas delicadas e diretamente no cabide, al\u00e9m de esterilizar estofados, almofadas e cortinas. Funciona em todas as dire\u00e7\u00f5es, podendo ser usado tanto na vertical como na horizontal sobre uma superf\u00edcie pressionando a chapa de a\u00e7o inox sobre o tecido. Seu vapor cont\u00ednuo em grande quantidade com controle anti gotejamento e gatilho para regular o vapor \u00e9 ideal para evitar desperd\u00edcios e concluir o processo com maior agilidade. Com 1200w de pot\u00eancia e compatibilidade de tens\u00e3o para 127v, desliga automaticamente ap\u00f3s alguns minutos sem uso. Seu cabo \u00e9 anat\u00f4mico e girat\u00f3rio de 360\u00b0, al\u00e9m de possuir copo medidor para reabastecer a \u00e1gua com fechamento seguro do reservat\u00f3rio. Inclui acess\u00f3rios para remo\u00e7\u00e3o de pelos e para tecidos delicados, sendo ideal para desamassar inclusive ternos e vestidos de festa. Compacto e leve, perfeito para levar na mala.<\/p>\n","protected":false},"excerpt":{"rendered":"<h4 style=\"margin: 0px;padding: 0px 0px 16px;font-family: Lato, sans-serif;font-weight: bold;line-height: 3rem;color: var(--dark-grey3);font-size: 22px;font-style: normal;letter-spacing: normal;text-align: start;text-indent: 0px;text-transform: none\">Informa\u00e7\u00f5es t\u00e9cnicas<\/h4>\n<p><span style=\"margin: 0px;padding: 0px;font-weight: 450;font-size: 14px;line-height: 21px;color: var(--dark-grey2);font-family: Lato, sans-serif;font-style: normal;letter-spacing: normal;text-align: start;text-indent: 0px;text-transform: none\">Produto: Vaporizador<br \/>\nTipo: Port\u00e1til<br \/>\nMarca: Black + Decker<br \/>\nModelo: BDV2000V<br \/>\nMaterial: Pl\u00e1stico<br \/>\nCor: Vermelho<br \/>\nUso indicado: Passar roupas e esterilizar estofados, almofadas e cortinas<br \/>\nPot\u00eancia: 1200w<br \/>\nTens\u00e3o el\u00e9trica: 127v<br \/>\nCapacidade do reservat\u00f3rio: 260ml<br \/>\nTemperatura m\u00e1xima: 216\u00baC<br \/>\nCaracter\u00edsticas: Cabo com giro de 360\u00ba, desliga automaticamente ap\u00f3s alguns minutos sem uso, controle anti gotejamento<br \/>\nItens Inclusos:1 vaporizador, 1 escova para remo\u00e7\u00e3o de pelos, 1 escova para tecidos delicados e 1 copo medidor<br \/>\nDimens\u00f5es do produto (A X L): 31,5 x 16cm<br \/>\nOCP: 0040<\/span><\/p>\n","protected":false},"featured_media":26219,"template":"","meta":{"_joinchat":[]},"product_brand":[],"product_cat":[95],"product_tag":[],"class_list":{"0":"post-7631","1":"product","2":"type-product","3":"status-publish","4":"has-post-thumbnail","6":"product_cat-lavanderia","8":"first","9":"outofstock","10":"shipping-taxable","11":"purchasable","12":"product-type-simple"},"_links":{"self":[{"href":"https:\/\/www.multicasa.com.br\/inicio\/wp-json\/wp\/v2\/product\/7631","targetHints":{"allow":["GET"]}}],"collection":[{"href":"https:\/\/www.multicasa.com.br\/inicio\/wp-json\/wp\/v2\/product"}],"about":[{"href":"https:\/\/www.multicasa.com.br\/inicio\/wp-json\/wp\/v2\/types\/product"}],"wp:featuredmedia":[{"embeddable":true,"href":"https:\/\/www.multicasa.com.br\/inicio\/wp-json\/wp\/v2\/media\/26219"}],"wp:attachment":[{"href":"https:\/\/www.multicasa.com.br\/inicio\/wp-json\/wp\/v2\/media?parent=7631"}],"wp:term":[{"taxonomy":"product_brand","embeddable":true,"href":"https:\/\/www.multicasa.com.br\/inicio\/wp-json\/wp\/v2\/product_brand?post=7631"},{"taxonomy":"product_cat","embeddable":true,"href":"https:\/\/www.multicasa.com.br\/inicio\/wp-json\/wp\/v2\/product_cat?post=7631"},{"taxonomy":"product_tag","embeddable":true,"href":"https:\/\/www.multicasa.com.br\/inicio\/wp-json\/wp\/v2\/product_tag?post=7631"}],"curies":[{"name":"wp","href":"https:\/\/api.w.org\/{rel}","templated":true}]}}