{"id":7633,"date":"2025-06-20T17:24:29","date_gmt":"2025-06-20T21:24:29","guid":{"rendered":"https:\/\/www.multicasa.com.br\/inicio\/?post_type=product&#038;p=7633"},"modified":"2025-06-20T17:24:54","modified_gmt":"2025-06-20T21:24:54","slug":"sache-perfumado-aromatizador-jardim-de-bambu-dambiance-10g","status":"publish","type":"product","link":"https:\/\/www.multicasa.com.br\/inicio\/produto\/sache-perfumado-aromatizador-jardim-de-bambu-dambiance-10g\/","title":{"rendered":"Sach\u00ea Perfumado Aromatizador Jardim de Bambu D&#8217;Ambiance 10g"},"content":{"rendered":"<p>Sach\u00ea Perfumado Aromatizador da D&#8217;Ambiance com fragr\u00e2ncia Jardim de Bambu. Sach\u00eas aromatizantes com aroma s\u00e3o ideais para aromatizar autom\u00f3veis, arm\u00e1rios, gavetas e tamb\u00e9m ambientes em casa ou no trabalho. Os sach\u00eas de envelope foram desenvolvidos para proporcionar um perfume agrad\u00e1vel e duradouro.<br \/>\nMantenha os ambientes com o seu aroma preferido!<\/p>\n","protected":false},"excerpt":{"rendered":"<h4 style=\"margin: 0px;padding: 0px 0px 16px;font-family: Lato, sans-serif;font-weight: bold;line-height: 3rem;color: var(--dark-grey3);font-size: 22px;font-style: normal;letter-spacing: normal;text-align: start;text-indent: 0px;text-transform: none\">Informa\u00e7\u00f5es t\u00e9cnicas<\/h4>\n<p><span style=\"margin: 0px;padding: 0px;font-weight: 450;font-size: 14px;line-height: 21px;color: var(--dark-grey2);font-family: Lato, sans-serif;font-style: normal;letter-spacing: normal;text-align: start;text-indent: 0px;text-transform: none\">Produto: Sach\u00ea perfumado<br \/>\nMarca: D?ambience<br \/>\nUso indicado: Aromatizar carros, gavetas, entre outros<br \/>\nConte\u00fado: 10g<br \/>\nCaracter\u00edsticas: Fragr\u00e2ncia Jardim de Bambu<br \/>\nItens Inclusos: 1 sach\u00ea perfumado<br \/>\nDimens\u00f5es do produto (A x L): 11 x 8,5cm<br \/>\n<\/span><\/p>\n","protected":false},"featured_media":7687,"template":"","meta":{"_joinchat":[]},"product_brand":[],"product_cat":[96],"product_tag":[],"class_list":{"0":"post-7633","1":"product","2":"type-product","3":"status-publish","4":"has-post-thumbnail","6":"product_cat-limpeza-e-cia","8":"first","9":"outofstock","10":"shipping-taxable","11":"product-type-simple"},"_links":{"self":[{"href":"https:\/\/www.multicasa.com.br\/inicio\/wp-json\/wp\/v2\/product\/7633","targetHints":{"allow":["GET"]}}],"collection":[{"href":"https:\/\/www.multicasa.com.br\/inicio\/wp-json\/wp\/v2\/product"}],"about":[{"href":"https:\/\/www.multicasa.com.br\/inicio\/wp-json\/wp\/v2\/types\/product"}],"wp:featuredmedia":[{"embeddable":true,"href":"https:\/\/www.multicasa.com.br\/inicio\/wp-json\/wp\/v2\/media\/7687"}],"wp:attachment":[{"href":"https:\/\/www.multicasa.com.br\/inicio\/wp-json\/wp\/v2\/media?parent=7633"}],"wp:term":[{"taxonomy":"product_brand","embeddable":true,"href":"https:\/\/www.multicasa.com.br\/inicio\/wp-json\/wp\/v2\/product_brand?post=7633"},{"taxonomy":"product_cat","embeddable":true,"href":"https:\/\/www.multicasa.com.br\/inicio\/wp-json\/wp\/v2\/product_cat?post=7633"},{"taxonomy":"product_tag","embeddable":true,"href":"https:\/\/www.multicasa.com.br\/inicio\/wp-json\/wp\/v2\/product_tag?post=7633"}],"curies":[{"name":"wp","href":"https:\/\/api.w.org\/{rel}","templated":true}]}}