{"id":7638,"date":"2025-06-20T17:24:29","date_gmt":"2025-06-20T21:24:29","guid":{"rendered":"https:\/\/www.multicasa.com.br\/inicio\/?post_type=product&#038;p=7638"},"modified":"2026-03-18T08:30:11","modified_gmt":"2026-03-18T12:30:11","slug":"vassoura-novica-para-piso-delicado-bettanin","status":"publish","type":"product","link":"https:\/\/www.multicasa.com.br\/inicio\/produto\/vassoura-novica-para-piso-delicado-bettanin\/","title":{"rendered":"Vassoura Novi\u00e7a para Piso Delicado Bettanin"},"content":{"rendered":"<p>A Vassoura Novi\u00e7a da Bettanin \u00e9 ideal para pisos delicados, secos e lisos, como amadeirados envernizados e os vin\u00edlicos. Suas cerdas s\u00e3o macias, feitas de material natural e n\u00e3o arranham o piso. O cabo se encaixa com dispositivo de rosca em uma cavidade inclinada, facilitando varrer em baixo dos m\u00f3veis.<br \/>\nFacilite a limpeza e ganhe mais tempo no seu dia-a-dia!<\/p>\n","protected":false},"excerpt":{"rendered":"<h4 style=\"margin: 0px;padding: 0px 0px 16px;font-family: Lato, sans-serif;font-weight: bold;line-height: 3rem;color: var(--dark-grey3);font-size: 22px;font-style: normal;letter-spacing: normal;text-align: start;text-indent: 0px;text-transform: none\">Informa\u00e7\u00f5es t\u00e9cnicas<\/h4>\n<p><span style=\"margin: 0px;padding: 0px;font-weight: 450;font-size: 14px;line-height: 21px;color: var(--dark-grey2);font-family: Lato, sans-serif;font-style: normal;letter-spacing: normal;text-align: start;text-indent: 0px;text-transform: none\">Produto: Vassoura<br \/>\nMarca: Bettanin<br \/>\nMaterial: Fibra e cerdas naturais<br \/>\nCor: Verde e Preta<br \/>\nCaracter\u00edsticas: N\u00e3o arranha o piso, cerdas macias, cabo inclinado<br \/>\nItens Inclusos: 1 vassoura<br \/>\nDimens\u00f5es do produto (A X L X P): 11 x 31 x 7cm<\/span><\/p>\n","protected":false},"featured_media":7700,"template":"","meta":{"_joinchat":[]},"product_brand":[],"product_cat":[96],"product_tag":[],"class_list":{"0":"post-7638","1":"product","2":"type-product","3":"status-publish","4":"has-post-thumbnail","6":"product_cat-limpeza-e-cia","8":"first","9":"instock","10":"shipping-taxable","11":"purchasable","12":"product-type-simple"},"_links":{"self":[{"href":"https:\/\/www.multicasa.com.br\/inicio\/wp-json\/wp\/v2\/product\/7638","targetHints":{"allow":["GET"]}}],"collection":[{"href":"https:\/\/www.multicasa.com.br\/inicio\/wp-json\/wp\/v2\/product"}],"about":[{"href":"https:\/\/www.multicasa.com.br\/inicio\/wp-json\/wp\/v2\/types\/product"}],"wp:featuredmedia":[{"embeddable":true,"href":"https:\/\/www.multicasa.com.br\/inicio\/wp-json\/wp\/v2\/media\/7700"}],"wp:attachment":[{"href":"https:\/\/www.multicasa.com.br\/inicio\/wp-json\/wp\/v2\/media?parent=7638"}],"wp:term":[{"taxonomy":"product_brand","embeddable":true,"href":"https:\/\/www.multicasa.com.br\/inicio\/wp-json\/wp\/v2\/product_brand?post=7638"},{"taxonomy":"product_cat","embeddable":true,"href":"https:\/\/www.multicasa.com.br\/inicio\/wp-json\/wp\/v2\/product_cat?post=7638"},{"taxonomy":"product_tag","embeddable":true,"href":"https:\/\/www.multicasa.com.br\/inicio\/wp-json\/wp\/v2\/product_tag?post=7638"}],"curies":[{"name":"wp","href":"https:\/\/api.w.org\/{rel}","templated":true}]}}