{"id":7642,"date":"2025-06-20T17:24:30","date_gmt":"2025-06-20T21:24:30","guid":{"rendered":"https:\/\/www.multicasa.com.br\/inicio\/?post_type=product&#038;p=7642"},"modified":"2025-06-23T10:34:47","modified_gmt":"2025-06-23T14:34:47","slug":"rodo-novica-vai-e-vem-bettanin-30cm","status":"publish","type":"product","link":"https:\/\/www.multicasa.com.br\/inicio\/produto\/rodo-novica-vai-e-vem-bettanin-30cm\/","title":{"rendered":"Rodo Novi\u00e7a Vai e Vem Bettanin 30cm"},"content":{"rendered":"<p>Com o Rodo Novi\u00e7a Vai e Vem Bettanin de aproximadamente 30cm, voc\u00ea tem um produto dur\u00e1vel e resistente. Produzido em Cepa e borracha resistente, possui garras para prender o pano e facilitar a limpeza e \u00e9 ideal para pisos r\u00fasticos.<\/p>\n","protected":false},"excerpt":{"rendered":"<h4 style=\"margin: 0px;padding: 0px 0px 16px;font-family: Lato, sans-serif;font-weight: bold;line-height: 3rem;color: var(--dark-grey3);font-size: 22px;font-style: normal;letter-spacing: normal;text-align: start;text-indent: 0px;text-transform: none\">Informa\u00e7\u00f5es t\u00e9cnicas<\/h4>\n<p><span style=\"margin: 0px;padding: 0px;font-weight: 450;font-size: 14px;line-height: 21px;color: var(--dark-grey2);font-family: Lato, sans-serif;font-style: normal;letter-spacing: normal;text-align: start;text-indent: 0px;text-transform: none\">Produto: Rodo<br \/>\nMarca: Bettanin<br \/>\nMaterial: Cepa<br \/>\nBorracha<br \/>\nCor: Verde e preto<br \/>\nCaracter\u00edsticas: Prende o pano com f\u00e1cilidade nos ganchos<br \/>\nItens Inclusos: 1 rodo<br \/>\nDimens\u00f5es do produto (A x L x P): base &#8211; 8 x 29,5 x 3,5cm<br \/>\nCabo &#8211; 1,19m<\/span><\/p>\n","protected":false},"featured_media":25941,"template":"","meta":{"_joinchat":[]},"product_brand":[],"product_cat":[96],"product_tag":[],"class_list":{"0":"post-7642","1":"product","2":"type-product","3":"status-publish","4":"has-post-thumbnail","6":"product_cat-limpeza-e-cia","8":"first","9":"outofstock","10":"shipping-taxable","11":"product-type-simple"},"_links":{"self":[{"href":"https:\/\/www.multicasa.com.br\/inicio\/wp-json\/wp\/v2\/product\/7642","targetHints":{"allow":["GET"]}}],"collection":[{"href":"https:\/\/www.multicasa.com.br\/inicio\/wp-json\/wp\/v2\/product"}],"about":[{"href":"https:\/\/www.multicasa.com.br\/inicio\/wp-json\/wp\/v2\/types\/product"}],"wp:featuredmedia":[{"embeddable":true,"href":"https:\/\/www.multicasa.com.br\/inicio\/wp-json\/wp\/v2\/media\/25941"}],"wp:attachment":[{"href":"https:\/\/www.multicasa.com.br\/inicio\/wp-json\/wp\/v2\/media?parent=7642"}],"wp:term":[{"taxonomy":"product_brand","embeddable":true,"href":"https:\/\/www.multicasa.com.br\/inicio\/wp-json\/wp\/v2\/product_brand?post=7642"},{"taxonomy":"product_cat","embeddable":true,"href":"https:\/\/www.multicasa.com.br\/inicio\/wp-json\/wp\/v2\/product_cat?post=7642"},{"taxonomy":"product_tag","embeddable":true,"href":"https:\/\/www.multicasa.com.br\/inicio\/wp-json\/wp\/v2\/product_tag?post=7642"}],"curies":[{"name":"wp","href":"https:\/\/api.w.org\/{rel}","templated":true}]}}