{"id":7672,"date":"2025-06-20T17:24:52","date_gmt":"2025-06-20T21:24:52","guid":{"rendered":"https:\/\/www.multicasa.com.br\/inicio\/?post_type=product&#038;p=7672"},"modified":"2025-12-19T10:01:15","modified_gmt":"2025-12-19T14:01:15","slug":"teclado-slim-com-fio-usb-tc193-preto-multilaser","status":"publish","type":"product","link":"https:\/\/www.multicasa.com.br\/inicio\/produto\/teclado-slim-com-fio-usb-tc193-preto-multilaser\/","title":{"rendered":"Teclado Slim com Fio USB TC193 Preto Multilaser"},"content":{"rendered":"<p>O Teclado TC193 Preto da Multilaser possui design moderno no formato slim e tecnologia avan\u00e7ada, que permite uma digita\u00e7\u00e3o mais confort\u00e1vel e silenciosa com as teclas extra macias, que s\u00e3o impressas a laser impedindo que os n\u00fameros e letras se desfa\u00e7am, al\u00e9m de resistentes a \u00e1gua. Sua conex\u00e3o \u00e9 usb e tem compatibilidade com windows.<br \/>\nO Teclado Multilaser \u00e9 pr\u00e1tico e indispens\u00e1vel para o uso no dia a dia em casa ou escrit\u00f3rio.<\/p>\n","protected":false},"excerpt":{"rendered":"<h4 style=\"margin: 0px;padding: 0px 0px 16px;font-family: Lato, sans-serif;font-weight: bold;line-height: 3rem;color: var(--dark-grey3);font-size: 22px;font-style: normal;letter-spacing: normal;text-align: start;text-indent: 0px;text-transform: none\">Informa\u00e7\u00f5es t\u00e9cnicas<\/h4>\n<p><span style=\"margin: 0px;padding: 0px;font-weight: 450;font-size: 14px;line-height: 21px;color: var(--dark-grey2);font-family: Lato, sans-serif;font-style: normal;letter-spacing: normal;text-align: start;text-indent: 0px;text-transform: none\">Produto: Teclado com fio<br \/>\nMarca: Multilaser<br \/>\nModelo: TC193<br \/>\nMaterial: Pl\u00e1stico<br \/>\nCor: Preto<br \/>\nCaracter\u00edsticas: Slim<br \/>\nPorta USB<br \/>\nTeclas silenciosas<br \/>\nTeclas impressas a laser<br \/>\nTeclas resistentes \u00e0 \u00e1gua<br \/>\nCompat\u00edvel com Windows 9x, 2000, ME, XP, NT ou superiores<br \/>\nItens Inclusos: 1 Teclado com fio<br \/>\nDimens\u00f5es do produto (C): Cabo &#8211; 1m<br \/>\n<\/span><\/p>\n","protected":false},"featured_media":7731,"template":"","meta":{"_joinchat":[]},"product_brand":[],"product_cat":[130],"product_tag":[],"class_list":{"0":"post-7672","1":"product","2":"type-product","3":"status-publish","4":"has-post-thumbnail","6":"product_cat-informatica","8":"first","9":"outofstock","10":"shipping-taxable","11":"purchasable","12":"product-type-simple"},"_links":{"self":[{"href":"https:\/\/www.multicasa.com.br\/inicio\/wp-json\/wp\/v2\/product\/7672","targetHints":{"allow":["GET"]}}],"collection":[{"href":"https:\/\/www.multicasa.com.br\/inicio\/wp-json\/wp\/v2\/product"}],"about":[{"href":"https:\/\/www.multicasa.com.br\/inicio\/wp-json\/wp\/v2\/types\/product"}],"wp:featuredmedia":[{"embeddable":true,"href":"https:\/\/www.multicasa.com.br\/inicio\/wp-json\/wp\/v2\/media\/7731"}],"wp:attachment":[{"href":"https:\/\/www.multicasa.com.br\/inicio\/wp-json\/wp\/v2\/media?parent=7672"}],"wp:term":[{"taxonomy":"product_brand","embeddable":true,"href":"https:\/\/www.multicasa.com.br\/inicio\/wp-json\/wp\/v2\/product_brand?post=7672"},{"taxonomy":"product_cat","embeddable":true,"href":"https:\/\/www.multicasa.com.br\/inicio\/wp-json\/wp\/v2\/product_cat?post=7672"},{"taxonomy":"product_tag","embeddable":true,"href":"https:\/\/www.multicasa.com.br\/inicio\/wp-json\/wp\/v2\/product_tag?post=7672"}],"curies":[{"name":"wp","href":"https:\/\/api.w.org\/{rel}","templated":true}]}}