{"id":7674,"date":"2025-06-20T17:24:52","date_gmt":"2025-06-20T21:24:52","guid":{"rendered":"https:\/\/www.multicasa.com.br\/inicio\/?post_type=product&#038;p=7674"},"modified":"2025-09-30T15:33:46","modified_gmt":"2025-09-30T19:33:46","slug":"pilha-recarregavel-aaa-flex-2-unidades","status":"publish","type":"product","link":"https:\/\/www.multicasa.com.br\/inicio\/produto\/pilha-recarregavel-aaa-flex-2-unidades\/","title":{"rendered":"Pilha Recarreg\u00e1vel AAA Flex 2 Unidades"},"content":{"rendered":"<p>Pilha Palito Recarreg\u00e1vel AAA Flex, ideal para voc\u00ea que n\u00e3o quer mais se preocupar em gastar dinheiro comprando novas pilhas a todo momento. O modelo palito \u00e9 muito utilizado em controles remotos, mouses sem fio, rel\u00f3gios de parede e etc. O tempo m\u00e9dio de recarga varia de acordo com a amperagem do carregador utilizado, entre 6h at\u00e9 16h aproximadamente.<br \/>\nEmbalagem com 2 unidades.<\/p>\n","protected":false},"excerpt":{"rendered":"<h4 style=\"margin: 0px;padding: 0px 0px 16px;font-family: Lato, sans-serif;font-weight: bold;line-height: 3rem;color: var(--dark-grey3);font-size: 22px;font-style: normal;letter-spacing: normal;text-align: start;text-indent: 0px;text-transform: none\">Informa\u00e7\u00f5es t\u00e9cnicas<\/h4>\n<p><span style=\"margin: 0px;padding: 0px;font-weight: 450;font-size: 14px;line-height: 21px;color: var(--dark-grey2);font-family: Lato, sans-serif;font-style: normal;letter-spacing: normal;text-align: start;text-indent: 0px;text-transform: none\">Produto: Pilha<br \/>\nTipo: Recarreg\u00e1vel<br \/>\nMarca: Flex<br \/>\nTamanho: AAA<br \/>\nModelo: FXAAA11<br \/>\nAmperagem: 1100 mah<br \/>\nVoltagem: 1,2v<br \/>\nItens inclusos: 2 Pilhas<\/span><\/p>\n","protected":false},"featured_media":7738,"template":"","meta":{"_joinchat":[]},"product_brand":[],"product_cat":[151],"product_tag":[],"class_list":{"0":"post-7674","1":"product","2":"type-product","3":"status-publish","4":"has-post-thumbnail","6":"product_cat-pilhas","8":"first","9":"instock","10":"shipping-taxable","11":"purchasable","12":"product-type-simple"},"_links":{"self":[{"href":"https:\/\/www.multicasa.com.br\/inicio\/wp-json\/wp\/v2\/product\/7674","targetHints":{"allow":["GET"]}}],"collection":[{"href":"https:\/\/www.multicasa.com.br\/inicio\/wp-json\/wp\/v2\/product"}],"about":[{"href":"https:\/\/www.multicasa.com.br\/inicio\/wp-json\/wp\/v2\/types\/product"}],"wp:featuredmedia":[{"embeddable":true,"href":"https:\/\/www.multicasa.com.br\/inicio\/wp-json\/wp\/v2\/media\/7738"}],"wp:attachment":[{"href":"https:\/\/www.multicasa.com.br\/inicio\/wp-json\/wp\/v2\/media?parent=7674"}],"wp:term":[{"taxonomy":"product_brand","embeddable":true,"href":"https:\/\/www.multicasa.com.br\/inicio\/wp-json\/wp\/v2\/product_brand?post=7674"},{"taxonomy":"product_cat","embeddable":true,"href":"https:\/\/www.multicasa.com.br\/inicio\/wp-json\/wp\/v2\/product_cat?post=7674"},{"taxonomy":"product_tag","embeddable":true,"href":"https:\/\/www.multicasa.com.br\/inicio\/wp-json\/wp\/v2\/product_tag?post=7674"}],"curies":[{"name":"wp","href":"https:\/\/api.w.org\/{rel}","templated":true}]}}