{"id":7676,"date":"2025-06-20T17:24:52","date_gmt":"2025-06-20T21:24:52","guid":{"rendered":"https:\/\/www.multicasa.com.br\/inicio\/?post_type=product&#038;p=7676"},"modified":"2026-03-09T16:20:58","modified_gmt":"2026-03-09T20:20:58","slug":"pano-para-limpeza-esfregao-alvejado-ouro-branco-2-panos","status":"publish","type":"product","link":"https:\/\/www.multicasa.com.br\/inicio\/produto\/pano-para-limpeza-esfregao-alvejado-ouro-branco-2-panos\/","title":{"rendered":"Pano para Limpeza Esfreg\u00e3o Alvejado Ouro Branco 2 panos"},"content":{"rendered":"<p>O Pano para Limpeza Alvejado Ouro Branco \u00e9 produzido em 90% de algod\u00e3o e \u00e9 perfeito para limpezas do dia a dia. Com aproximadamente 58 x 68cm, lava, seca rapidamente e lustra. Perfeito para agilizar a limpeza com esfreg\u00e3o.<\/p>\n","protected":false},"excerpt":{"rendered":"<h4 style=\"margin: 0px;padding: 0px 0px 16px;font-family: Lato, sans-serif;font-weight: bold;line-height: 3rem;color: var(--dark-grey3);font-size: 22px;font-style: normal;letter-spacing: normal;text-align: start;text-indent: 0px;text-transform: none\">Informa\u00e7\u00f5es t\u00e9cnicas<\/h4>\n<p><span style=\"margin: 0px;padding: 0px;font-weight: 450;font-size: 14px;line-height: 21px;color: var(--dark-grey2);font-family: Lato, sans-serif;font-style: normal;letter-spacing: normal;text-align: start;text-indent: 0px;text-transform: none\">Produto: Pano Multiuso<br \/>\nMarca: Ouro Branco<br \/>\nMaterial: 90% algod\u00e3o<br \/>\nCor: Branco<br \/>\nCaracter\u00edsticas: Reutiliz\u00e1vel<br \/>\nLimpa, lava e lustra<br \/>\nSeca rapidamente<br \/>\nItens Inclusos: 2 panos<br \/>\nDimens\u00f5es do produto (A X L): 58 x 68cm<\/span><\/p>\n","protected":false},"featured_media":7741,"template":"","meta":{"_joinchat":[]},"product_brand":[],"product_cat":[96],"product_tag":[],"class_list":{"0":"post-7676","1":"product","2":"type-product","3":"status-publish","4":"has-post-thumbnail","6":"product_cat-limpeza-e-cia","8":"first","9":"instock","10":"shipping-taxable","11":"purchasable","12":"product-type-simple"},"_links":{"self":[{"href":"https:\/\/www.multicasa.com.br\/inicio\/wp-json\/wp\/v2\/product\/7676","targetHints":{"allow":["GET"]}}],"collection":[{"href":"https:\/\/www.multicasa.com.br\/inicio\/wp-json\/wp\/v2\/product"}],"about":[{"href":"https:\/\/www.multicasa.com.br\/inicio\/wp-json\/wp\/v2\/types\/product"}],"wp:featuredmedia":[{"embeddable":true,"href":"https:\/\/www.multicasa.com.br\/inicio\/wp-json\/wp\/v2\/media\/7741"}],"wp:attachment":[{"href":"https:\/\/www.multicasa.com.br\/inicio\/wp-json\/wp\/v2\/media?parent=7676"}],"wp:term":[{"taxonomy":"product_brand","embeddable":true,"href":"https:\/\/www.multicasa.com.br\/inicio\/wp-json\/wp\/v2\/product_brand?post=7676"},{"taxonomy":"product_cat","embeddable":true,"href":"https:\/\/www.multicasa.com.br\/inicio\/wp-json\/wp\/v2\/product_cat?post=7676"},{"taxonomy":"product_tag","embeddable":true,"href":"https:\/\/www.multicasa.com.br\/inicio\/wp-json\/wp\/v2\/product_tag?post=7676"}],"curies":[{"name":"wp","href":"https:\/\/api.w.org\/{rel}","templated":true}]}}