{"id":7681,"date":"2025-06-20T17:24:53","date_gmt":"2025-06-20T21:24:53","guid":{"rendered":"https:\/\/www.multicasa.com.br\/inicio\/?post_type=product&#038;p=7681"},"modified":"2025-12-16T18:15:45","modified_gmt":"2025-12-16T22:15:45","slug":"prego-de-aco-com-cabeca-160x25mm-bemfixa-20-unidades","status":"publish","type":"product","link":"https:\/\/www.multicasa.com.br\/inicio\/produto\/prego-de-aco-com-cabeca-160x25mm-bemfixa-20-unidades\/","title":{"rendered":"Prego de A\u00e7o com Cabe\u00e7a 1,60x25mm Bemfixa 20 Unidades"},"content":{"rendered":"<p>O Prego com Cabe\u00e7a Bemfixa \u00e9 fabricado com a\u00e7o nobre, passa por um tratamento t\u00e9rmico que aumenta sua dureza, deixando-o mais resistente, indicado para aplica\u00e7\u00e3o em concreto. Pregos com dimens\u00f5es de 1,60 x 25 mm na cor prata, contendo 20 unidades.<\/p>\n","protected":false},"excerpt":{"rendered":"<h4 style=\"margin: 0px;padding: 0px 0px 16px;font-family: Lato, sans-serif;font-weight: bold;line-height: 3rem;color: var(--dark-grey3);font-size: 22px;font-style: normal;letter-spacing: normal;text-align: start;text-indent: 0px;text-transform: none\">Informa\u00e7\u00f5es t\u00e9cnicas<\/h4>\n<p><span style=\"margin: 0px;padding: 0px;font-weight: 450;font-size: 14px;line-height: 21px;color: var(--dark-grey2);font-family: Lato, sans-serif;font-style: normal;letter-spacing: normal;text-align: start;text-indent: 0px;text-transform: none\">Produto: Prego com Cabe\u00e7a<br \/>\nMarca: Bemfixa<br \/>\nMaterial: A\u00e7o<br \/>\nCor: Prata<br \/>\nItens inclusos: 20 Pregos com cabe\u00e7a<br \/>\nDimens\u00f5es do produto (A X L) 1,6 x 25mm<br \/>\n<\/span><\/p>\n","protected":false},"featured_media":25836,"template":"","meta":{"_joinchat":[]},"product_brand":[],"product_cat":[135],"product_tag":[],"class_list":{"0":"post-7681","1":"product","2":"type-product","3":"status-publish","4":"has-post-thumbnail","6":"product_cat-parafusos-e-buchas","8":"first","9":"outofstock","10":"shipping-taxable","11":"product-type-simple"},"_links":{"self":[{"href":"https:\/\/www.multicasa.com.br\/inicio\/wp-json\/wp\/v2\/product\/7681","targetHints":{"allow":["GET"]}}],"collection":[{"href":"https:\/\/www.multicasa.com.br\/inicio\/wp-json\/wp\/v2\/product"}],"about":[{"href":"https:\/\/www.multicasa.com.br\/inicio\/wp-json\/wp\/v2\/types\/product"}],"wp:featuredmedia":[{"embeddable":true,"href":"https:\/\/www.multicasa.com.br\/inicio\/wp-json\/wp\/v2\/media\/25836"}],"wp:attachment":[{"href":"https:\/\/www.multicasa.com.br\/inicio\/wp-json\/wp\/v2\/media?parent=7681"}],"wp:term":[{"taxonomy":"product_brand","embeddable":true,"href":"https:\/\/www.multicasa.com.br\/inicio\/wp-json\/wp\/v2\/product_brand?post=7681"},{"taxonomy":"product_cat","embeddable":true,"href":"https:\/\/www.multicasa.com.br\/inicio\/wp-json\/wp\/v2\/product_cat?post=7681"},{"taxonomy":"product_tag","embeddable":true,"href":"https:\/\/www.multicasa.com.br\/inicio\/wp-json\/wp\/v2\/product_tag?post=7681"}],"curies":[{"name":"wp","href":"https:\/\/api.w.org\/{rel}","templated":true}]}}