{"id":7686,"date":"2025-06-20T17:24:53","date_gmt":"2025-06-20T21:24:53","guid":{"rendered":"https:\/\/www.multicasa.com.br\/inicio\/?post_type=product&#038;p=7686"},"modified":"2025-12-16T18:16:36","modified_gmt":"2025-12-16T22:16:36","slug":"regador-de-jardim-boulevard-sanremo-2l","status":"publish","type":"product","link":"https:\/\/www.multicasa.com.br\/inicio\/produto\/regador-de-jardim-boulevard-sanremo-2l\/","title":{"rendered":"Regador de Jardim Boulevard Sanremo 2L"},"content":{"rendered":"<p>Regador de Jardim Boulevard Sanremo, confeccionado em pl\u00e1stico com capacidade de 2L, al\u00e7a anat\u00f4mica e bico direcionador de 19 cm. \u00c9 indispenseavel para regar jardins, hortas, canteiros e at\u00e9 plantas que ficam em ambientes internos, pois seu bico impede o vazamento de \u00e1gua. Possui resina protetora contra raios uv e vai te ajudar a manter suas plantas saud\u00e1veis com praticidade no dia a dia!<\/p>\n","protected":false},"excerpt":{"rendered":"<h4 style=\"margin: 0px;padding: 0px 0px 16px;font-family: Lato, sans-serif;font-weight: bold;line-height: 3rem;color: var(--dark-grey3);font-size: 22px;font-style: normal;letter-spacing: normal;text-align: start;text-indent: 0px;text-transform: none\">Informa\u00e7\u00f5es t\u00e9cnicas<\/h4>\n<p><span style=\"margin: 0px;padding: 0px;font-weight: 450;font-size: 14px;line-height: 21px;color: var(--dark-grey2);font-family: Lato, sans-serif;font-style: normal;letter-spacing: normal;text-align: start;text-indent: 0px;text-transform: none\">Produto: Regador de Jardim<br \/>\nMarca: Sanremo<br \/>\nMaterial: Polietileno<br \/>\nAcabamento: Resina protetora contra raios UV<br \/>\nCor: Sortida<br \/>\nCapacidade: 2L<br \/>\nCaracter\u00edsticas: Possui al\u00e7a anat\u00f4mica<br \/>\nBico direcionador de 19cm<br \/>\nItens Inclusos: 1 Regador de Jardim<br \/>\nDimens\u00f5es do produto (A X L X P): 9,5 x 34,9 x 2,7cm<br \/>\n<\/span><\/p>\n","protected":false},"featured_media":7767,"template":"","meta":{"_joinchat":[]},"product_brand":[],"product_cat":[76],"product_tag":[],"class_list":{"0":"post-7686","1":"product","2":"type-product","3":"status-publish","4":"has-post-thumbnail","6":"product_cat-jardinagem","8":"first","9":"outofstock","10":"shipping-taxable","11":"product-type-simple"},"_links":{"self":[{"href":"https:\/\/www.multicasa.com.br\/inicio\/wp-json\/wp\/v2\/product\/7686","targetHints":{"allow":["GET"]}}],"collection":[{"href":"https:\/\/www.multicasa.com.br\/inicio\/wp-json\/wp\/v2\/product"}],"about":[{"href":"https:\/\/www.multicasa.com.br\/inicio\/wp-json\/wp\/v2\/types\/product"}],"wp:featuredmedia":[{"embeddable":true,"href":"https:\/\/www.multicasa.com.br\/inicio\/wp-json\/wp\/v2\/media\/7767"}],"wp:attachment":[{"href":"https:\/\/www.multicasa.com.br\/inicio\/wp-json\/wp\/v2\/media?parent=7686"}],"wp:term":[{"taxonomy":"product_brand","embeddable":true,"href":"https:\/\/www.multicasa.com.br\/inicio\/wp-json\/wp\/v2\/product_brand?post=7686"},{"taxonomy":"product_cat","embeddable":true,"href":"https:\/\/www.multicasa.com.br\/inicio\/wp-json\/wp\/v2\/product_cat?post=7686"},{"taxonomy":"product_tag","embeddable":true,"href":"https:\/\/www.multicasa.com.br\/inicio\/wp-json\/wp\/v2\/product_tag?post=7686"}],"curies":[{"name":"wp","href":"https:\/\/api.w.org\/{rel}","templated":true}]}}