{"id":7714,"date":"2025-06-20T17:25:17","date_gmt":"2025-06-20T21:25:17","guid":{"rendered":"https:\/\/www.multicasa.com.br\/inicio\/?post_type=product&#038;p=7714"},"modified":"2025-06-20T17:25:52","modified_gmt":"2025-06-20T21:25:52","slug":"rolo-de-pintura-la-de-carneiro-com-suporte-atlas-9cm","status":"publish","type":"product","link":"https:\/\/www.multicasa.com.br\/inicio\/produto\/rolo-de-pintura-la-de-carneiro-com-suporte-atlas-9cm\/","title":{"rendered":"Rolo de Pintura L\u00e3 de Carneiro com Suporte Atlas 9cm"},"content":{"rendered":"<p>Use o rolo de pintura feito de l\u00e3 de carneiro com suporte Atlas em superf\u00edcies semi-rugosas e aplique tinta l\u00e1tex, acr\u00edlica, PVA, \u00f3leo e esmalte. Feito de l\u00e3 natural tramada em tecido, mede 9cm.<\/p>\n","protected":false},"excerpt":{"rendered":"<h4 style=\"margin: 0px;padding: 0px 0px 16px;font-family: Lato, sans-serif;font-weight: bold;line-height: 3rem;color: var(--dark-grey3);font-size: 22px;font-style: normal;letter-spacing: normal;text-align: start;text-indent: 0px;text-transform: none\">Informa\u00e7\u00f5es t\u00e9cnicas<\/h4>\n<p><span style=\"margin: 0px;padding: 0px;font-weight: 450;font-size: 14px;line-height: 21px;color: var(--dark-grey2);font-family: Lato, sans-serif;font-style: normal;letter-spacing: normal;text-align: start;text-indent: 0px;text-transform: none\">Produto: Rolo de Pintura<br \/>\nMarca: Atlas<br \/>\nMaterial: L\u00e3 de carneiro<br \/>\nPolipropileno<br \/>\nCor: Branco e Vermelho<br \/>\nCaracter\u00edsticas: Para superf\u00edcies semi rugosas<br \/>\nAltura da l\u00e3 de 12mm<br \/>\nQuantidade de pe\u00e7as: 2<br \/>\nItens Inclusos: 1 Rolo de Pintura<br \/>\n1 Garfo para rolo de pintura<br \/>\nDimens\u00f5es do produto (A X L) : 12 x 9cm<\/span><\/p>\n","protected":false},"featured_media":7769,"template":"","meta":{"_joinchat":[]},"product_brand":[],"product_cat":[143],"product_tag":[],"class_list":{"0":"post-7714","1":"product","2":"type-product","3":"status-publish","4":"has-post-thumbnail","6":"product_cat-tintas-e-cia","8":"first","9":"outofstock","10":"shipping-taxable","11":"product-type-simple"},"_links":{"self":[{"href":"https:\/\/www.multicasa.com.br\/inicio\/wp-json\/wp\/v2\/product\/7714","targetHints":{"allow":["GET"]}}],"collection":[{"href":"https:\/\/www.multicasa.com.br\/inicio\/wp-json\/wp\/v2\/product"}],"about":[{"href":"https:\/\/www.multicasa.com.br\/inicio\/wp-json\/wp\/v2\/types\/product"}],"wp:featuredmedia":[{"embeddable":true,"href":"https:\/\/www.multicasa.com.br\/inicio\/wp-json\/wp\/v2\/media\/7769"}],"wp:attachment":[{"href":"https:\/\/www.multicasa.com.br\/inicio\/wp-json\/wp\/v2\/media?parent=7714"}],"wp:term":[{"taxonomy":"product_brand","embeddable":true,"href":"https:\/\/www.multicasa.com.br\/inicio\/wp-json\/wp\/v2\/product_brand?post=7714"},{"taxonomy":"product_cat","embeddable":true,"href":"https:\/\/www.multicasa.com.br\/inicio\/wp-json\/wp\/v2\/product_cat?post=7714"},{"taxonomy":"product_tag","embeddable":true,"href":"https:\/\/www.multicasa.com.br\/inicio\/wp-json\/wp\/v2\/product_tag?post=7714"}],"curies":[{"name":"wp","href":"https:\/\/api.w.org\/{rel}","templated":true}]}}