{"id":7715,"date":"2025-06-20T17:25:17","date_gmt":"2025-06-20T21:25:17","guid":{"rendered":"https:\/\/www.multicasa.com.br\/inicio\/?post_type=product&#038;p=7715"},"modified":"2026-03-24T10:00:16","modified_gmt":"2026-03-24T14:00:16","slug":"serrote-de-poda-utility-12-tramontina","status":"publish","type":"product","link":"https:\/\/www.multicasa.com.br\/inicio\/produto\/serrote-de-poda-utility-12-tramontina\/","title":{"rendered":"Serrote de Poda Utility 12&#8243; Tramontina"},"content":{"rendered":"<p>O Serrote de Poda Utility Tramontina \u00e9 pr\u00f3prio para poda em jardins e em tarefas de camping, corte de galhos em madeiras \u00famidas, secas e verdes. Possui cabo de madeira com formato ergon\u00f4mico, proporcionando maior conforto durante o uso e l\u00e2mina em a\u00e7o carbono temperado com camada de verniz anticorrosiva, al\u00e9m de ser lixado com dentes travados. S\u00e3o 5 dentes por polegada e tem prote\u00e7\u00e3o pl\u00e1stica para os dentes.<br \/>\nPara sua seguran\u00e7a, as ferramentas Tramontina s\u00e3o submetidas a testes de aplica\u00e7\u00e3o pr\u00e1tica para garantir sua resist\u00eancia em uso intenso.<\/p>\n","protected":false},"excerpt":{"rendered":"<h4 style=\"margin: 0px;padding: 0px 0px 16px;font-family: Lato, sans-serif;font-weight: bold;line-height: 3rem;color: var(--dark-grey3);font-size: 22px;font-style: normal;letter-spacing: normal;text-align: start;text-indent: 0px;text-transform: none\">Informa\u00e7\u00f5es t\u00e9cnicas<\/h4>\n<p><span style=\"margin: 0px;padding: 0px;font-weight: 450;font-size: 14px;line-height: 21px;color: var(--dark-grey2);font-family: Lato, sans-serif;font-style: normal;letter-spacing: normal;text-align: start;text-indent: 0px;text-transform: none\">Produto: Serrote<br \/>\nMarca: Tramontina<br \/>\nMaterial: A\u00e7o alto carbono temperado<br \/>\nCabo de madeira<br \/>\nAcabamento: Lixado<br \/>\nCabo envernizado<br \/>\nCor: Prata e natural<br \/>\nCaracter\u00edsticas: Para poda<br \/>\n5 dentes por polegada<br \/>\nDentes travados<br \/>\nProte\u00e7\u00e3o pl\u00e1stica para os dentes<br \/>\nItens Inclusos: 1 Serrote<br \/>\nDimens\u00f5es do produto em polegadas: 12&#8243;<br \/>\nDimens\u00f5es do produto (A X L X P): 2,1 x 42,7 x 8,8cm<br \/>\n<\/span><\/p>\n","protected":false},"featured_media":7771,"template":"","meta":{"_joinchat":[]},"product_brand":[],"product_cat":[76],"product_tag":[],"class_list":{"0":"post-7715","1":"product","2":"type-product","3":"status-publish","4":"has-post-thumbnail","6":"product_cat-jardinagem","8":"first","9":"instock","10":"shipping-taxable","11":"purchasable","12":"product-type-simple"},"_links":{"self":[{"href":"https:\/\/www.multicasa.com.br\/inicio\/wp-json\/wp\/v2\/product\/7715","targetHints":{"allow":["GET"]}}],"collection":[{"href":"https:\/\/www.multicasa.com.br\/inicio\/wp-json\/wp\/v2\/product"}],"about":[{"href":"https:\/\/www.multicasa.com.br\/inicio\/wp-json\/wp\/v2\/types\/product"}],"wp:featuredmedia":[{"embeddable":true,"href":"https:\/\/www.multicasa.com.br\/inicio\/wp-json\/wp\/v2\/media\/7771"}],"wp:attachment":[{"href":"https:\/\/www.multicasa.com.br\/inicio\/wp-json\/wp\/v2\/media?parent=7715"}],"wp:term":[{"taxonomy":"product_brand","embeddable":true,"href":"https:\/\/www.multicasa.com.br\/inicio\/wp-json\/wp\/v2\/product_brand?post=7715"},{"taxonomy":"product_cat","embeddable":true,"href":"https:\/\/www.multicasa.com.br\/inicio\/wp-json\/wp\/v2\/product_cat?post=7715"},{"taxonomy":"product_tag","embeddable":true,"href":"https:\/\/www.multicasa.com.br\/inicio\/wp-json\/wp\/v2\/product_tag?post=7715"}],"curies":[{"name":"wp","href":"https:\/\/api.w.org\/{rel}","templated":true}]}}