{"id":7746,"date":"2025-06-20T17:25:38","date_gmt":"2025-06-20T21:25:38","guid":{"rendered":"https:\/\/www.multicasa.com.br\/inicio\/?post_type=product&#038;p=7746"},"modified":"2025-06-23T10:42:34","modified_gmt":"2025-06-23T14:42:34","slug":"trava-porta-stop-door-cinza-ordene","status":"publish","type":"product","link":"https:\/\/www.multicasa.com.br\/inicio\/produto\/trava-porta-stop-door-cinza-ordene\/","title":{"rendered":"Trava Porta Stop Door Cinza Ordene"},"content":{"rendered":"<p>A Trava Porta Stop Door Ordene \u00e9 ideal para travar com seguran\u00e7a as portas da sua casa ou empresa. \u00c9 discreta e pr\u00e1tica, basta empurrar a trava para solucionar o problema. A cunha para porta \u00e9 confeccionada em material super resistente na cor cinza.<\/p>\n","protected":false},"excerpt":{"rendered":"<h4 style=\"margin: 0px;padding: 0px 0px 16px;font-family: Lato, sans-serif;font-weight: bold;line-height: 3rem;color: var(--dark-grey3);font-size: 22px;font-style: normal;letter-spacing: normal;text-align: start;text-indent: 0px;text-transform: none\">Informa\u00e7\u00f5es t\u00e9cnicas<\/h4>\n<p><span style=\"margin: 0px;padding: 0px;font-weight: 450;font-size: 14px;line-height: 21px;color: var(--dark-grey2);font-family: Lato, sans-serif;font-style: normal;letter-spacing: normal;text-align: start;text-indent: 0px;text-transform: none\">Produto: Trava Porta<br \/>\nMarca: Ordene<br \/>\nMaterial: Alum\u00ednio fundido<br \/>\nCor: Cinza<br \/>\nCaracter\u00edsticas: Super resistente<br \/>\nItens inclusos: 3 Trava Porta<br \/>\nDimens\u00f5es do produto (A X L X P): 34 x 106 x 22mm<br \/>\n<\/span><\/p>\n","protected":false},"featured_media":26160,"template":"","meta":{"_joinchat":[]},"product_brand":[],"product_cat":[141],"product_tag":[],"class_list":{"0":"post-7746","1":"product","2":"type-product","3":"status-publish","4":"has-post-thumbnail","6":"product_cat-marcenaria","8":"first","9":"outofstock","10":"shipping-taxable","11":"product-type-simple"},"_links":{"self":[{"href":"https:\/\/www.multicasa.com.br\/inicio\/wp-json\/wp\/v2\/product\/7746","targetHints":{"allow":["GET"]}}],"collection":[{"href":"https:\/\/www.multicasa.com.br\/inicio\/wp-json\/wp\/v2\/product"}],"about":[{"href":"https:\/\/www.multicasa.com.br\/inicio\/wp-json\/wp\/v2\/types\/product"}],"wp:featuredmedia":[{"embeddable":true,"href":"https:\/\/www.multicasa.com.br\/inicio\/wp-json\/wp\/v2\/media\/26160"}],"wp:attachment":[{"href":"https:\/\/www.multicasa.com.br\/inicio\/wp-json\/wp\/v2\/media?parent=7746"}],"wp:term":[{"taxonomy":"product_brand","embeddable":true,"href":"https:\/\/www.multicasa.com.br\/inicio\/wp-json\/wp\/v2\/product_brand?post=7746"},{"taxonomy":"product_cat","embeddable":true,"href":"https:\/\/www.multicasa.com.br\/inicio\/wp-json\/wp\/v2\/product_cat?post=7746"},{"taxonomy":"product_tag","embeddable":true,"href":"https:\/\/www.multicasa.com.br\/inicio\/wp-json\/wp\/v2\/product_tag?post=7746"}],"curies":[{"name":"wp","href":"https:\/\/api.w.org\/{rel}","templated":true}]}}