{"id":7748,"date":"2025-06-20T17:25:38","date_gmt":"2025-06-20T21:25:38","guid":{"rendered":"https:\/\/www.multicasa.com.br\/inicio\/?post_type=product&#038;p=7748"},"modified":"2025-08-17T19:00:11","modified_gmt":"2025-08-17T23:00:11","slug":"parafusadeira-e-furadeira-black-decker-ld008-bivolt-3-8-8v","status":"publish","type":"product","link":"https:\/\/www.multicasa.com.br\/inicio\/produto\/parafusadeira-e-furadeira-black-decker-ld008-bivolt-3-8-8v\/","title":{"rendered":"Parafusadeira e Furadeira Black + Decker LD008 Bivolt 3\/8 8V"},"content":{"rendered":"<p>A Parafusadeira e Furadeira Black + Decker modelo LD008 \u00e9 perfeita para apertar e desapertar parafusos e perfurar superf\u00edcies. Com bateria de l\u00edtio \u00edon que proporciona maior vida \u00fatil. Empunhadura emborrachada e controle de torque de 11 posi\u00e7\u00f5es trazendo mais facilidade para dimensionar as tarefas de acordo com a necessidade. Possui mandril de 3\/8 (10mm) de aperto r\u00e1pido e duas velocidades. Op\u00e7\u00e3o ideal para quem busca otimizar tempo na oficina ou no trabalho.<\/p>\n","protected":false},"excerpt":{"rendered":"<h4 style=\"margin: 0px;padding: 0px 0px 16px;font-family: Lato, sans-serif;font-weight: bold;line-height: 3rem;color: var(--dark-grey3);font-size: 22px;font-style: normal;letter-spacing: normal;text-align: start;text-indent: 0px;text-transform: none\">Informa\u00e7\u00f5es t\u00e9cnicas<\/h4>\n<p><span style=\"margin: 0px;padding: 0px;font-weight: 450;font-size: 14px;line-height: 21px;color: var(--dark-grey2);font-family: Lato, sans-serif;font-style: normal;letter-spacing: normal;text-align: start;text-indent: 0px;text-transform: none\">Produto: Furadeira\/Parafusadeira<br \/>\nMarca: Black + Decker<br \/>\nModelo: LD008<br \/>\nCor: Laranja e preto<br \/>\nTens\u00e3o el\u00e9trica do carregador: 127-220v<br \/>\nPot\u00eancia da bateria: 8v<br \/>\nRota\u00e7\u00e3o: 0-400 | 0-1400 RPM<br \/>\nMandril: 3\/8 (10mm)<br \/>\nCaracter\u00edsticas: Controle de torque de 11 posi\u00e7\u00f5es<br \/>\nEmpunhadura emborrachada<br \/>\n2 velocidades<br \/>\nQuantidade de pe\u00e7as: 3<br \/>\nItens Inclusos: 1 Parafusadeira<br \/>\n1 Carregador de parede<br \/>\n1 Broca<br \/>\nDimens\u00f5es do produto (A X L): 19 x 17cm<br \/>\nGarantia: 12 meses pelo fabricante<br \/>\n<\/span><\/p>\n","protected":false},"featured_media":7814,"template":"","meta":{"_joinchat":[]},"product_brand":[],"product_cat":[152],"product_tag":[],"class_list":{"0":"post-7748","1":"product","2":"type-product","3":"status-publish","4":"has-post-thumbnail","6":"product_cat-ferramentas-eletricas","8":"first","9":"outofstock","10":"shipping-taxable","11":"purchasable","12":"product-type-simple"},"_links":{"self":[{"href":"https:\/\/www.multicasa.com.br\/inicio\/wp-json\/wp\/v2\/product\/7748","targetHints":{"allow":["GET"]}}],"collection":[{"href":"https:\/\/www.multicasa.com.br\/inicio\/wp-json\/wp\/v2\/product"}],"about":[{"href":"https:\/\/www.multicasa.com.br\/inicio\/wp-json\/wp\/v2\/types\/product"}],"wp:featuredmedia":[{"embeddable":true,"href":"https:\/\/www.multicasa.com.br\/inicio\/wp-json\/wp\/v2\/media\/7814"}],"wp:attachment":[{"href":"https:\/\/www.multicasa.com.br\/inicio\/wp-json\/wp\/v2\/media?parent=7748"}],"wp:term":[{"taxonomy":"product_brand","embeddable":true,"href":"https:\/\/www.multicasa.com.br\/inicio\/wp-json\/wp\/v2\/product_brand?post=7748"},{"taxonomy":"product_cat","embeddable":true,"href":"https:\/\/www.multicasa.com.br\/inicio\/wp-json\/wp\/v2\/product_cat?post=7748"},{"taxonomy":"product_tag","embeddable":true,"href":"https:\/\/www.multicasa.com.br\/inicio\/wp-json\/wp\/v2\/product_tag?post=7748"}],"curies":[{"name":"wp","href":"https:\/\/api.w.org\/{rel}","templated":true}]}}