{"id":7749,"date":"2025-06-20T17:25:38","date_gmt":"2025-06-20T21:25:38","guid":{"rendered":"https:\/\/www.multicasa.com.br\/inicio\/?post_type=product&#038;p=7749"},"modified":"2025-06-20T17:26:22","modified_gmt":"2025-06-20T21:26:22","slug":"trena-laser-stanley-15m","status":"publish","type":"product","link":"https:\/\/www.multicasa.com.br\/inicio\/produto\/trena-laser-stanley-15m\/","title":{"rendered":"Trena Laser Stanley 15m"},"content":{"rendered":"<p>A Trena a laser Stanley tem o alcance m\u00e1ximo de 15m e \u00e9 um perfeito medidor a dist\u00e2ncia. Um bot\u00e3o apenas para opera\u00e7\u00e3o (medidas em metros e polegadas), com prote\u00e7\u00e3o emborrachada nas laterais. Painel luminoso com indicador de n\u00edvel de pilha e desligamento autom\u00e1tico ap\u00f3s 30 segundos. Com precis\u00e3o de 0,32cm. Compacto e leve, pode ser facilmente guardado e levado para qualquer lugar.<\/p>\n","protected":false},"excerpt":{"rendered":"<h4 style=\"margin: 0px;padding: 0px 0px 16px;font-family: Lato, sans-serif;font-weight: bold;line-height: 3rem;color: var(--dark-grey3);font-size: 22px;font-style: normal;letter-spacing: normal;text-align: start;text-indent: 0px;text-transform: none\">Informa\u00e7\u00f5es t\u00e9cnicas<\/h4>\n<p><span style=\"margin: 0px;padding: 0px;font-weight: 450;font-size: 14px;line-height: 21px;color: var(--dark-grey2);font-family: Lato, sans-serif;font-style: normal;letter-spacing: normal;text-align: start;text-indent: 0px;text-transform: none\"><br \/>\nProduto: Trena<br \/>\nMarca: Stanley<br \/>\nMaterial: prote\u00e7\u00e3o emborrachada nas laterais<br \/>\nCor: amarelo, preto<br \/>\nAlimenta\u00e7\u00e3o: 2 pilhas AAA<br \/>\nCaracter\u00edsticas: comprimento da fita de 15 metros<br \/>\nDimens\u00f5es do Produto (A X L X P): 11,5 x 2,5 x 4,5cm<\/span><\/p>\n","protected":false},"featured_media":7816,"template":"","meta":{"_joinchat":[]},"product_brand":[],"product_cat":[152],"product_tag":[],"class_list":{"0":"post-7749","1":"product","2":"type-product","3":"status-publish","4":"has-post-thumbnail","6":"product_cat-ferramentas-eletricas","8":"first","9":"outofstock","10":"shipping-taxable","11":"product-type-simple"},"_links":{"self":[{"href":"https:\/\/www.multicasa.com.br\/inicio\/wp-json\/wp\/v2\/product\/7749","targetHints":{"allow":["GET"]}}],"collection":[{"href":"https:\/\/www.multicasa.com.br\/inicio\/wp-json\/wp\/v2\/product"}],"about":[{"href":"https:\/\/www.multicasa.com.br\/inicio\/wp-json\/wp\/v2\/types\/product"}],"wp:featuredmedia":[{"embeddable":true,"href":"https:\/\/www.multicasa.com.br\/inicio\/wp-json\/wp\/v2\/media\/7816"}],"wp:attachment":[{"href":"https:\/\/www.multicasa.com.br\/inicio\/wp-json\/wp\/v2\/media?parent=7749"}],"wp:term":[{"taxonomy":"product_brand","embeddable":true,"href":"https:\/\/www.multicasa.com.br\/inicio\/wp-json\/wp\/v2\/product_brand?post=7749"},{"taxonomy":"product_cat","embeddable":true,"href":"https:\/\/www.multicasa.com.br\/inicio\/wp-json\/wp\/v2\/product_cat?post=7749"},{"taxonomy":"product_tag","embeddable":true,"href":"https:\/\/www.multicasa.com.br\/inicio\/wp-json\/wp\/v2\/product_tag?post=7749"}],"curies":[{"name":"wp","href":"https:\/\/api.w.org\/{rel}","templated":true}]}}